{"id":1103,"date":"2023-12-18T17:45:20","date_gmt":"2023-12-18T17:45:20","guid":{"rendered":"https:\/\/www.rotorscio37.it\/leiodes-fallen\/"},"modified":"2026-02-16T15:39:27","modified_gmt":"2026-02-16T15:39:27","slug":"leiodes-fallen","status":"publish","type":"page","link":"https:\/\/www.rotorscio37.it\/de\/leiodes-fallen\/","title":{"rendered":"LEIODES-FALLEN"},"content":{"rendered":"<p>[et_pb_section fb_built=&#8220;1&#8243; _builder_version=&#8220;4.23.1&#8243; _module_preset=&#8220;default&#8220; custom_padding=&#8220;0px||0px|||&#8220; locked=&#8220;off&#8220; global_colors_info=&#8220;{}&#8220;][et_pb_row column_structure=&#8220;1_5,1_5,1_5,1_5,1_5&#8243; use_custom_gutter=&#8220;on&#8220; gutter_width=&#8220;1&#8243; _builder_version=&#8220;4.23.1&#8243; _module_preset=&#8220;default&#8220; width=&#8220;90%&#8220; max_width=&#8220;2560px&#8220; custom_padding=&#8220;5px|||||&#8220; global_colors_info=&#8220;{}&#8220;][et_pb_column type=&#8220;1_5&#8243; _builder_version=&#8220;4.23.1&#8243; _module_preset=&#8220;default&#8220; global_colors_info=&#8220;{}&#8220;][et_pb_button button_url=&#8220;@ET-DC@eyJkeW5hbWljIjp0cnVlLCJjb250ZW50IjoicG9zdF9saW5rX3VybF9wYWdlIiwic2V0dGluZ3MiOnsicG9zdF9pZCI6IjE3IiwiZW5hYmxlX2h0bWwiOiJvZmYifX0=@&#8220; button_text=&#8220;mykorrhizierte Pflanzen&#8220; button_alignment=&#8220;center&#8220; _builder_version=&#8220;4.27.5&#8243; _dynamic_attributes=&#8220;button_url&#8220; _module_preset=&#8220;default&#8220; custom_button=&#8220;on&#8220; button_text_size=&#8220;16px&#8220; button_text_color=&#8220;#000000&#8243; button_bg_color=&#8220;#FFFFFF&#8220; button_border_color=&#8220;RGBA(255,255,255,0)&#8220; button_font=&#8220;Roboto|700||on|||||&#8220; global_colors_info=&#8220;{}&#8220;][\/et_pb_button][\/et_pb_column][et_pb_column type=&#8220;1_5&#8243; _builder_version=&#8220;4.23.1&#8243; _module_preset=&#8220;default&#8220; global_colors_info=&#8220;{}&#8220;][et_pb_button button_url=&#8220;@ET-DC@eyJkeW5hbWljIjp0cnVlLCJjb250ZW50IjoicG9zdF9saW5rX3VybF9wYWdlIiwic2V0dGluZ3MiOnsicG9zdF9pZCI6IjMwMyIsImVuYWJsZV9odG1sIjoib2ZmIn19@&#8220; button_text=&#8220;Begleitpflanzen&#8220; button_alignment=&#8220;center&#8220; _builder_version=&#8220;4.23.1&#8243; _dynamic_attributes=&#8220;button_url&#8220; _module_preset=&#8220;default&#8220; custom_button=&#8220;on&#8220; button_text_size=&#8220;16px&#8220; button_text_color=&#8220;#000000&#8243; button_bg_color=&#8220;#FFFFFF&#8220; button_border_color=&#8220;RGBA(255,255,255,0)&#8220; button_font=&#8220;Roboto|700||on|||||&#8220; global_colors_info=&#8220;{}&#8220;][\/et_pb_button][\/et_pb_column][et_pb_column type=&#8220;1_5&#8243; _builder_version=&#8220;4.23.1&#8243; _module_preset=&#8220;default&#8220; global_colors_info=&#8220;{}&#8220;][et_pb_button button_url=&#8220;@ET-DC@eyJkeW5hbWljIjp0cnVlLCJjb250ZW50IjoicG9zdF9saW5rX3VybF9wYWdlIiwic2V0dGluZ3MiOnsicG9zdF9pZCI6IjE5IiwiZW5hYmxlX2h0bWwiOiJvZmYifX0=@&#8220; button_text=&#8220;Sporeninokulum&#8220; button_alignment=&#8220;center&#8220; _builder_version=&#8220;4.23.1&#8243; _dynamic_attributes=&#8220;button_url&#8220; _module_preset=&#8220;default&#8220; custom_button=&#8220;on&#8220; button_text_size=&#8220;16px&#8220; button_text_color=&#8220;#000000&#8243; button_bg_color=&#8220;#FFFFFF&#8220; button_border_color=&#8220;RGBA(255,255,255,0)&#8220; button_font=&#8220;Roboto|700||on|||||&#8220; global_colors_info=&#8220;{}&#8220;][\/et_pb_button][\/et_pb_column][et_pb_column type=&#8220;1_5&#8243; _builder_version=&#8220;4.23.1&#8243; _module_preset=&#8220;default&#8220; global_colors_info=&#8220;{}&#8220;][et_pb_button button_url=&#8220;@ET-DC@eyJkeW5hbWljIjp0cnVlLCJjb250ZW50IjoicG9zdF9saW5rX3VybF9wYWdlIiwic2V0dGluZ3MiOnsicG9zdF9pZCI6IjMxMCIsImVuYWJsZV9odG1sIjoib2ZmIn19@&#8220; button_text=&#8220;LEIODES-FALLEN&#8220; button_alignment=&#8220;center&#8220; _builder_version=&#8220;4.23.1&#8243; _dynamic_attributes=&#8220;button_url&#8220; _module_preset=&#8220;default&#8220; custom_button=&#8220;on&#8220; button_text_size=&#8220;16px&#8220; button_text_color=&#8220;#000000&#8243; button_bg_color=&#8220;#FFFFFF&#8220; button_border_color=&#8220;RGBA(255,255,255,0)&#8220; button_font=&#8220;Roboto|700||on|||||&#8220; global_colors_info=&#8220;{}&#8220;][\/et_pb_button][\/et_pb_column][et_pb_column type=&#8220;1_5&#8243; _builder_version=&#8220;4.23.1&#8243; _module_preset=&#8220;default&#8220; global_colors_info=&#8220;{}&#8220;][et_pb_button button_url=&#8220;@ET-DC@eyJkeW5hbWljIjp0cnVlLCJjb250ZW50IjoicG9zdF9saW5rX3VybF9wYWdlIiwic2V0dGluZ3MiOnsicG9zdF9pZCI6IjE1IiwiZW5hYmxlX2h0bWwiOiJvZmYifX0=@&#8220; button_text=&#8220;Warum Tr\u00fcffel anbauen?&#8220; button_alignment=&#8220;center&#8220; _builder_version=&#8220;4.23.1&#8243; _dynamic_attributes=&#8220;button_url&#8220; _module_preset=&#8220;default&#8220; custom_button=&#8220;on&#8220; button_text_size=&#8220;16px&#8220; button_text_color=&#8220;#000000&#8243; button_bg_color=&#8220;#FFFFFF&#8220; button_border_color=&#8220;RGBA(255,255,255,0)&#8220; button_font=&#8220;Roboto|700||on|||||&#8220; global_colors_info=&#8220;{}&#8220;][\/et_pb_button][\/et_pb_column][\/et_pb_row][\/et_pb_section][et_pb_section fb_built=&#8220;1&#8243; fullwidth=&#8220;on&#8220; admin_label=&#8220;Hero Section&#8220; _builder_version=&#8220;4.23.1&#8243; background_color=&#8220;#233b4e&#8220; parallax=&#8220;on&#8220; custom_padding=&#8220;0px|0px|0px|0px&#8220; global_colors_info=&#8220;{}&#8220;][et_pb_fullwidth_header title=&#8220;LEIODES-FALLEN&#8220; header_fullscreen=&#8220;on&#8220; button_one_url=&#8220;#piante&#8220; background_overlay_color=&#8220;rgba(29,38,51,0.86)&#8220; content_max_width=&#8220;700px&#8220; admin_label=&#8220;Hero&#8220; _builder_version=&#8220;4.23.1&#8243; title_font=&#8220;Oswald|on||on|&#8220; title_font_size=&#8220;80px&#8220; title_line_height=&#8220;1.3em&#8220; content_font=&#8220;Roboto||||&#8220; content_font_size=&#8220;20px&#8220; background_color=&#8220;rgba(255, 255, 255, 0)&#8220; background_image=&#8220;https:\/\/www.rotorscio37.it\/wp-content\/uploads\/2023\/12\/piante_tartufigine.jpg&#8220; parallax=&#8220;on&#8220; parallax_method=&#8220;on&#8220; custom_button_one=&#8220;on&#8220; button_one_border_radius=&#8220;0px&#8220; button_one_letter_spacing=&#8220;4px&#8220; button_one_font=&#8220;Oswald|on||on|&#8220; button_one_icon=&#8220;&#x24;||divi||400&#8243; button_one_icon_color=&#8220;#ffffff&#8220; animation_style=&#8220;zoom&#8220; animation_direction=&#8220;bottom&#8220; animation_intensity_zoom=&#8220;4%&#8220; button_one_text_color_hover=&#8220;#ffffff&#8220; button_one_border_color_hover=&#8220;#ffffff&#8220; button_one_border_radius_hover=&#8220;0px&#8220; button_one_letter_spacing_hover=&#8220;4px&#8220; button_one_bg_color_hover=&#8220;rgba(0,0,0,0)&#8220; global_colors_info=&#8220;{}&#8220; button_one_text_size__hover_enabled=&#8220;off&#8220; button_two_text_size__hover_enabled=&#8220;off&#8220; button_one_text_color__hover_enabled=&#8220;on&#8220; button_one_text_color__hover=&#8220;#ffffff&#8220; button_two_text_color__hover_enabled=&#8220;off&#8220; button_one_border_width__hover_enabled=&#8220;off&#8220; button_two_border_width__hover_enabled=&#8220;off&#8220; button_one_border_color__hover_enabled=&#8220;on&#8220; button_one_border_color__hover=&#8220;#ffffff&#8220; button_two_border_color__hover_enabled=&#8220;off&#8220; button_one_border_radius__hover_enabled=&#8220;on&#8220; button_one_border_radius__hover=&#8220;0px&#8220; button_two_border_radius__hover_enabled=&#8220;off&#8220; button_one_letter_spacing__hover_enabled=&#8220;on&#8220; button_one_letter_spacing__hover=&#8220;4px&#8220; button_two_letter_spacing__hover_enabled=&#8220;off&#8220; button_one_bg_color__hover_enabled=&#8220;on&#8220; button_one_bg_color__hover=&#8220;rgba(0,0,0,0)&#8220; button_two_bg_color__hover_enabled=&#8220;off&#8220;][\/et_pb_fullwidth_header][\/et_pb_section][et_pb_section fb_built=&#8220;1&#8243; _builder_version=&#8220;4.16&#8243; custom_padding=&#8220;110px||110px|&#8220; global_colors_info=&#8220;{}&#8220;][et_pb_row column_structure=&#8220;1_2,1_2&#8243; _builder_version=&#8220;4.16&#8243; global_colors_info=&#8220;{}&#8220;][et_pb_column type=&#8220;1_2&#8243; _builder_version=&#8220;4.16&#8243; custom_padding=&#8220;|||&#8220; global_colors_info=&#8220;{}&#8220; custom_padding__hover=&#8220;|||&#8220;][et_pb_text admin_label=&#8220;Discover Beatuty Title&#8220; _builder_version=&#8220;4.27.5&#8243; text_font=&#8220;||||&#8220; text_text_color=&#8220;#1a1a1a&#8220; header_font=&#8220;Oswald|on||on|&#8220; header_text_align=&#8220;left&#8220; header_font_size=&#8220;49px&#8220; header_line_height=&#8220;1.3em&#8220; animation_style=&#8220;slide&#8220; animation_direction=&#8220;top&#8220; animation_intensity_slide=&#8220;10%&#8220; hover_enabled=&#8220;0&#8243; global_colors_info=&#8220;{}&#8220; sticky_enabled=&#8220;0&#8243;]<\/p>\n<h1>Leiodes-Fallen: \u00dcberwachung und Bek\u00e4mpfung von Sch\u00e4dlingen im Tr\u00fcffelhain<\/h1>\n<p>[\/et_pb_text][et_pb_divider color=&#8220;#ed4441&#8243; divider_position=&#8220;center&#8220; divider_weight=&#8220;3px&#8220; disabled_on=&#8220;off|off|off&#8220; _builder_version=&#8220;4.16&#8243; max_width=&#8220;150px&#8220; height=&#8220;false&#8220; animation_style=&#8220;slide&#8220; animation_direction=&#8220;top&#8220; animation_delay=&#8220;100ms&#8220; animation_intensity_slide=&#8220;10%&#8220; global_colors_info=&#8220;{}&#8220;][\/et_pb_divider][\/et_pb_column][et_pb_column type=&#8220;1_2&#8243; _builder_version=&#8220;4.16&#8243; custom_padding=&#8220;|||&#8220; global_colors_info=&#8220;{}&#8220; custom_padding__hover=&#8220;|||&#8220;][et_pb_text admin_label=&#8220;Discover Beatuty Text&#8220; _builder_version=&#8220;4.27.5&#8243; text_font=&#8220;Roboto||||&#8220; text_font_size=&#8220;16px&#8220; text_line_height=&#8220;1.9em&#8220; custom_padding=&#8220;30px|||&#8220; animation_style=&#8220;slide&#8220; animation_direction=&#8220;top&#8220; animation_delay=&#8220;200ms&#8220; animation_intensity_slide=&#8220;10%&#8220; global_colors_info=&#8220;{}&#8220;]<\/p>\n<p style=\"text-align: justify;\">Bei der professionellen Bewirtschaftung eines Tr\u00fcffelhains ist es unerl\u00e4sslich, die Produktion vor sch\u00e4dlichen Insekten wie dem <strong data-start=\"1325\" data-end=\"1359\">Tr\u00fcffelk\u00e4fer Leiodes cinnamomeus<\/strong> zu sch\u00fctzen, der auch als <em data-start=\"1377\" data-end=\"1393\">Truffle Beetle<\/em> bekannt ist und dessen Larven sowie ausgewachsene Tiere erhebliche Sch\u00e4den an den Tr\u00fcffeln verursachen k\u00f6nnen. <strong data-start=\"1468\" data-end=\"1488\">Leiodes-Fallen<\/strong> stellen eine technische L\u00f6sung f\u00fcr die <strong data-start=\"1532\" data-end=\"1577\">\u00dcberwachung von Insektenpopulationen<\/strong> und die Einf\u00fchrung integrierter Bek\u00e4mpfungsstrategien dar, wodurch Sch\u00e4den reduziert und die Qualit\u00e4t sowie der Ertrag der Produkte verbessert werden. <\/p>\n<p style=\"text-align: justify;\">Rotorscio37 integriert diese Techniken in seinen Ansatz der <a href=\"https:\/\/www.rotorscio37.it\/de\/wie-wir-arbeiten\/\">agronomischen Beratung<\/a>, um <strong>innovative und umweltfreundliche L\u00f6sungen<\/strong> f\u00fcr das Sch\u00e4dlingsmanagement in produktiven Tr\u00fcffelhainen anzubieten.<\/p>\n<p style=\"text-align: justify;\"><strong>LeioTrap<\/strong> und <strong>LeioBait <\/strong>wurden 1995 genau mit diesem Ziel ins Leben gerufen: die Entwicklung und Erstellung erfolgreicher Strategien zur Bek\u00e4mpfung von Schadinsekten.<\/p>\n<p style=\"text-align: justify;\">Diese aus umweltfreundlichen Materialien gefertigten Fallen sind sicher f\u00fcr die Umwelt und hochwirksam beim Fang einer breiten Palette st\u00f6render Insekten. Ihre fortschrittliche Technologie basiert auf \u00f6kologischen Prinzipien und gew\u00e4hrleistet eine gezielte Wirkung sowie minimale Auswirkungen auf das umgebende \u00d6kosystem. <\/p>\n<p>[\/et_pb_text][\/et_pb_column][\/et_pb_row][et_pb_row _builder_version=&#8220;4.23.1&#8243; _module_preset=&#8220;default&#8220; global_colors_info=&#8220;{}&#8220;][et_pb_column type=&#8220;4_4&#8243; _builder_version=&#8220;4.23.1&#8243; _module_preset=&#8220;default&#8220; global_colors_info=&#8220;{}&#8220;][et_pb_image src=&#8220;https:\/\/www.rotorscio37.it\/wp-content\/uploads\/2023\/12\/trappole-scaled.jpg&#8220; title_text=&#8220;Fallen&#8220; _builder_version=&#8220;4.23.1&#8243; _module_preset=&#8220;default&#8220; global_colors_info=&#8220;{}&#8220;][\/et_pb_image][\/et_pb_column][\/et_pb_row][\/et_pb_section][et_pb_section fb_built=&#8220;1&#8243; _builder_version=&#8220;4.16&#8243; background_color=&#8220;#f4f4f4&#8243; custom_padding=&#8220;110px||110px|&#8220; global_colors_info=&#8220;{}&#8220;][et_pb_row column_structure=&#8220;1_2,1_2&#8243; _builder_version=&#8220;4.16&#8243; global_colors_info=&#8220;{}&#8220;][et_pb_column type=&#8220;1_2&#8243; _builder_version=&#8220;4.16&#8243; custom_padding=&#8220;|||&#8220; global_colors_info=&#8220;{}&#8220; custom_padding__hover=&#8220;|||&#8220;][et_pb_text admin_label=&#8220;Top Destination Title&#8220; _builder_version=&#8220;4.27.5&#8243; text_font=&#8220;||||&#8220; text_text_color=&#8220;#1a1a1a&#8220; header_font=&#8220;Oswald|on||on|&#8220; header_text_align=&#8220;left&#8220; header_font_size=&#8220;60px&#8220; header_line_height=&#8220;1.3em&#8220; custom_margin=&#8220;|||&#8220; custom_padding=&#8220;|||&#8220; animation_style=&#8220;slide&#8220; animation_direction=&#8220;top&#8220; animation_intensity_slide=&#8220;10%&#8220; locked=&#8220;off&#8220; global_colors_info=&#8220;{}&#8220;]<\/p>\n<h1><strong>Warum LeioTrap und LeioBait w\u00e4hlen?<\/strong><\/h1>\n<p>[\/et_pb_text][et_pb_divider color=&#8220;#ed4441&#8243; divider_position=&#8220;center&#8220; divider_weight=&#8220;3px&#8220; disabled_on=&#8220;off|off|off&#8220; _builder_version=&#8220;4.16&#8243; max_width=&#8220;150px&#8220; height=&#8220;false&#8220; animation_style=&#8220;slide&#8220; animation_direction=&#8220;top&#8220; animation_delay=&#8220;100ms&#8220; animation_intensity_slide=&#8220;10%&#8220; locked=&#8220;off&#8220; global_colors_info=&#8220;{}&#8220;][\/et_pb_divider][\/et_pb_column][et_pb_column type=&#8220;1_2&#8243; _builder_version=&#8220;4.16&#8243; custom_padding=&#8220;|||&#8220; global_colors_info=&#8220;{}&#8220; custom_padding__hover=&#8220;|||&#8220;][et_pb_text admin_label=&#8220;Top Destination Text&#8220; _builder_version=&#8220;4.27.5&#8243; text_font=&#8220;Roboto||||&#8220; text_font_size=&#8220;16px&#8220; text_line_height=&#8220;1.9em&#8220; custom_padding=&#8220;||60px|&#8220; animation_style=&#8220;slide&#8220; animation_direction=&#8220;top&#8220; animation_intensity_slide=&#8220;4%&#8220; locked=&#8220;off&#8220; global_colors_info=&#8220;{}&#8220;]<\/p>\n<h2 style=\"text-align: justify;\"><strong>Umweltvertr\u00e4glichkeit<\/strong><\/h2>\n<p style=\"text-align: justify;\">Beide Produkte wurden mit einem starken Engagement f\u00fcr Nachhaltigkeit und Umweltschutz entwickelt.<\/p>\n<h2 style=\"text-align: justify;\"><strong>Erprobte Wirksamkeit<\/strong><\/h2>\n<p style=\"text-align: justify;\">Die fortschrittlichen Technologien von LeioTrap und die Lockwirkung von LeioBait bieten au\u00dfergew\u00f6hnliche Ergebnisse bei der Insektenbek\u00e4mpfung, ohne die Umweltsicherheit zu beeintr\u00e4chtigen.<\/p>\n<h2 style=\"text-align: justify;\"><strong>Benutzerfreundlichkeit<\/strong><\/h2>\n<p style=\"text-align: justify;\">Unsere L\u00f6sungen sind f\u00fcr eine intuitive Anwendung konzipiert und gew\u00e4hrleisten eine einfache Handhabung sowie eine effektive Kontrolle.<\/p>\n<h2 style=\"text-align: justify;\"><strong>Anpassungsf\u00e4higkeit<\/strong><\/h2>\n<p style=\"text-align: justify;\">LeioTrap und LeioBait eignen sich f\u00fcr verschiedene Situationen, von der h\u00e4uslichen Anwendung bis hin zum professionellen Einsatz.<\/p>\n<h2 style=\"text-align: justify;\"><strong>Messbarkeit<\/strong><\/h2>\n<p style=\"text-align: justify;\">Es handelt sich um gezielte L\u00f6sungen, die die Umwelt schonen und \u00fcberm\u00e4\u00dfigen Materialverbrauch vermeiden.<\/p>\n<h2 style=\"text-align: justify;\"><em><strong data-start=\"1220\" data-end=\"1277\">Ben\u00f6tigen Sie technische Unterst\u00fctzung f\u00fcr Ihren Tr\u00fcffelhain?<\/strong><\/em><\/h2>\n<p style=\"text-align: justify;\"><a href=\"https:\/\/www.rotorscio37.it\/de\/kontakt\/\">F\u00fcllen Sie das Kontaktformular aus<\/a> und fordern Sie eine ma\u00dfgeschneiderte Beratung f\u00fcr Ihr Projekt an.<\/p>\n<p>[\/et_pb_text][\/et_pb_column][\/et_pb_row][\/et_pb_section]<\/p>\n","protected":false},"excerpt":{"rendered":"<p>Leiodes-Fallen: \u00dcberwachung und Bek\u00e4mpfung von Sch\u00e4dlingen im Tr\u00fcffelhainBei der professionellen Bewirtschaftung eines Tr\u00fcffelhains ist es unerl\u00e4sslich, die Produktion vor sch\u00e4dlichen Insekten wie dem Tr\u00fcffelk\u00e4fer Leiodes cinnamomeus zu sch\u00fctzen, der auch als Truffle Beetle bekannt ist und dessen Larven sowie ausgewachsene Tiere erhebliche Sch\u00e4den an den Tr\u00fcffeln verursachen k\u00f6nnen. Leiodes-Fallen stellen eine technische L\u00f6sung f\u00fcr die [&hellip;]<\/p>\n","protected":false},"author":1,"featured_media":0,"parent":0,"menu_order":0,"comment_status":"closed","ping_status":"closed","template":"","meta":{"_et_pb_use_builder":"on","_et_pb_old_content":"","_et_gb_content_width":"","_joinchat":[],"footnotes":""},"class_list":["post-1103","page","type-page","status-publish","hentry"],"yoast_head":"<!-- This site is optimized with the Yoast SEO plugin v27.2 - https:\/\/yoast.com\/product\/yoast-seo-wordpress\/ -->\n<title>LEIODES-FALLEN - Rotorscio 37<\/title>\n<meta name=\"description\" content=\"L\u00f6sungen f\u00fcr die \u00dcberwachung und Bek\u00e4mpfung von Sch\u00e4dlingen im Tr\u00fcffelhain. Entdecken Sie den umweltfreundlichen Ansatz von Rotorscio37.\" \/>\n<meta name=\"robots\" content=\"index, follow, max-snippet:-1, max-image-preview:large, max-video-preview:-1\" \/>\n<link rel=\"canonical\" href=\"https:\/\/www.rotorscio37.it\/de\/leiodes-fallen\/\" \/>\n<meta property=\"og:locale\" content=\"de_DE\" \/>\n<meta property=\"og:type\" content=\"article\" \/>\n<meta property=\"og:title\" content=\"LEIODES-FALLEN - Rotorscio 37\" \/>\n<meta property=\"og:description\" content=\"L\u00f6sungen f\u00fcr die \u00dcberwachung und Bek\u00e4mpfung von Sch\u00e4dlingen im Tr\u00fcffelhain. Entdecken Sie den umweltfreundlichen Ansatz von Rotorscio37.\" \/>\n<meta property=\"og:url\" content=\"https:\/\/www.rotorscio37.it\/de\/leiodes-fallen\/\" \/>\n<meta property=\"og:site_name\" content=\"Rotorscio 37\" \/>\n<meta property=\"article:modified_time\" content=\"2026-02-16T15:39:27+00:00\" \/>\n<meta name=\"twitter:card\" content=\"summary_large_image\" \/>\n<meta name=\"twitter:label1\" content=\"Gesch\u00e4tzte Lesezeit\" \/>\n\t<meta name=\"twitter:data1\" content=\"8\u00a0Minuten\" \/>\n<script type=\"application\/ld+json\" class=\"yoast-schema-graph\">{\"@context\":\"https:\/\/schema.org\",\"@graph\":[{\"@type\":\"WebPage\",\"@id\":\"https:\/\/www.rotorscio37.it\/de\/leiodes-fallen\/\",\"url\":\"https:\/\/www.rotorscio37.it\/de\/leiodes-fallen\/\",\"name\":\"LEIODES-FALLEN - Rotorscio 37\",\"isPartOf\":{\"@id\":\"https:\/\/www.rotorscio37.it\/de\/#website\"},\"datePublished\":\"2023-12-18T17:45:20+00:00\",\"dateModified\":\"2026-02-16T15:39:27+00:00\",\"description\":\"L\u00f6sungen f\u00fcr die \u00dcberwachung und Bek\u00e4mpfung von Sch\u00e4dlingen im Tr\u00fcffelhain. Entdecken Sie den umweltfreundlichen Ansatz von Rotorscio37.\",\"breadcrumb\":{\"@id\":\"https:\/\/www.rotorscio37.it\/de\/leiodes-fallen\/#breadcrumb\"},\"inLanguage\":\"de\",\"potentialAction\":[{\"@type\":\"ReadAction\",\"target\":[\"https:\/\/www.rotorscio37.it\/de\/leiodes-fallen\/\"]}]},{\"@type\":\"BreadcrumbList\",\"@id\":\"https:\/\/www.rotorscio37.it\/de\/leiodes-fallen\/#breadcrumb\",\"itemListElement\":[{\"@type\":\"ListItem\",\"position\":1,\"name\":\"Home\",\"item\":\"https:\/\/www.rotorscio37.it\/de\/startseite\/\"},{\"@type\":\"ListItem\",\"position\":2,\"name\":\"LEIODES-FALLEN\"}]},{\"@type\":\"WebSite\",\"@id\":\"https:\/\/www.rotorscio37.it\/de\/#website\",\"url\":\"https:\/\/www.rotorscio37.it\/de\/\",\"name\":\"Rotorscio 37\",\"description\":\"Tartufaie-consulenza e progettazione\",\"potentialAction\":[{\"@type\":\"SearchAction\",\"target\":{\"@type\":\"EntryPoint\",\"urlTemplate\":\"https:\/\/www.rotorscio37.it\/de\/?s={search_term_string}\"},\"query-input\":{\"@type\":\"PropertyValueSpecification\",\"valueRequired\":true,\"valueName\":\"search_term_string\"}}],\"inLanguage\":\"de\"}]}<\/script>\n<!-- \/ Yoast SEO plugin. -->","yoast_head_json":{"title":"LEIODES-FALLEN - Rotorscio 37","description":"L\u00f6sungen f\u00fcr die \u00dcberwachung und Bek\u00e4mpfung von Sch\u00e4dlingen im Tr\u00fcffelhain. Entdecken Sie den umweltfreundlichen Ansatz von Rotorscio37.","robots":{"index":"index","follow":"follow","max-snippet":"max-snippet:-1","max-image-preview":"max-image-preview:large","max-video-preview":"max-video-preview:-1"},"canonical":"https:\/\/www.rotorscio37.it\/de\/leiodes-fallen\/","og_locale":"de_DE","og_type":"article","og_title":"LEIODES-FALLEN - Rotorscio 37","og_description":"L\u00f6sungen f\u00fcr die \u00dcberwachung und Bek\u00e4mpfung von Sch\u00e4dlingen im Tr\u00fcffelhain. Entdecken Sie den umweltfreundlichen Ansatz von Rotorscio37.","og_url":"https:\/\/www.rotorscio37.it\/de\/leiodes-fallen\/","og_site_name":"Rotorscio 37","article_modified_time":"2026-02-16T15:39:27+00:00","twitter_card":"summary_large_image","twitter_misc":{"Gesch\u00e4tzte Lesezeit":"8\u00a0Minuten"},"schema":{"@context":"https:\/\/schema.org","@graph":[{"@type":"WebPage","@id":"https:\/\/www.rotorscio37.it\/de\/leiodes-fallen\/","url":"https:\/\/www.rotorscio37.it\/de\/leiodes-fallen\/","name":"LEIODES-FALLEN - Rotorscio 37","isPartOf":{"@id":"https:\/\/www.rotorscio37.it\/de\/#website"},"datePublished":"2023-12-18T17:45:20+00:00","dateModified":"2026-02-16T15:39:27+00:00","description":"L\u00f6sungen f\u00fcr die \u00dcberwachung und Bek\u00e4mpfung von Sch\u00e4dlingen im Tr\u00fcffelhain. Entdecken Sie den umweltfreundlichen Ansatz von Rotorscio37.","breadcrumb":{"@id":"https:\/\/www.rotorscio37.it\/de\/leiodes-fallen\/#breadcrumb"},"inLanguage":"de","potentialAction":[{"@type":"ReadAction","target":["https:\/\/www.rotorscio37.it\/de\/leiodes-fallen\/"]}]},{"@type":"BreadcrumbList","@id":"https:\/\/www.rotorscio37.it\/de\/leiodes-fallen\/#breadcrumb","itemListElement":[{"@type":"ListItem","position":1,"name":"Home","item":"https:\/\/www.rotorscio37.it\/de\/startseite\/"},{"@type":"ListItem","position":2,"name":"LEIODES-FALLEN"}]},{"@type":"WebSite","@id":"https:\/\/www.rotorscio37.it\/de\/#website","url":"https:\/\/www.rotorscio37.it\/de\/","name":"Rotorscio 37","description":"Tartufaie-consulenza e progettazione","potentialAction":[{"@type":"SearchAction","target":{"@type":"EntryPoint","urlTemplate":"https:\/\/www.rotorscio37.it\/de\/?s={search_term_string}"},"query-input":{"@type":"PropertyValueSpecification","valueRequired":true,"valueName":"search_term_string"}}],"inLanguage":"de"}]}},"_links":{"self":[{"href":"https:\/\/www.rotorscio37.it\/de\/wp-json\/wp\/v2\/pages\/1103","targetHints":{"allow":["GET"]}}],"collection":[{"href":"https:\/\/www.rotorscio37.it\/de\/wp-json\/wp\/v2\/pages"}],"about":[{"href":"https:\/\/www.rotorscio37.it\/de\/wp-json\/wp\/v2\/types\/page"}],"author":[{"embeddable":true,"href":"https:\/\/www.rotorscio37.it\/de\/wp-json\/wp\/v2\/users\/1"}],"replies":[{"embeddable":true,"href":"https:\/\/www.rotorscio37.it\/de\/wp-json\/wp\/v2\/comments?post=1103"}],"version-history":[{"count":2,"href":"https:\/\/www.rotorscio37.it\/de\/wp-json\/wp\/v2\/pages\/1103\/revisions"}],"predecessor-version":[{"id":1105,"href":"https:\/\/www.rotorscio37.it\/de\/wp-json\/wp\/v2\/pages\/1103\/revisions\/1105"}],"wp:attachment":[{"href":"https:\/\/www.rotorscio37.it\/de\/wp-json\/wp\/v2\/media?parent=1103"}],"curies":[{"name":"wp","href":"https:\/\/api.w.org\/{rel}","templated":true}]}}