{"id":1114,"date":"2023-12-18T17:14:25","date_gmt":"2023-12-18T17:14:25","guid":{"rendered":"https:\/\/www.rotorscio37.it\/begleitpflanzen\/"},"modified":"2026-02-16T15:42:32","modified_gmt":"2026-02-16T15:42:32","slug":"begleitpflanzen","status":"publish","type":"page","link":"https:\/\/www.rotorscio37.it\/de\/begleitpflanzen\/","title":{"rendered":"Begleitpflanzen"},"content":{"rendered":"<p>[et_pb_section fb_built=&#8220;1&#8243; _builder_version=&#8220;4.23.1&#8243; _module_preset=&#8220;default&#8220; custom_padding=&#8220;0px||0px|||&#8220; locked=&#8220;off&#8220; global_colors_info=&#8220;{}&#8220;][et_pb_row column_structure=&#8220;1_5,1_5,1_5,1_5,1_5&#8243; use_custom_gutter=&#8220;on&#8220; gutter_width=&#8220;1&#8243; _builder_version=&#8220;4.23.1&#8243; _module_preset=&#8220;default&#8220; width=&#8220;90%&#8220; max_width=&#8220;2560px&#8220; custom_padding=&#8220;5px|||||&#8220; global_colors_info=&#8220;{}&#8220;][et_pb_column type=&#8220;1_5&#8243; _builder_version=&#8220;4.23.1&#8243; _module_preset=&#8220;default&#8220; global_colors_info=&#8220;{}&#8220;][et_pb_button button_url=&#8220;@ET-DC@eyJkeW5hbWljIjp0cnVlLCJjb250ZW50IjoicG9zdF9saW5rX3VybF9wYWdlIiwic2V0dGluZ3MiOnsicG9zdF9pZCI6IjE3IiwiZW5hYmxlX2h0bWwiOiJvZmYifX0=@&#8220; button_text=&#8220;mykorrhizierte Pflanzen&#8220; button_alignment=&#8220;center&#8220; _builder_version=&#8220;4.27.5&#8243; _dynamic_attributes=&#8220;button_url&#8220; _module_preset=&#8220;default&#8220; custom_button=&#8220;on&#8220; button_text_size=&#8220;16px&#8220; button_text_color=&#8220;#000000&#8243; button_bg_color=&#8220;#FFFFFF&#8220; button_border_color=&#8220;RGBA(255,255,255,0)&#8220; button_font=&#8220;Roboto|700||on|||||&#8220; global_colors_info=&#8220;{}&#8220;][\/et_pb_button][\/et_pb_column][et_pb_column type=&#8220;1_5&#8243; _builder_version=&#8220;4.23.1&#8243; _module_preset=&#8220;default&#8220; global_colors_info=&#8220;{}&#8220;][et_pb_button button_url=&#8220;@ET-DC@eyJkeW5hbWljIjp0cnVlLCJjb250ZW50IjoicG9zdF9saW5rX3VybF9wYWdlIiwic2V0dGluZ3MiOnsicG9zdF9pZCI6IjMwMyIsImVuYWJsZV9odG1sIjoib2ZmIn19@&#8220; button_text=&#8220;Begleitpflanzen&#8220; button_alignment=&#8220;center&#8220; _builder_version=&#8220;4.23.1&#8243; _dynamic_attributes=&#8220;button_url&#8220; _module_preset=&#8220;default&#8220; custom_button=&#8220;on&#8220; button_text_size=&#8220;16px&#8220; button_text_color=&#8220;#000000&#8243; button_bg_color=&#8220;#FFFFFF&#8220; button_border_color=&#8220;RGBA(255,255,255,0)&#8220; button_font=&#8220;Roboto|700||on|||||&#8220; global_colors_info=&#8220;{}&#8220;][\/et_pb_button][\/et_pb_column][et_pb_column type=&#8220;1_5&#8243; _builder_version=&#8220;4.23.1&#8243; _module_preset=&#8220;default&#8220; global_colors_info=&#8220;{}&#8220;][et_pb_button button_url=&#8220;@ET-DC@eyJkeW5hbWljIjp0cnVlLCJjb250ZW50IjoicG9zdF9saW5rX3VybF9wYWdlIiwic2V0dGluZ3MiOnsicG9zdF9pZCI6IjE5IiwiZW5hYmxlX2h0bWwiOiJvZmYifX0=@&#8220; button_text=&#8220;Sporeninokulum&#8220; button_alignment=&#8220;center&#8220; _builder_version=&#8220;4.23.1&#8243; _dynamic_attributes=&#8220;button_url&#8220; _module_preset=&#8220;default&#8220; custom_button=&#8220;on&#8220; button_text_size=&#8220;16px&#8220; button_text_color=&#8220;#000000&#8243; button_bg_color=&#8220;#FFFFFF&#8220; button_border_color=&#8220;RGBA(255,255,255,0)&#8220; button_font=&#8220;Roboto|700||on|||||&#8220; global_colors_info=&#8220;{}&#8220;][\/et_pb_button][\/et_pb_column][et_pb_column type=&#8220;1_5&#8243; _builder_version=&#8220;4.23.1&#8243; _module_preset=&#8220;default&#8220; global_colors_info=&#8220;{}&#8220;][et_pb_button button_url=&#8220;@ET-DC@eyJkeW5hbWljIjp0cnVlLCJjb250ZW50IjoicG9zdF9saW5rX3VybF9wYWdlIiwic2V0dGluZ3MiOnsicG9zdF9pZCI6IjMxMCIsImVuYWJsZV9odG1sIjoib2ZmIn19@&#8220; button_text=&#8220;LEIODES-FALLEN&#8220; button_alignment=&#8220;center&#8220; _builder_version=&#8220;4.23.1&#8243; _dynamic_attributes=&#8220;button_url&#8220; _module_preset=&#8220;default&#8220; custom_button=&#8220;on&#8220; button_text_size=&#8220;16px&#8220; button_text_color=&#8220;#000000&#8243; button_bg_color=&#8220;#FFFFFF&#8220; button_border_color=&#8220;RGBA(255,255,255,0)&#8220; button_font=&#8220;Roboto|700||on|||||&#8220; global_colors_info=&#8220;{}&#8220;][\/et_pb_button][\/et_pb_column][et_pb_column type=&#8220;1_5&#8243; _builder_version=&#8220;4.23.1&#8243; _module_preset=&#8220;default&#8220; global_colors_info=&#8220;{}&#8220;][et_pb_button button_url=&#8220;@ET-DC@eyJkeW5hbWljIjp0cnVlLCJjb250ZW50IjoicG9zdF9saW5rX3VybF9wYWdlIiwic2V0dGluZ3MiOnsicG9zdF9pZCI6IjE1IiwiZW5hYmxlX2h0bWwiOiJvZmYifX0=@&#8220; button_text=&#8220;Warum Tr\u00fcffel anbauen?&#8220; button_alignment=&#8220;center&#8220; _builder_version=&#8220;4.23.1&#8243; _dynamic_attributes=&#8220;button_url&#8220; _module_preset=&#8220;default&#8220; custom_button=&#8220;on&#8220; button_text_size=&#8220;16px&#8220; button_text_color=&#8220;#000000&#8243; button_bg_color=&#8220;#FFFFFF&#8220; button_border_color=&#8220;RGBA(255,255,255,0)&#8220; button_font=&#8220;Roboto|700||on|||||&#8220; global_colors_info=&#8220;{}&#8220;][\/et_pb_button][\/et_pb_column][\/et_pb_row][\/et_pb_section][et_pb_section fb_built=&#8220;1&#8243; fullwidth=&#8220;on&#8220; admin_label=&#8220;Hero Section&#8220; _builder_version=&#8220;4.23.1&#8243; background_color=&#8220;#233b4e&#8220; parallax=&#8220;on&#8220; custom_padding=&#8220;0px|0px|0px|0px&#8220; global_colors_info=&#8220;{}&#8220;][et_pb_fullwidth_header title=&#8220;Begleitpflanzen&#8220; header_fullscreen=&#8220;on&#8220; button_one_text=&#8220;Entdecken Sie das Projekt Truffle Garden&#8220; button_one_url=&#8220;https:\/\/www.rotorscio37.it\/wp-content\/uploads\/2023\/12\/Truffle-Garden-Catalogo-2023_compressed.pdf&#8220; background_overlay_color=&#8220;rgba(29,38,51,0.86)&#8220; content_max_width=&#8220;700px&#8220; admin_label=&#8220;Hero&#8220; _builder_version=&#8220;4.27.5&#8243; title_font=&#8220;Oswald|on||on|&#8220; title_font_size=&#8220;80px&#8220; title_line_height=&#8220;1.3em&#8220; content_font=&#8220;Roboto||||&#8220; content_font_size=&#8220;20px&#8220; background_color=&#8220;rgba(255, 255, 255, 0)&#8220; background_image=&#8220;https:\/\/www.rotorscio37.it\/wp-content\/uploads\/2023\/12\/piante_tartufigine.jpg&#8220; parallax=&#8220;on&#8220; parallax_method=&#8220;on&#8220; custom_button_one=&#8220;on&#8220; button_one_border_radius=&#8220;0px&#8220; button_one_letter_spacing=&#8220;4px&#8220; button_one_font=&#8220;Oswald|on||on|&#8220; button_one_icon=&#8220;&#x24;||divi||400&#8243; button_one_icon_color=&#8220;#ffffff&#8220; animation_style=&#8220;zoom&#8220; animation_direction=&#8220;bottom&#8220; animation_intensity_zoom=&#8220;4%&#8220; button_one_text_color_hover=&#8220;#ffffff&#8220; button_one_border_color_hover=&#8220;#ffffff&#8220; button_one_border_radius_hover=&#8220;0px&#8220; button_one_letter_spacing_hover=&#8220;4px&#8220; button_one_bg_color_hover=&#8220;rgba(0,0,0,0)&#8220; global_colors_info=&#8220;{}&#8220; button_one_text_size__hover_enabled=&#8220;off&#8220; button_two_text_size__hover_enabled=&#8220;off&#8220; button_one_text_color__hover_enabled=&#8220;on&#8220; button_one_text_color__hover=&#8220;#ffffff&#8220; button_two_text_color__hover_enabled=&#8220;off&#8220; button_one_border_width__hover_enabled=&#8220;off&#8220; button_two_border_width__hover_enabled=&#8220;off&#8220; button_one_border_color__hover_enabled=&#8220;on&#8220; button_one_border_color__hover=&#8220;#ffffff&#8220; button_two_border_color__hover_enabled=&#8220;off&#8220; button_one_border_radius__hover_enabled=&#8220;on&#8220; button_one_border_radius__hover=&#8220;0px&#8220; button_two_border_radius__hover_enabled=&#8220;off&#8220; button_one_letter_spacing__hover_enabled=&#8220;on&#8220; button_one_letter_spacing__hover=&#8220;4px&#8220; button_two_letter_spacing__hover_enabled=&#8220;off&#8220; button_one_bg_color__hover_enabled=&#8220;on&#8220; button_one_bg_color__hover=&#8220;rgba(0,0,0,0)&#8220; button_two_bg_color__hover_enabled=&#8220;off&#8220;][\/et_pb_fullwidth_header][\/et_pb_section][et_pb_section fb_built=&#8220;1&#8243; _builder_version=&#8220;4.16&#8243; custom_padding=&#8220;110px||110px|&#8220; global_colors_info=&#8220;{}&#8220;][et_pb_row column_structure=&#8220;1_2,1_2&#8243; _builder_version=&#8220;4.16&#8243; global_colors_info=&#8220;{}&#8220;][et_pb_column type=&#8220;1_2&#8243; _builder_version=&#8220;4.16&#8243; custom_padding=&#8220;|||&#8220; global_colors_info=&#8220;{}&#8220; custom_padding__hover=&#8220;|||&#8220;][et_pb_text admin_label=&#8220;Discover Beatuty Title&#8220; _builder_version=&#8220;4.27.5&#8243; text_font=&#8220;||||&#8220; text_text_color=&#8220;#1a1a1a&#8220; header_font=&#8220;Oswald|on||on|&#8220; header_text_align=&#8220;left&#8220; header_font_size=&#8220;60px&#8220; header_line_height=&#8220;1.3em&#8220; animation_style=&#8220;slide&#8220; animation_direction=&#8220;top&#8220; animation_intensity_slide=&#8220;10%&#8220; global_colors_info=&#8220;{}&#8220;]<\/p>\n<h1>Begleitpflanzen f\u00fcr Tr\u00fcffelanlagen: Agronomische Vorteile und produktiver Nutzen<\/h1>\n<p>[\/et_pb_text][et_pb_divider color=&#8220;#ed4441&#8243; divider_position=&#8220;center&#8220; divider_weight=&#8220;3px&#8220; disabled_on=&#8220;off|off|off&#8220; _builder_version=&#8220;4.16&#8243; max_width=&#8220;150px&#8220; height=&#8220;false&#8220; animation_style=&#8220;slide&#8220; animation_direction=&#8220;top&#8220; animation_delay=&#8220;100ms&#8220; animation_intensity_slide=&#8220;10%&#8220; global_colors_info=&#8220;{}&#8220;][\/et_pb_divider][\/et_pb_column][et_pb_column type=&#8220;1_2&#8243; _builder_version=&#8220;4.16&#8243; custom_padding=&#8220;|||&#8220; global_colors_info=&#8220;{}&#8220; custom_padding__hover=&#8220;|||&#8220;][et_pb_text admin_label=&#8220;Discover Beatuty Text&#8220; _builder_version=&#8220;4.27.5&#8243; text_font=&#8220;Roboto||||&#8220; text_font_size=&#8220;16px&#8220; text_line_height=&#8220;1.9em&#8220; custom_padding=&#8220;30px|||&#8220; animation_style=&#8220;slide&#8220; animation_direction=&#8220;top&#8220; animation_delay=&#8220;200ms&#8220; animation_intensity_slide=&#8220;10%&#8220; global_colors_info=&#8220;{}&#8220;]<\/p>\n<p style=\"text-align: justify;\"><strong data-start=\"1241\" data-end=\"1258\">Begleitpflanzen<\/strong> spielen eine grundlegende Rolle in <strong data-start=\"1295\" data-end=\"1329\">nat\u00fcrlichen und kultivierten Tr\u00fcffelanlagen<\/strong>, indem sie g\u00fcnstige Mikroumgebungen f\u00fcr die Entwicklung der Symbiosepflanzen und des Tr\u00fcffelmyzels schaffen.<\/p>\n<p style=\"text-align: justify;\">Rotorscio37 integriert das Wissen \u00fcber Begleitpflanzen in das <strong data-start=\"1488\" data-end=\"1527\">agronomische Projekt der Tr\u00fcffelanlage<\/strong>, um das biologische Gleichgewicht des Bodens zu f\u00f6rdern, das \u00d6kosystem zu verbessern und die mykorrhizierten Pflanzen dabei zu unterst\u00fctzen, ihr maximales Produktionspotenzial zu erreichen.<\/p>\n<p style=\"text-align: justify;\">Mit unserer <a href=\"https:\/\/www.rotorscio37.it\/de\/wie-wir-arbeiten\/\"><strong data-start=\"1698\" data-end=\"1734\">fachtechnischen Beratung<\/strong><\/a> analysieren wir die Eigenschaften Ihres Bodens und schlagen die am besten geeignete <strong data-start=\"1799\" data-end=\"1837\">Strategie der Pflanzenassoziation<\/strong> vor, wobei wir ein echtes <strong>Projekt \u201enach Ma\u00df\u201c<\/strong> realisieren.<\/p>\n<p>[\/et_pb_text][et_pb_code _builder_version=&#8220;4.23.1&#8243; _module_preset=&#8220;default&#8220; locked=&#8220;off&#8220; global_colors_info=&#8220;{}&#8220;]<video autoplay=\"autoplay\" loop=\"loop\" playsinline=\"\" muted=\"\" defaultmuted=\"\" oncontextmenu=\"return false;\" preload=\"auto\" id=\"myVideo\"><!-- [et_pb_line_break_holder] --><source src=\"https:\/\/www.rotorscio37.it\/wp-content\/uploads\/2023\/12\/video_comari_sito.mp4\" type=\"video\/mp4\"><!-- [et_pb_line_break_holder] --><\/source><\/video>[\/et_pb_code][\/et_pb_column][\/et_pb_row][\/et_pb_section][et_pb_section fb_built=&#8220;1&#8243; _builder_version=&#8220;4.16&#8243; background_color=&#8220;#f4f4f4&#8243; custom_padding=&#8220;110px||110px|&#8220; global_colors_info=&#8220;{}&#8220;][et_pb_row column_structure=&#8220;1_2,1_2&#8243; _builder_version=&#8220;4.16&#8243; global_colors_info=&#8220;{}&#8220;][et_pb_column type=&#8220;1_2&#8243; _builder_version=&#8220;4.16&#8243; custom_padding=&#8220;|||&#8220; global_colors_info=&#8220;{}&#8220; custom_padding__hover=&#8220;|||&#8220;][et_pb_text admin_label=&#8220;Top Destination Title&#8220; _builder_version=&#8220;4.27.5&#8243; text_font=&#8220;||||&#8220; text_text_color=&#8220;#1a1a1a&#8220; header_font=&#8220;Oswald|on||on|&#8220; header_text_align=&#8220;left&#8220; header_font_size=&#8220;60px&#8220; header_line_height=&#8220;1.3em&#8220; custom_margin=&#8220;|||&#8220; custom_padding=&#8220;|||&#8220; animation_style=&#8220;slide&#8220; animation_direction=&#8220;top&#8220; animation_intensity_slide=&#8220;10%&#8220; locked=&#8220;off&#8220; global_colors_info=&#8220;{}&#8220;]<\/p>\n<h1><strong>Was sind Begleitpflanzen?<\/strong><\/h1>\n<p>[\/et_pb_text][et_pb_divider color=&#8220;#ed4441&#8243; divider_position=&#8220;center&#8220; divider_weight=&#8220;3px&#8220; disabled_on=&#8220;off|off|off&#8220; _builder_version=&#8220;4.16&#8243; max_width=&#8220;150px&#8220; height=&#8220;false&#8220; animation_style=&#8220;slide&#8220; animation_direction=&#8220;top&#8220; animation_delay=&#8220;100ms&#8220; animation_intensity_slide=&#8220;10%&#8220; locked=&#8220;off&#8220; global_colors_info=&#8220;{}&#8220;][\/et_pb_divider][\/et_pb_column][et_pb_column type=&#8220;1_2&#8243; _builder_version=&#8220;4.16&#8243; custom_padding=&#8220;|||&#8220; global_colors_info=&#8220;{}&#8220; custom_padding__hover=&#8220;|||&#8220;][et_pb_text admin_label=&#8220;Top Destination Text&#8220; _builder_version=&#8220;4.27.5&#8243; text_font=&#8220;Roboto||||&#8220; text_font_size=&#8220;16px&#8220; text_line_height=&#8220;1.9em&#8220; custom_padding=&#8220;||60px|&#8220; animation_style=&#8220;slide&#8220; animation_direction=&#8220;top&#8220; animation_intensity_slide=&#8220;4%&#8220; locked=&#8220;off&#8220; global_colors_info=&#8220;{}&#8220;]<\/p>\n<p style=\"text-align: justify;\"><strong>Begleitpflanzen<\/strong> sind Baum- oder Straucharten, die keine Mykorrhiza-Symbiose mit Pilzen der Gattung <em>Tuber<\/em> eingehen, aber <strong>die Boden- und \u00d6kosystembedingungen beg\u00fcnstigen<\/strong>, welche das Wachstum der Symbiosepflanzen und des Tr\u00fcffelmyzels unterst\u00fctzen.<\/p>\n<p><strong>Agronomische Rolle der Begleitpflanzen:<\/strong><\/p>\n<ul>\n<li>Sie unterst\u00fctzen die <strong>Entwicklung des Wurzelsystems<\/strong> der Symbiosepflanzen;<\/li>\n<li>Sie halten eine <strong>ideale Feuchtigkeit<\/strong> in den oberen Bodenschichten aufrecht;<\/li>\n<li>Sie mildern <strong>thermische Ungleichgewichte<\/strong> im Wurzelbereich ab;<\/li>\n<li>Sie f\u00f6rdern die <strong>Koexistenz n\u00fctzlicher pflanzlicher Biodiversit\u00e4t<\/strong> in der Tr\u00fcffelanlage.<\/li>\n<\/ul>\n<h2 data-start=\"2846\" data-end=\"2905\"><strong data-start=\"2849\" data-end=\"2905\">Warum Begleitpflanzen in die Tr\u00fcffelanlage integrieren?<\/strong><\/h2>\n<p data-start=\"2907\" data-end=\"3243\" style=\"text-align: justify;\">Die <strong data-start=\"2909\" data-end=\"2934\">Pflanzenassoziation<\/strong> mit Begleitpflanzen kann n\u00fctzlich sein, um eine <strong data-start=\"3006\" data-end=\"3044\">stabile und g\u00fcnstige Mikroumgebung<\/strong> f\u00fcr die Symbiosepflanzen zu schaffen. Rotorscio37 pr\u00fcft von Fall zu Fall, ob und wo Begleitpflanzen eingesetzt werden sollten, basierend auf den Bodeneigenschaften, den gew\u00e4hlten Tr\u00fcffelarten und der geplanten agronomischen Bewirtschaftung. <\/p>\n<p data-start=\"3245\" data-end=\"3269\" style=\"text-align: justify;\"><strong data-start=\"3245\" data-end=\"3269\">Potenzielle Vorteile:<\/strong><\/p>\n<ul data-start=\"3270\" data-end=\"3564\">\n<li data-start=\"3270\" data-end=\"3342\" style=\"text-align: justify;\">\n<p data-start=\"3272\" data-end=\"3342\">besseres Wasser- und Mikroklimagleichgewicht in den ersten Jahren nach der Pflanzung;<\/p>\n<\/li>\n<li data-start=\"3343\" data-end=\"3402\" style=\"text-align: justify;\">\n<p data-start=\"3345\" data-end=\"3402\">nat\u00fcrlicher Schutz f\u00fcr das Myzel und die Symbiosewurzeln;<\/p>\n<\/li>\n<li data-start=\"3403\" data-end=\"3466\" style=\"text-align: justify;\">\n<p data-start=\"3405\" data-end=\"3466\">Steigerung der <strong data-start=\"3422\" data-end=\"3449\">funktionalen Biodiversit\u00e4t<\/strong> der Tr\u00fcffelanlage;<\/p>\n<\/li>\n<li data-start=\"3403\" data-end=\"3466\" style=\"text-align: justify;\">\n<p data-start=\"3405\" data-end=\"3466\">Schaffung eines reichhaltigeren und widerstandsf\u00e4higeren Anbauhabitats.<\/p>\n<\/li>\n<\/ul>\n<p>[\/et_pb_text][et_pb_button button_url=&#8220;https:\/\/www.rotorscio37.it\/wp-content\/uploads\/2023\/12\/Truffle-Garden-Catalogo-2023_compressed.pdf&#8220; url_new_window=&#8220;on&#8220; button_text=&#8220;Entdecken Sie unsere Begleitpflanzen&#8220; button_alignment=&#8220;left&#8220; admin_label=&#8220;Gallery Button&#8220; _builder_version=&#8220;4.23.1&#8243; custom_button=&#8220;on&#8220; button_text_color=&#8220;#1a1a1a&#8220; button_border_radius=&#8220;0px&#8220; button_letter_spacing=&#8220;4px&#8220; button_font=&#8220;Oswald|on||on|&#8220; button_icon=&#8220;&#x24;||divi||400&#8243; button_icon_color=&#8220;#1a1a1a&#8220; button_border_color_hover=&#8220;#1a1a1a&#8220; button_border_radius_hover=&#8220;0px&#8220; button_letter_spacing_hover=&#8220;4px&#8220; button_bg_color_hover=&#8220;rgba(0,0,0,0)&#8220; locked=&#8220;off&#8220; global_colors_info=&#8220;{}&#8220; button_text_size__hover_enabled=&#8220;off&#8220; button_one_text_size__hover_enabled=&#8220;off&#8220; button_two_text_size__hover_enabled=&#8220;off&#8220; button_text_color__hover_enabled=&#8220;off&#8220; button_one_text_color__hover_enabled=&#8220;off&#8220; button_two_text_color__hover_enabled=&#8220;off&#8220; button_border_width__hover_enabled=&#8220;off&#8220; button_one_border_width__hover_enabled=&#8220;off&#8220; button_two_border_width__hover_enabled=&#8220;off&#8220; button_border_color__hover_enabled=&#8220;on&#8220; button_border_color__hover=&#8220;#1a1a1a&#8220; button_one_border_color__hover_enabled=&#8220;off&#8220; button_two_border_color__hover_enabled=&#8220;off&#8220; button_border_radius__hover_enabled=&#8220;on&#8220; button_border_radius__hover=&#8220;0px&#8220; button_one_border_radius__hover_enabled=&#8220;off&#8220; button_two_border_radius__hover_enabled=&#8220;off&#8220; button_letter_spacing__hover_enabled=&#8220;on&#8220; button_letter_spacing__hover=&#8220;4px&#8220; button_one_letter_spacing__hover_enabled=&#8220;off&#8220; button_two_letter_spacing__hover_enabled=&#8220;off&#8220; button_bg_color__hover_enabled=&#8220;on&#8220; button_bg_color__hover=&#8220;rgba(0,0,0,0)&#8220; button_one_bg_color__hover_enabled=&#8220;off&#8220; button_two_bg_color__hover_enabled=&#8220;off&#8220;][\/et_pb_button][\/et_pb_column][\/et_pb_row][\/et_pb_section]<\/p>\n","protected":false},"excerpt":{"rendered":"<p>Begleitpflanzen f\u00fcr Tr\u00fcffelanlagen: Agronomische Vorteile und produktiver NutzenBegleitpflanzen spielen eine grundlegende Rolle in nat\u00fcrlichen und kultivierten Tr\u00fcffelanlagen, indem sie g\u00fcnstige Mikroumgebungen f\u00fcr die Entwicklung der Symbiosepflanzen und des Tr\u00fcffelmyzels schaffen. Rotorscio37 integriert das Wissen \u00fcber Begleitpflanzen in das agronomische Projekt der Tr\u00fcffelanlage, um das biologische Gleichgewicht des Bodens zu f\u00f6rdern, das \u00d6kosystem zu verbessern und [&hellip;]<\/p>\n","protected":false},"author":1,"featured_media":0,"parent":0,"menu_order":0,"comment_status":"closed","ping_status":"closed","template":"","meta":{"_et_pb_use_builder":"on","_et_pb_old_content":"","_et_gb_content_width":"","_joinchat":[],"footnotes":""},"class_list":["post-1114","page","type-page","status-publish","hentry"],"yoast_head":"<!-- This site is optimized with the Yoast SEO plugin v27.2 - https:\/\/yoast.com\/product\/yoast-seo-wordpress\/ -->\n<title>Begleitpflanzen - Rotorscio 37<\/title>\n<meta name=\"description\" content=\"Begleitpflanzen f\u00fcr Tr\u00fcffelanlagen: Entdecken Sie die agronomische Rolle, die idealen Arten und wie Sie diese f\u00fcr erfolgreiche Tr\u00fcffelhaine integrieren.\" \/>\n<meta name=\"robots\" content=\"index, follow, max-snippet:-1, max-image-preview:large, max-video-preview:-1\" \/>\n<link rel=\"canonical\" href=\"https:\/\/www.rotorscio37.it\/de\/begleitpflanzen\/\" \/>\n<meta property=\"og:locale\" content=\"de_DE\" \/>\n<meta property=\"og:type\" content=\"article\" \/>\n<meta property=\"og:title\" content=\"Begleitpflanzen - Rotorscio 37\" \/>\n<meta property=\"og:description\" content=\"Begleitpflanzen f\u00fcr Tr\u00fcffelanlagen: Entdecken Sie die agronomische Rolle, die idealen Arten und wie Sie diese f\u00fcr erfolgreiche Tr\u00fcffelhaine integrieren.\" \/>\n<meta property=\"og:url\" content=\"https:\/\/www.rotorscio37.it\/de\/begleitpflanzen\/\" \/>\n<meta property=\"og:site_name\" content=\"Rotorscio 37\" \/>\n<meta property=\"article:modified_time\" content=\"2026-02-16T15:42:32+00:00\" \/>\n<meta name=\"twitter:card\" content=\"summary_large_image\" \/>\n<meta name=\"twitter:label1\" content=\"Gesch\u00e4tzte Lesezeit\" \/>\n\t<meta name=\"twitter:data1\" content=\"9\u00a0Minuten\" \/>\n<script type=\"application\/ld+json\" class=\"yoast-schema-graph\">{\"@context\":\"https:\/\/schema.org\",\"@graph\":[{\"@type\":\"WebPage\",\"@id\":\"https:\/\/www.rotorscio37.it\/de\/begleitpflanzen\/\",\"url\":\"https:\/\/www.rotorscio37.it\/de\/begleitpflanzen\/\",\"name\":\"Begleitpflanzen - Rotorscio 37\",\"isPartOf\":{\"@id\":\"https:\/\/www.rotorscio37.it\/de\/#website\"},\"datePublished\":\"2023-12-18T17:14:25+00:00\",\"dateModified\":\"2026-02-16T15:42:32+00:00\",\"description\":\"Begleitpflanzen f\u00fcr Tr\u00fcffelanlagen: Entdecken Sie die agronomische Rolle, die idealen Arten und wie Sie diese f\u00fcr erfolgreiche Tr\u00fcffelhaine integrieren.\",\"breadcrumb\":{\"@id\":\"https:\/\/www.rotorscio37.it\/de\/begleitpflanzen\/#breadcrumb\"},\"inLanguage\":\"de\",\"potentialAction\":[{\"@type\":\"ReadAction\",\"target\":[\"https:\/\/www.rotorscio37.it\/de\/begleitpflanzen\/\"]}]},{\"@type\":\"BreadcrumbList\",\"@id\":\"https:\/\/www.rotorscio37.it\/de\/begleitpflanzen\/#breadcrumb\",\"itemListElement\":[{\"@type\":\"ListItem\",\"position\":1,\"name\":\"Home\",\"item\":\"https:\/\/www.rotorscio37.it\/de\/startseite\/\"},{\"@type\":\"ListItem\",\"position\":2,\"name\":\"Begleitpflanzen\"}]},{\"@type\":\"WebSite\",\"@id\":\"https:\/\/www.rotorscio37.it\/de\/#website\",\"url\":\"https:\/\/www.rotorscio37.it\/de\/\",\"name\":\"Rotorscio 37\",\"description\":\"Tartufaie-consulenza e progettazione\",\"potentialAction\":[{\"@type\":\"SearchAction\",\"target\":{\"@type\":\"EntryPoint\",\"urlTemplate\":\"https:\/\/www.rotorscio37.it\/de\/?s={search_term_string}\"},\"query-input\":{\"@type\":\"PropertyValueSpecification\",\"valueRequired\":true,\"valueName\":\"search_term_string\"}}],\"inLanguage\":\"de\"}]}<\/script>\n<!-- \/ Yoast SEO plugin. -->","yoast_head_json":{"title":"Begleitpflanzen - Rotorscio 37","description":"Begleitpflanzen f\u00fcr Tr\u00fcffelanlagen: Entdecken Sie die agronomische Rolle, die idealen Arten und wie Sie diese f\u00fcr erfolgreiche Tr\u00fcffelhaine integrieren.","robots":{"index":"index","follow":"follow","max-snippet":"max-snippet:-1","max-image-preview":"max-image-preview:large","max-video-preview":"max-video-preview:-1"},"canonical":"https:\/\/www.rotorscio37.it\/de\/begleitpflanzen\/","og_locale":"de_DE","og_type":"article","og_title":"Begleitpflanzen - Rotorscio 37","og_description":"Begleitpflanzen f\u00fcr Tr\u00fcffelanlagen: Entdecken Sie die agronomische Rolle, die idealen Arten und wie Sie diese f\u00fcr erfolgreiche Tr\u00fcffelhaine integrieren.","og_url":"https:\/\/www.rotorscio37.it\/de\/begleitpflanzen\/","og_site_name":"Rotorscio 37","article_modified_time":"2026-02-16T15:42:32+00:00","twitter_card":"summary_large_image","twitter_misc":{"Gesch\u00e4tzte Lesezeit":"9\u00a0Minuten"},"schema":{"@context":"https:\/\/schema.org","@graph":[{"@type":"WebPage","@id":"https:\/\/www.rotorscio37.it\/de\/begleitpflanzen\/","url":"https:\/\/www.rotorscio37.it\/de\/begleitpflanzen\/","name":"Begleitpflanzen - Rotorscio 37","isPartOf":{"@id":"https:\/\/www.rotorscio37.it\/de\/#website"},"datePublished":"2023-12-18T17:14:25+00:00","dateModified":"2026-02-16T15:42:32+00:00","description":"Begleitpflanzen f\u00fcr Tr\u00fcffelanlagen: Entdecken Sie die agronomische Rolle, die idealen Arten und wie Sie diese f\u00fcr erfolgreiche Tr\u00fcffelhaine integrieren.","breadcrumb":{"@id":"https:\/\/www.rotorscio37.it\/de\/begleitpflanzen\/#breadcrumb"},"inLanguage":"de","potentialAction":[{"@type":"ReadAction","target":["https:\/\/www.rotorscio37.it\/de\/begleitpflanzen\/"]}]},{"@type":"BreadcrumbList","@id":"https:\/\/www.rotorscio37.it\/de\/begleitpflanzen\/#breadcrumb","itemListElement":[{"@type":"ListItem","position":1,"name":"Home","item":"https:\/\/www.rotorscio37.it\/de\/startseite\/"},{"@type":"ListItem","position":2,"name":"Begleitpflanzen"}]},{"@type":"WebSite","@id":"https:\/\/www.rotorscio37.it\/de\/#website","url":"https:\/\/www.rotorscio37.it\/de\/","name":"Rotorscio 37","description":"Tartufaie-consulenza e progettazione","potentialAction":[{"@type":"SearchAction","target":{"@type":"EntryPoint","urlTemplate":"https:\/\/www.rotorscio37.it\/de\/?s={search_term_string}"},"query-input":{"@type":"PropertyValueSpecification","valueRequired":true,"valueName":"search_term_string"}}],"inLanguage":"de"}]}},"_links":{"self":[{"href":"https:\/\/www.rotorscio37.it\/de\/wp-json\/wp\/v2\/pages\/1114","targetHints":{"allow":["GET"]}}],"collection":[{"href":"https:\/\/www.rotorscio37.it\/de\/wp-json\/wp\/v2\/pages"}],"about":[{"href":"https:\/\/www.rotorscio37.it\/de\/wp-json\/wp\/v2\/types\/page"}],"author":[{"embeddable":true,"href":"https:\/\/www.rotorscio37.it\/de\/wp-json\/wp\/v2\/users\/1"}],"replies":[{"embeddable":true,"href":"https:\/\/www.rotorscio37.it\/de\/wp-json\/wp\/v2\/comments?post=1114"}],"version-history":[{"count":2,"href":"https:\/\/www.rotorscio37.it\/de\/wp-json\/wp\/v2\/pages\/1114\/revisions"}],"predecessor-version":[{"id":1116,"href":"https:\/\/www.rotorscio37.it\/de\/wp-json\/wp\/v2\/pages\/1114\/revisions\/1116"}],"wp:attachment":[{"href":"https:\/\/www.rotorscio37.it\/de\/wp-json\/wp\/v2\/media?parent=1114"}],"curies":[{"name":"wp","href":"https:\/\/api.w.org\/{rel}","templated":true}]}}