{"id":1132,"date":"2025-12-29T14:51:38","date_gmt":"2025-12-29T14:51:38","guid":{"rendered":"https:\/\/www.rotorscio37.it\/trueffelbaeume-co\/"},"modified":"2026-02-16T15:47:25","modified_gmt":"2026-02-16T15:47:25","slug":"trueffelbaeume-co","status":"publish","type":"page","link":"https:\/\/www.rotorscio37.it\/de\/trueffelbaeume-co\/","title":{"rendered":"Tr\u00fcffelb\u00e4ume &amp; Co."},"content":{"rendered":"<p>[et_pb_section fb_built=&#8220;1&#8243; _builder_version=&#8220;4.23.1&#8243; _module_preset=&#8220;default&#8220; custom_padding=&#8220;0px||0px|||&#8220; locked=&#8220;off&#8220; global_colors_info=&#8220;{}&#8220;][et_pb_row column_structure=&#8220;1_5,1_5,1_5,1_5,1_5&#8243; use_custom_gutter=&#8220;on&#8220; gutter_width=&#8220;1&#8243; _builder_version=&#8220;4.23.1&#8243; _module_preset=&#8220;default&#8220; width=&#8220;90%&#8220; max_width=&#8220;2560px&#8220; custom_padding=&#8220;5px|||||&#8220; global_colors_info=&#8220;{}&#8220;][et_pb_column type=&#8220;1_5&#8243; _builder_version=&#8220;4.23.1&#8243; _module_preset=&#8220;default&#8220; global_colors_info=&#8220;{}&#8220;][et_pb_button button_url=&#8220;@ET-DC@eyJkeW5hbWljIjp0cnVlLCJjb250ZW50IjoicG9zdF9saW5rX3VybF9wYWdlIiwic2V0dGluZ3MiOnsicG9zdF9pZCI6IjE3IiwiZW5hYmxlX2h0bWwiOiJvZmYifX0=@&#8220; button_text=&#8220;mykorrhizierte Pflanzen&#8220; button_alignment=&#8220;center&#8220; _builder_version=&#8220;4.27.5&#8243; _dynamic_attributes=&#8220;button_url&#8220; _module_preset=&#8220;default&#8220; custom_button=&#8220;on&#8220; button_text_size=&#8220;16px&#8220; button_text_color=&#8220;#000000&#8243; button_bg_color=&#8220;#FFFFFF&#8220; button_border_color=&#8220;RGBA(255,255,255,0)&#8220; button_font=&#8220;Roboto|700||on|||||&#8220; global_colors_info=&#8220;{}&#8220;][\/et_pb_button][\/et_pb_column][et_pb_column type=&#8220;1_5&#8243; _builder_version=&#8220;4.23.1&#8243; _module_preset=&#8220;default&#8220; global_colors_info=&#8220;{}&#8220;][et_pb_button button_url=&#8220;@ET-DC@eyJkeW5hbWljIjp0cnVlLCJjb250ZW50IjoicG9zdF9saW5rX3VybF9wYWdlIiwic2V0dGluZ3MiOnsicG9zdF9pZCI6IjMwMyIsImVuYWJsZV9odG1sIjoib2ZmIn19@&#8220; button_text=&#8220;Begleitpflanzen&#8220; button_alignment=&#8220;center&#8220; _builder_version=&#8220;4.23.1&#8243; _dynamic_attributes=&#8220;button_url&#8220; _module_preset=&#8220;default&#8220; custom_button=&#8220;on&#8220; button_text_size=&#8220;16px&#8220; button_text_color=&#8220;#000000&#8243; button_bg_color=&#8220;#FFFFFF&#8220; button_border_color=&#8220;RGBA(255,255,255,0)&#8220; button_font=&#8220;Roboto|700||on|||||&#8220; global_colors_info=&#8220;{}&#8220;][\/et_pb_button][\/et_pb_column][et_pb_column type=&#8220;1_5&#8243; _builder_version=&#8220;4.23.1&#8243; _module_preset=&#8220;default&#8220; global_colors_info=&#8220;{}&#8220;][et_pb_button button_url=&#8220;@ET-DC@eyJkeW5hbWljIjp0cnVlLCJjb250ZW50IjoicG9zdF9saW5rX3VybF9wYWdlIiwic2V0dGluZ3MiOnsicG9zdF9pZCI6IjE5IiwiZW5hYmxlX2h0bWwiOiJvZmYifX0=@&#8220; button_text=&#8220;Sporeninokulum&#8220; button_alignment=&#8220;center&#8220; _builder_version=&#8220;4.23.1&#8243; _dynamic_attributes=&#8220;button_url&#8220; _module_preset=&#8220;default&#8220; custom_button=&#8220;on&#8220; button_text_size=&#8220;16px&#8220; button_text_color=&#8220;#000000&#8243; button_bg_color=&#8220;#FFFFFF&#8220; button_border_color=&#8220;RGBA(255,255,255,0)&#8220; button_font=&#8220;Roboto|700||on|||||&#8220; global_colors_info=&#8220;{}&#8220;][\/et_pb_button][\/et_pb_column][et_pb_column type=&#8220;1_5&#8243; _builder_version=&#8220;4.23.1&#8243; _module_preset=&#8220;default&#8220; global_colors_info=&#8220;{}&#8220;][et_pb_button button_url=&#8220;@ET-DC@eyJkeW5hbWljIjp0cnVlLCJjb250ZW50IjoicG9zdF9saW5rX3VybF9wYWdlIiwic2V0dGluZ3MiOnsicG9zdF9pZCI6IjMxMCIsImVuYWJsZV9odG1sIjoib2ZmIn19@&#8220; button_text=&#8220;LEIODES-FALLEN&#8220; button_alignment=&#8220;center&#8220; _builder_version=&#8220;4.23.1&#8243; _dynamic_attributes=&#8220;button_url&#8220; _module_preset=&#8220;default&#8220; custom_button=&#8220;on&#8220; button_text_size=&#8220;16px&#8220; button_text_color=&#8220;#000000&#8243; button_bg_color=&#8220;#FFFFFF&#8220; button_border_color=&#8220;RGBA(255,255,255,0)&#8220; button_font=&#8220;Roboto|700||on|||||&#8220; global_colors_info=&#8220;{}&#8220;][\/et_pb_button][\/et_pb_column][et_pb_column type=&#8220;1_5&#8243; _builder_version=&#8220;4.23.1&#8243; _module_preset=&#8220;default&#8220; global_colors_info=&#8220;{}&#8220;][et_pb_button button_url=&#8220;@ET-DC@eyJkeW5hbWljIjp0cnVlLCJjb250ZW50IjoicG9zdF9saW5rX3VybF9wYWdlIiwic2V0dGluZ3MiOnsicG9zdF9pZCI6IjE1IiwiZW5hYmxlX2h0bWwiOiJvZmYifX0=@&#8220; button_text=&#8220;Warum Tr\u00fcffel anbauen?&#8220; button_alignment=&#8220;center&#8220; _builder_version=&#8220;4.23.1&#8243; _dynamic_attributes=&#8220;button_url&#8220; _module_preset=&#8220;default&#8220; custom_button=&#8220;on&#8220; button_text_size=&#8220;16px&#8220; button_text_color=&#8220;#000000&#8243; button_bg_color=&#8220;#FFFFFF&#8220; button_border_color=&#8220;RGBA(255,255,255,0)&#8220; button_font=&#8220;Roboto|700||on|||||&#8220; global_colors_info=&#8220;{}&#8220;][\/et_pb_button][\/et_pb_column][\/et_pb_row][\/et_pb_section][et_pb_section fb_built=&#8220;1&#8243; fullwidth=&#8220;on&#8220; admin_label=&#8220;Hero Section&#8220; _builder_version=&#8220;4.23.1&#8243; background_color=&#8220;#233b4e&#8220; parallax=&#8220;on&#8220; custom_padding=&#8220;0px|0px|0px|0px&#8220; global_colors_info=&#8220;{}&#8220;][et_pb_fullwidth_header title=&#8220;tr\u00fcffelb\u00e4ume &amp; co.&#8220; header_fullscreen=&#8220;on&#8220; button_one_text=&#8220;Entdecken Sie unsere Angebote&#8220; button_one_url=&#8220;https:\/\/www.rotorscio37.it\/de\/mykorrhizierte-pflanzen\/&#8220; background_overlay_color=&#8220;rgba(29,38,51,0.86)&#8220; content_max_width=&#8220;700px&#8220; admin_label=&#8220;Hero&#8220; _builder_version=&#8220;4.27.5&#8243; title_font=&#8220;Oswald|on||on|&#8220; title_font_size=&#8220;63px&#8220; title_line_height=&#8220;1.3em&#8220; content_font=&#8220;Roboto||||&#8220; content_font_size=&#8220;20px&#8220; background_color=&#8220;rgba(255, 255, 255, 0)&#8220; background_image=&#8220;https:\/\/www.rotorscio37.it\/wp-content\/uploads\/2023\/12\/piante_tartufigine.jpg&#8220; parallax=&#8220;on&#8220; parallax_method=&#8220;on&#8220; custom_button_one=&#8220;on&#8220; button_one_text_size=&#8220;12px&#8220; button_one_border_radius=&#8220;0px&#8220; button_one_letter_spacing=&#8220;4px&#8220; button_one_font=&#8220;Oswald|on||on|&#8220; button_one_icon=&#8220;&#x24;||divi||400&#8243; button_one_icon_color=&#8220;#ffffff&#8220; animation_style=&#8220;zoom&#8220; animation_direction=&#8220;bottom&#8220; animation_intensity_zoom=&#8220;4%&#8220; button_one_text_color_hover=&#8220;#ffffff&#8220; button_one_border_color_hover=&#8220;#ffffff&#8220; button_one_border_radius_hover=&#8220;0px&#8220; button_one_letter_spacing_hover=&#8220;4px&#8220; button_one_bg_color_hover=&#8220;rgba(0,0,0,0)&#8220; global_colors_info=&#8220;{}&#8220; button_one_text_size__hover_enabled=&#8220;off&#8220; button_two_text_size__hover_enabled=&#8220;off&#8220; button_one_text_color__hover_enabled=&#8220;on&#8220; button_one_text_color__hover=&#8220;#ffffff&#8220; button_two_text_color__hover_enabled=&#8220;off&#8220; button_one_border_width__hover_enabled=&#8220;off&#8220; button_two_border_width__hover_enabled=&#8220;off&#8220; button_one_border_color__hover_enabled=&#8220;on&#8220; button_one_border_color__hover=&#8220;#ffffff&#8220; button_two_border_color__hover_enabled=&#8220;off&#8220; button_one_border_radius__hover_enabled=&#8220;on&#8220; button_one_border_radius__hover=&#8220;0px&#8220; button_two_border_radius__hover_enabled=&#8220;off&#8220; button_one_letter_spacing__hover_enabled=&#8220;on&#8220; button_one_letter_spacing__hover=&#8220;4px&#8220; button_two_letter_spacing__hover_enabled=&#8220;off&#8220; button_one_bg_color__hover_enabled=&#8220;on&#8220; button_one_bg_color__hover=&#8220;rgba(0,0,0,0)&#8220; button_two_bg_color__hover_enabled=&#8220;off&#8220;]<\/p>\n<h2>Innovative L\u00f6sungen f\u00fcr den Tr\u00fcffelanbau.<\/h2>\n<p>[\/et_pb_fullwidth_header][\/et_pb_section][et_pb_section fb_built=&#8220;1&#8243; _builder_version=&#8220;4.16&#8243; custom_padding=&#8220;110px||110px|&#8220; global_colors_info=&#8220;{}&#8220;][et_pb_row column_structure=&#8220;1_2,1_2&#8243; _builder_version=&#8220;4.16&#8243; global_colors_info=&#8220;{}&#8220;][et_pb_column type=&#8220;1_2&#8243; _builder_version=&#8220;4.16&#8243; custom_padding=&#8220;|||&#8220; global_colors_info=&#8220;{}&#8220; custom_padding__hover=&#8220;|||&#8220;][et_pb_text admin_label=&#8220;Discover Beatuty Title&#8220; _builder_version=&#8220;4.27.5&#8243; text_font=&#8220;||||&#8220; text_text_color=&#8220;#1a1a1a&#8220; text_font_size=&#8220;10px&#8220; header_font=&#8220;Oswald|on||on|&#8220; header_text_align=&#8220;left&#8220; header_font_size=&#8220;49px&#8220; header_line_height=&#8220;1.3em&#8220; animation_style=&#8220;slide&#8220; animation_direction=&#8220;top&#8220; animation_intensity_slide=&#8220;10%&#8220; global_colors_info=&#8220;{}&#8220;]<\/p>\n<h1>Tr\u00fcffelanlagen \u201enach Ma\u00df\u201c, zertifizierte mykorrhizierte Pflanzen und Respekt f\u00fcr die Umwelt<\/h1>\n<p>[\/et_pb_text][et_pb_divider color=&#8220;#ed4441&#8243; divider_position=&#8220;center&#8220; divider_weight=&#8220;3px&#8220; disabled_on=&#8220;off|off|off&#8220; _builder_version=&#8220;4.16&#8243; max_width=&#8220;150px&#8220; height=&#8220;false&#8220; animation_style=&#8220;slide&#8220; animation_direction=&#8220;top&#8220; animation_delay=&#8220;100ms&#8220; animation_intensity_slide=&#8220;10%&#8220; global_colors_info=&#8220;{}&#8220;][\/et_pb_divider][\/et_pb_column][et_pb_column type=&#8220;1_2&#8243; _builder_version=&#8220;4.16&#8243; custom_padding=&#8220;|||&#8220; global_colors_info=&#8220;{}&#8220; custom_padding__hover=&#8220;|||&#8220;][et_pb_text admin_label=&#8220;Discover Beatuty Text&#8220; _builder_version=&#8220;4.27.5&#8243; text_font=&#8220;Roboto||||&#8220; text_font_size=&#8220;16px&#8220; text_line_height=&#8220;1.9em&#8220; custom_padding=&#8220;30px|||&#8220; animation_style=&#8220;slide&#8220; animation_direction=&#8220;top&#8220; animation_delay=&#8220;200ms&#8220; animation_intensity_slide=&#8220;10%&#8220; hover_enabled=&#8220;0&#8243; global_colors_info=&#8220;{}&#8220; sticky_enabled=&#8220;0&#8243;]<\/p>\n<p style=\"text-align: justify;\">Unser Projekt <a href=\"https:\/\/www.rotorscio37.it\/wp-content\/uploads\/2023\/12\/Truffle-Garden-Catalogo-2023_compressed.pdf\"><strong>Truffle Garden<\/strong><\/a> ist einfach und effektiv; es erm\u00f6glicht die Realisierung produktiver Tr\u00fcffelanlagen, die sich durch eine unglaubliche Biodiversit\u00e4t auszeichnen, welche den Boden bereichert, den Wasserverbrauch senkt und ein exponentielles Wachstum des Tr\u00fcffelmyzels f\u00f6rdert.<\/p>\n<p style=\"text-align: justify;\">Die <b>tr\u00fcffeltragenden und mykorrhizierten Pflanzen<\/b> sind das Herzst\u00fcck eines jeden <i>erfolgreichen Tr\u00fcffelanbauprojekts<\/i>. Aus diesem Grund untersuchen und experimentieren wir seit vielen Jahren mit dem Einsatz von <a href=\"https:\/\/www.rotorscio37.it\/de\/begleitpflanzen\/\">Begleitpflanzen<\/a>, die zur Verbesserung der Produktivit\u00e4t von Tr\u00fcffelanlagen geeignet sind. Die Schaffung von Biodiversit\u00e4t, die die Entwicklung des Myzels beg\u00fcnstigt, bietet nachhaltige L\u00f6sungen und eine ausgewogene agronomische Nutzung der B\u00f6den. <o:p><\/o:p><\/p>\n<p>&nbsp;<\/p>\n<h3 style=\"text-align: justify;\"><strong>UNSERE FOCUS POINTS<\/strong><\/h3>\n<h3 style=\"text-align: justify;\"><em><strong>Biodiversit\u00e4t<\/strong><\/em>: Die Schaffung von Biodiversit\u00e4t in der Tr\u00fcffelanlage verbessert die Produktion und bereichert den Boden.<\/h3>\n<h3 style=\"text-align: justify;\"><em><strong>Fauna<\/strong><\/em>: Die \u201eTruffle Garden\u201c-L\u00f6sungen sind ideal, um kleine Tiere in die Tr\u00fcffelanlage zu locken, die f\u00fcr die Pflanzen und den Tr\u00fcffel \u00e4u\u00dferst n\u00fctzlich sind.<\/h3>\n<h3 style=\"text-align: justify;\"><em><strong>Umwelt<\/strong><\/em>: Ein nat\u00fcrlicher und effektiver Ansatz, um Tr\u00fcffel auf umweltschonende Weise zu kultivieren.<\/h3>\n<h3 style=\"text-align: justify;\"><em><strong>Produktivit\u00e4t<\/strong><\/em>: Unsere Studien haben gezeigt, dass die ausgewogene Einbringung verschiedener Arten die Entwicklung und Ausbreitung des Tr\u00fcffelmyzels f\u00f6rdert und so die Produktivit\u00e4t sowohl in Neuanlagen als auch in bestehenden Plantagen steigert und verbessert.<\/h3>\n<p>[\/et_pb_text][\/et_pb_column][\/et_pb_row][\/et_pb_section][et_pb_section fb_built=&#8220;1&#8243; _builder_version=&#8220;4.16&#8243; background_color=&#8220;#f4f4f4&#8243; custom_padding=&#8220;110px||110px|&#8220; global_colors_info=&#8220;{}&#8220;][et_pb_row column_structure=&#8220;1_2,1_2&#8243; _builder_version=&#8220;4.16&#8243; global_colors_info=&#8220;{}&#8220;][et_pb_column type=&#8220;1_2&#8243; _builder_version=&#8220;4.16&#8243; custom_padding=&#8220;|||&#8220; global_colors_info=&#8220;{}&#8220; custom_padding__hover=&#8220;|||&#8220;][et_pb_text admin_label=&#8220;Top Destination Title&#8220; _builder_version=&#8220;4.27.5&#8243; text_font=&#8220;||||&#8220; text_text_color=&#8220;#1a1a1a&#8220; header_font=&#8220;Oswald|on||on|&#8220; header_text_align=&#8220;left&#8220; header_font_size=&#8220;58px&#8220; header_line_height=&#8220;1.3em&#8220; custom_margin=&#8220;|||&#8220; custom_padding=&#8220;|||&#8220; animation_style=&#8220;slide&#8220; animation_direction=&#8220;top&#8220; animation_intensity_slide=&#8220;10%&#8220; locked=&#8220;off&#8220; global_colors_info=&#8220;{}&#8220;]<\/p>\n<h1>Innovation und Qualit\u00e4t f\u00fcr erfolgreiche Tr\u00fcffelanlagen<\/h1>\n<p>[\/et_pb_text][et_pb_divider color=&#8220;#ed4441&#8243; divider_position=&#8220;center&#8220; divider_weight=&#8220;3px&#8220; disabled_on=&#8220;off|off|off&#8220; _builder_version=&#8220;4.16&#8243; max_width=&#8220;150px&#8220; height=&#8220;false&#8220; animation_style=&#8220;slide&#8220; animation_direction=&#8220;top&#8220; animation_delay=&#8220;100ms&#8220; animation_intensity_slide=&#8220;10%&#8220; locked=&#8220;off&#8220; global_colors_info=&#8220;{}&#8220;][\/et_pb_divider][\/et_pb_column][et_pb_column type=&#8220;1_2&#8243; _builder_version=&#8220;4.16&#8243; custom_padding=&#8220;|||&#8220; global_colors_info=&#8220;{}&#8220; custom_padding__hover=&#8220;|||&#8220;][et_pb_text admin_label=&#8220;Top Destination Text&#8220; _builder_version=&#8220;4.27.5&#8243; text_font=&#8220;Roboto||||&#8220; text_font_size=&#8220;16px&#8220; text_line_height=&#8220;1.9em&#8220; custom_padding=&#8220;||60px|&#8220; animation_style=&#8220;slide&#8220; animation_direction=&#8220;top&#8220; animation_intensity_slide=&#8220;4%&#8220; locked=&#8220;off&#8220; global_colors_info=&#8220;{}&#8220;]<\/p>\n<p style=\"text-align: justify;\">Rotorscio37 bietet ein <strong>komplettes Sortiment an mykorrhizierten und tr\u00fcffeltragenden Pflanzen<\/strong> an, erg\u00e4nzt durch Produkte und Anbaul\u00f6sungen, die darauf ausgelegt sind, den Ertrag von Tr\u00fcffelanlagen zu steigern.<\/p>\n<p style=\"text-align: justify;\"><strong>Verf\u00fcgbare Produkttypen:<\/strong><\/p>\n<ul style=\"text-align: justify;\">\n<li><a href=\"https:\/\/www.rotorscio37.it\/de\/mykorrhizierte-pflanzen\/\"><strong>Mykorrhizierte Tr\u00fcffelb\u00e4ume<\/strong><\/a> mit Inokulation von schwarzem Tr\u00fcffel und Sommertr\u00fcffel.<\/li>\n<li><a href=\"https:\/\/www.rotorscio37.it\/de\/sporeninokulum\/\"><strong>Inokulate und Mykorrhizierungsmaterialien<\/strong><\/a> f\u00fcr spezifische Projekte.<\/li>\n<li><a href=\"https:\/\/www.rotorscio37.it\/shop-prodotti-tartufaie\/\"><strong>Intensivbehandlungen<\/strong><\/a> und verbessernde Ma\u00dfnahmen.<\/li>\n<li><a href=\"https:\/\/www.rotorscio37.it\/de\/leiodes-fallen\/\"><strong>Zubeh\u00f6r und Materialien<\/strong><\/a> f\u00fcr die Bewirtschaftung der Plantagen.<\/li>\n<\/ul>\n<p style=\"text-align: justify;\">Unsere Pflanzen werden sorgf\u00e4ltig ausgew\u00e4hlt, um <strong>Kompatibilit\u00e4t mit verschiedenen Umgebungen zu gew\u00e4hrleisten. Dank unserer Erfahrung k\u00f6nnen wir Sie bei der besten Wahl f\u00fcr Ihren Boden unterst\u00fctzen.<\/strong><\/p>\n<h2><\/h2>\n<h2><\/h2>\n<h2 style=\"text-align: justify;\"><em>Haben Sie Fragen zu mykorrhizierten Pflanzen oder erw\u00e4gen Sie die Anlage einer Tr\u00fcffelkultur?<\/em><\/h2>\n<p style=\"text-align: justify;\"><a href=\"https:\/\/www.rotorscio37.it\/de\/kontakt\/\">Kontaktieren Sie uns<\/a>; wir bieten Ihnen <strong>kompetente Beratung bei der Auswahl, dem Kauf und dem Einsatz der besten Tr\u00fcffelb\u00e4ume<\/strong> und unterst\u00fctzen Sie in jeder Phase, von der Auswahl bis zur technischen Verwaltung.<\/p>\n<p>[\/et_pb_text][\/et_pb_column][\/et_pb_row][\/et_pb_section]<\/p>\n","protected":false},"excerpt":{"rendered":"<p>Innovative L\u00f6sungen f\u00fcr den Tr\u00fcffelanbau.Tr\u00fcffelanlagen \u201enach Ma\u00df\u201c, zertifizierte mykorrhizierte Pflanzen und Respekt f\u00fcr die UmweltUnser Projekt Truffle Garden ist einfach und effektiv; es erm\u00f6glicht die Realisierung produktiver Tr\u00fcffelanlagen, die sich durch eine unglaubliche Biodiversit\u00e4t auszeichnen, welche den Boden bereichert, den Wasserverbrauch senkt und ein exponentielles Wachstum des Tr\u00fcffelmyzels f\u00f6rdert. Die tr\u00fcffeltragenden und mykorrhizierten Pflanzen sind [&hellip;]<\/p>\n","protected":false},"author":1,"featured_media":0,"parent":0,"menu_order":0,"comment_status":"closed","ping_status":"closed","template":"","meta":{"_et_pb_use_builder":"on","_et_pb_old_content":"","_et_gb_content_width":"","_joinchat":[],"footnotes":""},"class_list":["post-1132","page","type-page","status-publish","hentry"],"yoast_head":"<!-- This site is optimized with the Yoast SEO plugin v27.2 - https:\/\/yoast.com\/product\/yoast-seo-wordpress\/ -->\n<title>Tr\u00fcffelb\u00e4ume &amp; Co. - Rotorscio 37<\/title>\n<meta name=\"description\" content=\"Hochwertige tr\u00fcffeltragende und mykorrhizierte Pflanzen, innovative L\u00f6sungen, technische Beratung und umfassende Unterst\u00fctzung f\u00fcr Ihre Tr\u00fcffelanlage.\" \/>\n<meta name=\"robots\" content=\"index, follow, max-snippet:-1, max-image-preview:large, max-video-preview:-1\" \/>\n<link rel=\"canonical\" href=\"https:\/\/www.rotorscio37.it\/de\/trueffelbaeume-co\/\" \/>\n<meta property=\"og:locale\" content=\"de_DE\" \/>\n<meta property=\"og:type\" content=\"article\" \/>\n<meta property=\"og:title\" content=\"Tr\u00fcffelb\u00e4ume &amp; Co. - Rotorscio 37\" \/>\n<meta property=\"og:description\" content=\"Hochwertige tr\u00fcffeltragende und mykorrhizierte Pflanzen, innovative L\u00f6sungen, technische Beratung und umfassende Unterst\u00fctzung f\u00fcr Ihre Tr\u00fcffelanlage.\" \/>\n<meta property=\"og:url\" content=\"https:\/\/www.rotorscio37.it\/de\/trueffelbaeume-co\/\" \/>\n<meta property=\"og:site_name\" content=\"Rotorscio 37\" \/>\n<meta property=\"article:modified_time\" content=\"2026-02-16T15:47:25+00:00\" \/>\n<meta name=\"twitter:card\" content=\"summary_large_image\" \/>\n<meta name=\"twitter:label1\" content=\"Gesch\u00e4tzte Lesezeit\" \/>\n\t<meta name=\"twitter:data1\" content=\"8\u00a0Minuten\" \/>\n<script type=\"application\/ld+json\" class=\"yoast-schema-graph\">{\"@context\":\"https:\/\/schema.org\",\"@graph\":[{\"@type\":\"WebPage\",\"@id\":\"https:\/\/www.rotorscio37.it\/de\/trueffelbaeume-co\/\",\"url\":\"https:\/\/www.rotorscio37.it\/de\/trueffelbaeume-co\/\",\"name\":\"Tr\u00fcffelb\u00e4ume &amp; Co. - Rotorscio 37\",\"isPartOf\":{\"@id\":\"https:\/\/www.rotorscio37.it\/de\/#website\"},\"datePublished\":\"2025-12-29T14:51:38+00:00\",\"dateModified\":\"2026-02-16T15:47:25+00:00\",\"description\":\"Hochwertige tr\u00fcffeltragende und mykorrhizierte Pflanzen, innovative L\u00f6sungen, technische Beratung und umfassende Unterst\u00fctzung f\u00fcr Ihre Tr\u00fcffelanlage.\",\"breadcrumb\":{\"@id\":\"https:\/\/www.rotorscio37.it\/de\/trueffelbaeume-co\/#breadcrumb\"},\"inLanguage\":\"de\",\"potentialAction\":[{\"@type\":\"ReadAction\",\"target\":[\"https:\/\/www.rotorscio37.it\/de\/trueffelbaeume-co\/\"]}]},{\"@type\":\"BreadcrumbList\",\"@id\":\"https:\/\/www.rotorscio37.it\/de\/trueffelbaeume-co\/#breadcrumb\",\"itemListElement\":[{\"@type\":\"ListItem\",\"position\":1,\"name\":\"Home\",\"item\":\"https:\/\/www.rotorscio37.it\/de\/startseite\/\"},{\"@type\":\"ListItem\",\"position\":2,\"name\":\"Tr\u00fcffelb\u00e4ume &amp; Co.\"}]},{\"@type\":\"WebSite\",\"@id\":\"https:\/\/www.rotorscio37.it\/de\/#website\",\"url\":\"https:\/\/www.rotorscio37.it\/de\/\",\"name\":\"Rotorscio 37\",\"description\":\"Tartufaie-consulenza e progettazione\",\"potentialAction\":[{\"@type\":\"SearchAction\",\"target\":{\"@type\":\"EntryPoint\",\"urlTemplate\":\"https:\/\/www.rotorscio37.it\/de\/?s={search_term_string}\"},\"query-input\":{\"@type\":\"PropertyValueSpecification\",\"valueRequired\":true,\"valueName\":\"search_term_string\"}}],\"inLanguage\":\"de\"}]}<\/script>\n<!-- \/ Yoast SEO plugin. -->","yoast_head_json":{"title":"Tr\u00fcffelb\u00e4ume &amp; Co. - Rotorscio 37","description":"Hochwertige tr\u00fcffeltragende und mykorrhizierte Pflanzen, innovative L\u00f6sungen, technische Beratung und umfassende Unterst\u00fctzung f\u00fcr Ihre Tr\u00fcffelanlage.","robots":{"index":"index","follow":"follow","max-snippet":"max-snippet:-1","max-image-preview":"max-image-preview:large","max-video-preview":"max-video-preview:-1"},"canonical":"https:\/\/www.rotorscio37.it\/de\/trueffelbaeume-co\/","og_locale":"de_DE","og_type":"article","og_title":"Tr\u00fcffelb\u00e4ume &amp; Co. - Rotorscio 37","og_description":"Hochwertige tr\u00fcffeltragende und mykorrhizierte Pflanzen, innovative L\u00f6sungen, technische Beratung und umfassende Unterst\u00fctzung f\u00fcr Ihre Tr\u00fcffelanlage.","og_url":"https:\/\/www.rotorscio37.it\/de\/trueffelbaeume-co\/","og_site_name":"Rotorscio 37","article_modified_time":"2026-02-16T15:47:25+00:00","twitter_card":"summary_large_image","twitter_misc":{"Gesch\u00e4tzte Lesezeit":"8\u00a0Minuten"},"schema":{"@context":"https:\/\/schema.org","@graph":[{"@type":"WebPage","@id":"https:\/\/www.rotorscio37.it\/de\/trueffelbaeume-co\/","url":"https:\/\/www.rotorscio37.it\/de\/trueffelbaeume-co\/","name":"Tr\u00fcffelb\u00e4ume &amp; Co. - Rotorscio 37","isPartOf":{"@id":"https:\/\/www.rotorscio37.it\/de\/#website"},"datePublished":"2025-12-29T14:51:38+00:00","dateModified":"2026-02-16T15:47:25+00:00","description":"Hochwertige tr\u00fcffeltragende und mykorrhizierte Pflanzen, innovative L\u00f6sungen, technische Beratung und umfassende Unterst\u00fctzung f\u00fcr Ihre Tr\u00fcffelanlage.","breadcrumb":{"@id":"https:\/\/www.rotorscio37.it\/de\/trueffelbaeume-co\/#breadcrumb"},"inLanguage":"de","potentialAction":[{"@type":"ReadAction","target":["https:\/\/www.rotorscio37.it\/de\/trueffelbaeume-co\/"]}]},{"@type":"BreadcrumbList","@id":"https:\/\/www.rotorscio37.it\/de\/trueffelbaeume-co\/#breadcrumb","itemListElement":[{"@type":"ListItem","position":1,"name":"Home","item":"https:\/\/www.rotorscio37.it\/de\/startseite\/"},{"@type":"ListItem","position":2,"name":"Tr\u00fcffelb\u00e4ume &amp; Co."}]},{"@type":"WebSite","@id":"https:\/\/www.rotorscio37.it\/de\/#website","url":"https:\/\/www.rotorscio37.it\/de\/","name":"Rotorscio 37","description":"Tartufaie-consulenza e progettazione","potentialAction":[{"@type":"SearchAction","target":{"@type":"EntryPoint","urlTemplate":"https:\/\/www.rotorscio37.it\/de\/?s={search_term_string}"},"query-input":{"@type":"PropertyValueSpecification","valueRequired":true,"valueName":"search_term_string"}}],"inLanguage":"de"}]}},"_links":{"self":[{"href":"https:\/\/www.rotorscio37.it\/de\/wp-json\/wp\/v2\/pages\/1132","targetHints":{"allow":["GET"]}}],"collection":[{"href":"https:\/\/www.rotorscio37.it\/de\/wp-json\/wp\/v2\/pages"}],"about":[{"href":"https:\/\/www.rotorscio37.it\/de\/wp-json\/wp\/v2\/types\/page"}],"author":[{"embeddable":true,"href":"https:\/\/www.rotorscio37.it\/de\/wp-json\/wp\/v2\/users\/1"}],"replies":[{"embeddable":true,"href":"https:\/\/www.rotorscio37.it\/de\/wp-json\/wp\/v2\/comments?post=1132"}],"version-history":[{"count":2,"href":"https:\/\/www.rotorscio37.it\/de\/wp-json\/wp\/v2\/pages\/1132\/revisions"}],"predecessor-version":[{"id":1134,"href":"https:\/\/www.rotorscio37.it\/de\/wp-json\/wp\/v2\/pages\/1132\/revisions\/1134"}],"wp:attachment":[{"href":"https:\/\/www.rotorscio37.it\/de\/wp-json\/wp\/v2\/media?parent=1132"}],"curies":[{"name":"wp","href":"https:\/\/api.w.org\/{rel}","templated":true}]}}