{"id":1147,"date":"2023-12-01T11:14:36","date_gmt":"2023-12-01T11:14:36","guid":{"rendered":"https:\/\/www.rotorscio37.it\/datenschutzerklaerung\/"},"modified":"2023-12-01T11:14:36","modified_gmt":"2023-12-01T11:14:36","slug":"datenschutzerklaerung","status":"publish","type":"page","link":"https:\/\/www.rotorscio37.it\/de\/datenschutzerklaerung\/","title":{"rendered":"Datenschutzerkl\u00e4rung"},"content":{"rendered":"<h2 class=\"wp-block-heading\">Chi siamo<\/h2>\n<p>Die Adresse unserer Website ist: https:\/\/rotorscio37.it<\/p>\n<div id=\"footer-info\">Sette2 srls Serra San Quirico (AN) IT02869890422<\/div>\n<p>&nbsp;<\/p>\n<h2 class=\"wp-block-heading\">Kommentare<\/h2>\n<p>Wenn Besucher Kommentare auf der Website schreiben, sammeln wir die Daten, die im Kommentar-Formular angezeigt werden, sowie die IP-Adresse des Besuchers und den User-Agent-String des Browsers, um die Erkennung von Spam zu unterst\u00fctzen.<\/p>\n<p>Eine anonymisierte Zeichenfolge, die aus Ihrer E-Mail-Adresse erstellt wurde (auch Hash genannt), kann dem Gravatar-Dienst bereitgestellt werden, um zu pr\u00fcfen, ob Sie diesen nutzen. Die Datenschutzerkl\u00e4rung des Gravatar-Dienstes finden Sie hier: https:\/\/automattic.com\/privacy\/. Nach der Genehmigung Ihres Kommentars ist Ihr Profilbild \u00f6ffentlich im Kontext Ihres Kommentars sichtbar.<\/p>\n<p>&nbsp;<\/p>\n<h2 class=\"wp-block-heading\">Medien<\/h2>\n<p>Wenn Sie Bilder auf die Website hochladen, sollten Sie es vermeiden, Bilder mit eingebetteten Standortdaten (EXIF-GPS) hochzuladen. Besucher der Website k\u00f6nnen alle Standortdaten von Bildern auf der Website herunterladen und extrahieren.<\/p>\n<p>&nbsp;<\/p>\n<h2 class=\"wp-block-heading\">Cookies<\/h2>\n<p>Wenn Sie einen Kommentar auf unserer Website schreiben, k\u00f6nnen Sie sich entscheiden, Ihren Namen, Ihre E-Mail-Adresse und Ihre Website in Cookies zu speichern. Diese dienen Ihrem Komfort, damit Sie Ihre Daten nicht erneut eingeben m\u00fcssen, wenn Sie einen weiteren Kommentar hinterlassen. Diese Cookies werden ein Jahr lang gespeichert.<\/p>\n<p>Wenn Sie die Login-Seite besuchen, wird ein tempor\u00e4res Cookie gesetzt, um festzustellen, ob Ihr Browser Cookies akzeptiert. Dieses Cookie enth\u00e4lt keine personenbezogenen Daten und wird gel\u00f6scht, wenn Sie Ihren Browser schlie\u00dfen.<\/p>\n<p>Wenn Sie sich anmelden, werden mehrere Cookies gesetzt, um Ihre Anmeldeinformationen und Ihre Anzeigeoptionen zu speichern. Anmelde-Cookies halten zwei Tage lang, w\u00e4hrend Cookies f\u00fcr Anzeigeoptionen ein Jahr lang halten. Wenn Sie \u201eAngemeldet bleiben\u201c ausw\u00e4hlen, wird Ihre Anmeldung zwei Wochen lang beibehalten. Wenn Sie sich von Ihrem Konto abmelden, werden die Anmelde-Cookies entfernt.<\/p>\n<p>Wenn Sie einen Artikel bearbeiten oder ver\u00f6ffentlichen, wird ein zus\u00e4tzlicher Cookie in Ihrem Browser gespeichert. Dieser Cookie enth\u00e4lt keine personenbezogenen Daten, sondern gibt lediglich die ID des gerade bearbeiteten Artikels an. Er l\u00e4uft nach einem Tag ab.<\/p>\n<p>&nbsp;<\/p>\n<h2 class=\"wp-block-heading\">Eingebettete Inhalte von anderen Websites<\/h2>\n<p>Beitr\u00e4ge auf dieser Website k\u00f6nnen eingebettete Inhalte enthalten (z. B. Videos, Bilder, Beitr\u00e4ge usw.). Eingebettete Inhalte von anderen Websites verhalten sich exakt so, als ob der Besucher die andere Website besucht h\u00e4tte.<\/p>\n<p>Diese Websites k\u00f6nnen Daten \u00fcber Sie sammeln, Cookies verwenden, zus\u00e4tzliche Tracking-Dienste von Drittanbietern einbetten und Ihre Interaktion mit diesem eingebetteten Inhalt \u00fcberwachen, einschlie\u00dflich der Verfolgung Ihrer Interaktion mit dem eingebetteten Inhalt, falls Sie ein Konto haben und auf dieser Website angemeldet sind.<\/p>\n<p>&nbsp;<\/p>\n<h2 class=\"wp-block-heading\">Mit wem wir Ihre Daten teilen<\/h2>\n<p>Wenn Sie eine Zur\u00fccksetzung des Passworts beantragen, wird Ihre IP-Adresse in der E-Mail zur Zur\u00fccksetzung enthalten sein.<\/p>\n<p>&nbsp;<\/p>\n<h2 class=\"wp-block-heading\">Wie lange wir Ihre Daten speichern<\/h2>\n<p>Wenn Sie einen Kommentar hinterlassen, werden der Kommentar und seine Metadaten zeitlich unbegrenzt gespeichert. Auf diese Weise k\u00f6nnen wir Folgekommentare automatisch erkennen und freigeben, anstatt sie in einer Moderations-Warteschlange festzuhalten.<\/p>\n<p>F\u00fcr Benutzer, die sich auf unserer Website registrieren (falls vorhanden), speichern wir auch die pers\u00f6nlichen Informationen, die sie in ihrem Benutzerprofil angeben. Alle Benutzer k\u00f6nnen ihre pers\u00f6nlichen Informationen jederzeit einsehen, bearbeiten oder l\u00f6schen (mit Ausnahme ihres Benutzernamens, den sie nicht \u00e4ndern k\u00f6nnen). Administratoren der Website k\u00f6nnen diese Informationen ebenfalls einsehen und bearbeiten.<\/p>\n<p>&nbsp;<\/p>\n<h2 class=\"wp-block-heading\">Welche Rechte Sie an Ihren Daten haben<\/h2>\n<p>Wenn Sie ein Konto auf dieser Website besitzen oder Kommentare hinterlassen haben, k\u00f6nnen Sie einen Export Ihrer personenbezogenen Daten bei uns anfordern, einschlie\u00dflich aller Daten, die Sie uns mitgeteilt haben. Dar\u00fcber hinaus k\u00f6nnen Sie die L\u00f6schung aller personenbezogenen Daten, die wir von Ihnen gespeichert haben, verlangen. Dies schlie\u00dft nicht die Daten ein, die wir aufgrund administrativer, rechtlicher oder sicherheitsrelevanter Notwendigkeiten aufbewahren m\u00fcssen.<\/p>\n<p>&nbsp;<\/p>\n<h2 class=\"wp-block-heading\">Wohin Ihre Daten gesendet werden<\/h2>\n<p>Besucher-Kommentare k\u00f6nnten von einem automatisierten Dienst zur Spam-Erkennung untersucht werden.<\/p>\n","protected":false},"excerpt":{"rendered":"<p>Chi siamo Die Adresse unserer Website ist: https:\/\/rotorscio37.it Sette2 srls Serra San Quirico (AN) IT02869890422 &nbsp; Kommentare Wenn Besucher Kommentare auf der Website schreiben, sammeln wir die Daten, die im Kommentar-Formular angezeigt werden, sowie die IP-Adresse des Besuchers und den User-Agent-String des Browsers, um die Erkennung von Spam zu unterst\u00fctzen. Eine anonymisierte Zeichenfolge, die aus [&hellip;]<\/p>\n","protected":false},"author":1,"featured_media":0,"parent":0,"menu_order":0,"comment_status":"closed","ping_status":"open","template":"","meta":{"_et_pb_use_builder":"","_et_pb_old_content":"","_et_gb_content_width":"","_joinchat":[],"footnotes":""},"class_list":["post-1147","page","type-page","status-publish","hentry"],"yoast_head":"<!-- This site is optimized with the Yoast SEO plugin v27.2 - https:\/\/yoast.com\/product\/yoast-seo-wordpress\/ -->\n<title>Datenschutzerkl\u00e4rung - Rotorscio 37<\/title>\n<meta name=\"robots\" content=\"index, follow, max-snippet:-1, max-image-preview:large, max-video-preview:-1\" \/>\n<link rel=\"canonical\" href=\"https:\/\/www.rotorscio37.it\/de\/datenschutzerklaerung\/\" \/>\n<meta property=\"og:locale\" content=\"de_DE\" \/>\n<meta property=\"og:type\" content=\"article\" \/>\n<meta property=\"og:title\" content=\"Datenschutzerkl\u00e4rung - Rotorscio 37\" \/>\n<meta property=\"og:description\" content=\"Chi siamo Die Adresse unserer Website ist: https:\/\/rotorscio37.it Sette2 srls Serra San Quirico (AN) IT02869890422 &nbsp; Kommentare Wenn Besucher Kommentare auf der Website schreiben, sammeln wir die Daten, die im Kommentar-Formular angezeigt werden, sowie die IP-Adresse des Besuchers und den User-Agent-String des Browsers, um die Erkennung von Spam zu unterst\u00fctzen. Eine anonymisierte Zeichenfolge, die aus [&hellip;]\" \/>\n<meta property=\"og:url\" content=\"https:\/\/www.rotorscio37.it\/de\/datenschutzerklaerung\/\" \/>\n<meta property=\"og:site_name\" content=\"Rotorscio 37\" \/>\n<meta name=\"twitter:card\" content=\"summary_large_image\" \/>\n<meta name=\"twitter:label1\" content=\"Gesch\u00e4tzte Lesezeit\" \/>\n\t<meta name=\"twitter:data1\" content=\"3\u00a0Minuten\" \/>\n<script type=\"application\/ld+json\" class=\"yoast-schema-graph\">{\"@context\":\"https:\/\/schema.org\",\"@graph\":[{\"@type\":\"WebPage\",\"@id\":\"https:\/\/www.rotorscio37.it\/de\/datenschutzerklaerung\/\",\"url\":\"https:\/\/www.rotorscio37.it\/de\/datenschutzerklaerung\/\",\"name\":\"Datenschutzerkl\u00e4rung - Rotorscio 37\",\"isPartOf\":{\"@id\":\"https:\/\/www.rotorscio37.it\/de\/#website\"},\"datePublished\":\"2023-12-01T11:14:36+00:00\",\"breadcrumb\":{\"@id\":\"https:\/\/www.rotorscio37.it\/de\/datenschutzerklaerung\/#breadcrumb\"},\"inLanguage\":\"de\",\"potentialAction\":[{\"@type\":\"ReadAction\",\"target\":[\"https:\/\/www.rotorscio37.it\/de\/datenschutzerklaerung\/\"]}]},{\"@type\":\"BreadcrumbList\",\"@id\":\"https:\/\/www.rotorscio37.it\/de\/datenschutzerklaerung\/#breadcrumb\",\"itemListElement\":[{\"@type\":\"ListItem\",\"position\":1,\"name\":\"Home\",\"item\":\"https:\/\/www.rotorscio37.it\/de\/startseite\/\"},{\"@type\":\"ListItem\",\"position\":2,\"name\":\"Datenschutzerkl\u00e4rung\"}]},{\"@type\":\"WebSite\",\"@id\":\"https:\/\/www.rotorscio37.it\/de\/#website\",\"url\":\"https:\/\/www.rotorscio37.it\/de\/\",\"name\":\"Rotorscio 37\",\"description\":\"Tartufaie-consulenza e progettazione\",\"potentialAction\":[{\"@type\":\"SearchAction\",\"target\":{\"@type\":\"EntryPoint\",\"urlTemplate\":\"https:\/\/www.rotorscio37.it\/de\/?s={search_term_string}\"},\"query-input\":{\"@type\":\"PropertyValueSpecification\",\"valueRequired\":true,\"valueName\":\"search_term_string\"}}],\"inLanguage\":\"de\"}]}<\/script>\n<!-- \/ Yoast SEO plugin. -->","yoast_head_json":{"title":"Datenschutzerkl\u00e4rung - Rotorscio 37","robots":{"index":"index","follow":"follow","max-snippet":"max-snippet:-1","max-image-preview":"max-image-preview:large","max-video-preview":"max-video-preview:-1"},"canonical":"https:\/\/www.rotorscio37.it\/de\/datenschutzerklaerung\/","og_locale":"de_DE","og_type":"article","og_title":"Datenschutzerkl\u00e4rung - Rotorscio 37","og_description":"Chi siamo Die Adresse unserer Website ist: https:\/\/rotorscio37.it Sette2 srls Serra San Quirico (AN) IT02869890422 &nbsp; Kommentare Wenn Besucher Kommentare auf der Website schreiben, sammeln wir die Daten, die im Kommentar-Formular angezeigt werden, sowie die IP-Adresse des Besuchers und den User-Agent-String des Browsers, um die Erkennung von Spam zu unterst\u00fctzen. Eine anonymisierte Zeichenfolge, die aus [&hellip;]","og_url":"https:\/\/www.rotorscio37.it\/de\/datenschutzerklaerung\/","og_site_name":"Rotorscio 37","twitter_card":"summary_large_image","twitter_misc":{"Gesch\u00e4tzte Lesezeit":"3\u00a0Minuten"},"schema":{"@context":"https:\/\/schema.org","@graph":[{"@type":"WebPage","@id":"https:\/\/www.rotorscio37.it\/de\/datenschutzerklaerung\/","url":"https:\/\/www.rotorscio37.it\/de\/datenschutzerklaerung\/","name":"Datenschutzerkl\u00e4rung - Rotorscio 37","isPartOf":{"@id":"https:\/\/www.rotorscio37.it\/de\/#website"},"datePublished":"2023-12-01T11:14:36+00:00","breadcrumb":{"@id":"https:\/\/www.rotorscio37.it\/de\/datenschutzerklaerung\/#breadcrumb"},"inLanguage":"de","potentialAction":[{"@type":"ReadAction","target":["https:\/\/www.rotorscio37.it\/de\/datenschutzerklaerung\/"]}]},{"@type":"BreadcrumbList","@id":"https:\/\/www.rotorscio37.it\/de\/datenschutzerklaerung\/#breadcrumb","itemListElement":[{"@type":"ListItem","position":1,"name":"Home","item":"https:\/\/www.rotorscio37.it\/de\/startseite\/"},{"@type":"ListItem","position":2,"name":"Datenschutzerkl\u00e4rung"}]},{"@type":"WebSite","@id":"https:\/\/www.rotorscio37.it\/de\/#website","url":"https:\/\/www.rotorscio37.it\/de\/","name":"Rotorscio 37","description":"Tartufaie-consulenza e progettazione","potentialAction":[{"@type":"SearchAction","target":{"@type":"EntryPoint","urlTemplate":"https:\/\/www.rotorscio37.it\/de\/?s={search_term_string}"},"query-input":{"@type":"PropertyValueSpecification","valueRequired":true,"valueName":"search_term_string"}}],"inLanguage":"de"}]}},"_links":{"self":[{"href":"https:\/\/www.rotorscio37.it\/de\/wp-json\/wp\/v2\/pages\/1147","targetHints":{"allow":["GET"]}}],"collection":[{"href":"https:\/\/www.rotorscio37.it\/de\/wp-json\/wp\/v2\/pages"}],"about":[{"href":"https:\/\/www.rotorscio37.it\/de\/wp-json\/wp\/v2\/types\/page"}],"author":[{"embeddable":true,"href":"https:\/\/www.rotorscio37.it\/de\/wp-json\/wp\/v2\/users\/1"}],"replies":[{"embeddable":true,"href":"https:\/\/www.rotorscio37.it\/de\/wp-json\/wp\/v2\/comments?post=1147"}],"version-history":[{"count":0,"href":"https:\/\/www.rotorscio37.it\/de\/wp-json\/wp\/v2\/pages\/1147\/revisions"}],"wp:attachment":[{"href":"https:\/\/www.rotorscio37.it\/de\/wp-json\/wp\/v2\/media?parent=1147"}],"curies":[{"name":"wp","href":"https:\/\/api.w.org\/{rel}","templated":true}]}}