{"id":1155,"date":"2024-10-04T07:12:25","date_gmt":"2024-10-04T07:12:25","guid":{"rendered":"https:\/\/www.rotorscio37.it\/beratungsdienste-fuer-ihre-projekte\/"},"modified":"2026-02-16T15:54:04","modified_gmt":"2026-02-16T15:54:04","slug":"beratungsdienste-fuer-ihre-projekte","status":"publish","type":"page","link":"https:\/\/www.rotorscio37.it\/de\/beratungsdienste-fuer-ihre-projekte\/","title":{"rendered":"BERATUNGSDIENSTE F\u00dcR IHRE PROJEKTE"},"content":{"rendered":"<p>[et_pb_section fb_built=&#8220;1&#8243; _builder_version=&#8220;4.23.1&#8243; _module_preset=&#8220;default&#8220; custom_padding=&#8220;0px||0px|||&#8220; locked=&#8220;off&#8220; global_colors_info=&#8220;{}&#8220;][et_pb_row column_structure=&#8220;1_6,1_6,1_6,1_6,1_6,1_6&#8243; use_custom_gutter=&#8220;on&#8220; gutter_width=&#8220;1&#8243; _builder_version=&#8220;4.23.1&#8243; _module_preset=&#8220;default&#8220; width=&#8220;90%&#8220; max_width=&#8220;2560px&#8220; custom_padding=&#8220;5px|||||&#8220; global_colors_info=&#8220;{}&#8220;][et_pb_column type=&#8220;1_6&#8243; _builder_version=&#8220;4.23.1&#8243; _module_preset=&#8220;default&#8220; global_colors_info=&#8220;{}&#8220;][et_pb_button button_url=&#8220;@ET-DC@eyJkeW5hbWljIjp0cnVlLCJjb250ZW50IjoicG9zdF9saW5rX3VybF9wYWdlIiwic2V0dGluZ3MiOnsicG9zdF9pZCI6IjQ5MSIsImVuYWJsZV9odG1sIjoib2ZmIn19@&#8220; button_text=&#8220;BERATUNG F\u00dcR IHRE PROJEKTE&#8220; button_alignment=&#8220;center&#8220; _builder_version=&#8220;4.27.2&#8243; _dynamic_attributes=&#8220;button_url&#8220; _module_preset=&#8220;default&#8220; custom_button=&#8220;on&#8220; button_text_size=&#8220;16px&#8220; button_text_color=&#8220;#000000&#8243; button_bg_color=&#8220;#FFFFFF&#8220; button_border_color=&#8220;RGBA(255,255,255,0)&#8220; button_font=&#8220;Roboto|700||on|||||&#8220; hover_enabled=&#8220;0&#8243; global_colors_info=&#8220;{}&#8220; sticky_enabled=&#8220;0&#8243;][\/et_pb_button][\/et_pb_column][et_pb_column type=&#8220;1_6&#8243; _builder_version=&#8220;4.23.1&#8243; _module_preset=&#8220;default&#8220; global_colors_info=&#8220;{}&#8220;][et_pb_button button_url=&#8220;@ET-DC@eyJkeW5hbWljIjp0cnVlLCJjb250ZW50IjoicG9zdF9saW5rX3VybF9wYWdlIiwic2V0dGluZ3MiOnsicG9zdF9pZCI6IjE3IiwiZW5hYmxlX2h0bWwiOiJvZmYifX0=@&#8220; button_text=&#8220;Tr\u00fcffelb\u00e4ume&#8220; button_alignment=&#8220;center&#8220; _builder_version=&#8220;4.23.1&#8243; _dynamic_attributes=&#8220;button_url&#8220; _module_preset=&#8220;default&#8220; custom_button=&#8220;on&#8220; button_text_size=&#8220;16px&#8220; button_text_color=&#8220;#000000&#8243; button_bg_color=&#8220;#FFFFFF&#8220; button_border_color=&#8220;RGBA(255,255,255,0)&#8220; button_font=&#8220;Roboto|700||on|||||&#8220; global_colors_info=&#8220;{}&#8220;][\/et_pb_button][\/et_pb_column][et_pb_column type=&#8220;1_6&#8243; _builder_version=&#8220;4.23.1&#8243; _module_preset=&#8220;default&#8220; global_colors_info=&#8220;{}&#8220;][et_pb_button button_url=&#8220;@ET-DC@eyJkeW5hbWljIjp0cnVlLCJjb250ZW50IjoicG9zdF9saW5rX3VybF9wYWdlIiwic2V0dGluZ3MiOnsicG9zdF9pZCI6IjMwMyIsImVuYWJsZV9odG1sIjoib2ZmIn19@&#8220; button_text=&#8220;Begleitpflanzen&#8220; button_alignment=&#8220;center&#8220; _builder_version=&#8220;4.23.1&#8243; _dynamic_attributes=&#8220;button_url&#8220; _module_preset=&#8220;default&#8220; custom_button=&#8220;on&#8220; button_text_size=&#8220;16px&#8220; button_text_color=&#8220;#000000&#8243; button_bg_color=&#8220;#FFFFFF&#8220; button_border_color=&#8220;RGBA(255,255,255,0)&#8220; button_font=&#8220;Roboto|700||on|||||&#8220; global_colors_info=&#8220;{}&#8220;][\/et_pb_button][\/et_pb_column][et_pb_column type=&#8220;1_6&#8243; _builder_version=&#8220;4.23.1&#8243; _module_preset=&#8220;default&#8220; global_colors_info=&#8220;{}&#8220;][et_pb_button button_url=&#8220;@ET-DC@eyJkeW5hbWljIjp0cnVlLCJjb250ZW50IjoicG9zdF9saW5rX3VybF9wYWdlIiwic2V0dGluZ3MiOnsicG9zdF9pZCI6IjE5IiwiZW5hYmxlX2h0bWwiOiJvZmYifX0=@&#8220; button_text=&#8220;Sporeninokulum&#8220; button_alignment=&#8220;center&#8220; _builder_version=&#8220;4.23.1&#8243; _dynamic_attributes=&#8220;button_url&#8220; _module_preset=&#8220;default&#8220; custom_button=&#8220;on&#8220; button_text_size=&#8220;16px&#8220; button_text_color=&#8220;#000000&#8243; button_bg_color=&#8220;#FFFFFF&#8220; button_border_color=&#8220;RGBA(255,255,255,0)&#8220; button_font=&#8220;Roboto|700||on|||||&#8220; global_colors_info=&#8220;{}&#8220;][\/et_pb_button][\/et_pb_column][et_pb_column type=&#8220;1_6&#8243; _builder_version=&#8220;4.23.1&#8243; _module_preset=&#8220;default&#8220; global_colors_info=&#8220;{}&#8220;][et_pb_button button_url=&#8220;@ET-DC@eyJkeW5hbWljIjp0cnVlLCJjb250ZW50IjoicG9zdF9saW5rX3VybF9wYWdlIiwic2V0dGluZ3MiOnsicG9zdF9pZCI6IjMxMCIsImVuYWJsZV9odG1sIjoib2ZmIn19@&#8220; button_text=&#8220;LEIODES-FALLEN&#8220; button_alignment=&#8220;center&#8220; _builder_version=&#8220;4.23.1&#8243; _dynamic_attributes=&#8220;button_url&#8220; _module_preset=&#8220;default&#8220; custom_button=&#8220;on&#8220; button_text_size=&#8220;16px&#8220; button_text_color=&#8220;#000000&#8243; button_bg_color=&#8220;#FFFFFF&#8220; button_border_color=&#8220;RGBA(255,255,255,0)&#8220; button_font=&#8220;Roboto|700||on|||||&#8220; global_colors_info=&#8220;{}&#8220;][\/et_pb_button][\/et_pb_column][et_pb_column type=&#8220;1_6&#8243; _builder_version=&#8220;4.23.1&#8243; _module_preset=&#8220;default&#8220; global_colors_info=&#8220;{}&#8220;][et_pb_button button_url=&#8220;@ET-DC@eyJkeW5hbWljIjp0cnVlLCJjb250ZW50IjoicG9zdF9saW5rX3VybF9wYWdlIiwic2V0dGluZ3MiOnsicG9zdF9pZCI6IjE1IiwiZW5hYmxlX2h0bWwiOiJvZmYifX0=@&#8220; button_text=&#8220;Warum Tr\u00fcffel anbauen?&#8220; button_alignment=&#8220;center&#8220; _builder_version=&#8220;4.23.1&#8243; _dynamic_attributes=&#8220;button_url&#8220; _module_preset=&#8220;default&#8220; custom_button=&#8220;on&#8220; button_text_size=&#8220;16px&#8220; button_text_color=&#8220;#000000&#8243; button_bg_color=&#8220;#FFFFFF&#8220; button_border_color=&#8220;RGBA(255,255,255,0)&#8220; button_font=&#8220;Roboto|700||on|||||&#8220; global_colors_info=&#8220;{}&#8220;][\/et_pb_button][\/et_pb_column][\/et_pb_row][\/et_pb_section][et_pb_section fb_built=&#8220;1&#8243; fullwidth=&#8220;on&#8220; admin_label=&#8220;Hero Section&#8220; _builder_version=&#8220;4.23.1&#8243; background_color=&#8220;#233b4e&#8220; parallax=&#8220;on&#8220; custom_padding=&#8220;0px|0px|0px|0px&#8220; global_colors_info=&#8220;{}&#8220;][et_pb_fullwidth_header title=&#8220;BERATUNGSDIENSTE F\u00dcR IHRE PROJEKTE&#8220; header_fullscreen=&#8220;on&#8220; button_one_url=&#8220;https:\/\/www.rotorscio37.it\/wp-content\/uploads\/2023\/12\/Catalogo-Tartufigene-e-Manuale-2024-.pdf&#8220; background_overlay_color=&#8220;rgba(29,38,51,0.86)&#8220; content_max_width=&#8220;700px&#8220; admin_label=&#8220;Hero&#8220; _builder_version=&#8220;4.27.2&#8243; title_font=&#8220;Oswald|on||on|&#8220; title_font_size=&#8220;80px&#8220; title_line_height=&#8220;1.3em&#8220; content_font=&#8220;Roboto||||&#8220; content_font_size=&#8220;20px&#8220; background_color=&#8220;rgba(255, 255, 255, 0)&#8220; background_image=&#8220;https:\/\/www.rotorscio37.it\/wp-content\/uploads\/2024\/10\/SERVIZI-DI-CONSULENZA-PER-I-TUOI-PROGETTI.jpg&#8220; parallax=&#8220;on&#8220; parallax_method=&#8220;on&#8220; custom_button_one=&#8220;on&#8220; button_one_border_radius=&#8220;0px&#8220; button_one_letter_spacing=&#8220;4px&#8220; button_one_font=&#8220;Oswald|on||on|&#8220; button_one_icon=&#8220;&#x24;||divi||400&#8243; button_one_icon_color=&#8220;#ffffff&#8220; animation_style=&#8220;zoom&#8220; animation_direction=&#8220;bottom&#8220; animation_intensity_zoom=&#8220;4%&#8220; button_one_text_color_hover=&#8220;#ffffff&#8220; button_one_border_color_hover=&#8220;#ffffff&#8220; button_one_border_radius_hover=&#8220;0px&#8220; button_one_letter_spacing_hover=&#8220;4px&#8220; button_one_bg_color_hover=&#8220;rgba(0,0,0,0)&#8220; global_colors_info=&#8220;{}&#8220; button_one_text_size__hover_enabled=&#8220;off&#8220; button_two_text_size__hover_enabled=&#8220;off&#8220; button_one_text_color__hover_enabled=&#8220;on&#8220; button_one_text_color__hover=&#8220;#ffffff&#8220; button_two_text_color__hover_enabled=&#8220;off&#8220; button_one_border_width__hover_enabled=&#8220;off&#8220; button_two_border_width__hover_enabled=&#8220;off&#8220; button_one_border_color__hover_enabled=&#8220;on&#8220; button_one_border_color__hover=&#8220;#ffffff&#8220; button_two_border_color__hover_enabled=&#8220;off&#8220; button_one_border_radius__hover_enabled=&#8220;on&#8220; button_one_border_radius__hover=&#8220;0px&#8220; button_two_border_radius__hover_enabled=&#8220;off&#8220; button_one_letter_spacing__hover_enabled=&#8220;on&#8220; button_one_letter_spacing__hover=&#8220;4px&#8220; button_two_letter_spacing__hover_enabled=&#8220;off&#8220; button_one_bg_color__hover_enabled=&#8220;on&#8220; button_one_bg_color__hover=&#8220;rgba(0,0,0,0)&#8220; button_two_bg_color__hover_enabled=&#8220;off&#8220;][\/et_pb_fullwidth_header][\/et_pb_section][et_pb_section fb_built=&#8220;1&#8243; _builder_version=&#8220;4.16&#8243; custom_padding=&#8220;110px||110px|&#8220; global_colors_info=&#8220;{}&#8220;][et_pb_row column_structure=&#8220;1_2,1_2&#8243; _builder_version=&#8220;4.16&#8243; global_colors_info=&#8220;{}&#8220;][et_pb_column type=&#8220;1_2&#8243; _builder_version=&#8220;4.16&#8243; custom_padding=&#8220;|||&#8220; global_colors_info=&#8220;{}&#8220; custom_padding__hover=&#8220;|||&#8220;][et_pb_text admin_label=&#8220;Discover Beatuty Title&#8220; _builder_version=&#8220;4.27.2&#8243; text_font=&#8220;||||&#8220; text_text_color=&#8220;#1a1a1a&#8220; header_font=&#8220;Oswald|on||on|&#8220; header_text_align=&#8220;left&#8220; header_font_size=&#8220;60px&#8220; header_line_height=&#8220;1.3em&#8220; animation_style=&#8220;slide&#8220; animation_direction=&#8220;top&#8220; animation_intensity_slide=&#8220;10%&#8220; global_colors_info=&#8220;{}&#8220;]<\/p>\n<h1>Ihre Projekte, ob klein oder gro\u00df, liegen uns seit jeher am Herzen.<\/h1>\n<p>[\/et_pb_text][et_pb_divider color=&#8220;#ed4441&#8243; divider_position=&#8220;center&#8220; divider_weight=&#8220;3px&#8220; disabled_on=&#8220;off|off|off&#8220; _builder_version=&#8220;4.16&#8243; max_width=&#8220;150px&#8220; height=&#8220;false&#8220; animation_style=&#8220;slide&#8220; animation_direction=&#8220;top&#8220; animation_delay=&#8220;100ms&#8220; animation_intensity_slide=&#8220;10%&#8220; global_colors_info=&#8220;{}&#8220;][\/et_pb_divider][\/et_pb_column][et_pb_column type=&#8220;1_2&#8243; _builder_version=&#8220;4.16&#8243; custom_padding=&#8220;|||&#8220; global_colors_info=&#8220;{}&#8220; custom_padding__hover=&#8220;|||&#8220;][et_pb_text admin_label=&#8220;Discover Beatuty Text&#8220; _builder_version=&#8220;4.27.2&#8243; text_font=&#8220;Roboto||||&#8220; text_font_size=&#8220;16px&#8220; text_line_height=&#8220;1.9em&#8220; custom_padding=&#8220;30px|||&#8220; animation_style=&#8220;slide&#8220; animation_direction=&#8220;top&#8220; animation_delay=&#8220;200ms&#8220; animation_intensity_slide=&#8220;10%&#8220; global_colors_info=&#8220;{}&#8220;]<\/p>\n<p>Aus diesem Grund garantieren wir allen unseren Kunden oder zuk\u00fcnftigen Kunden ein H\u00f6chstma\u00df an Beratung.<br \/>Wir sind darauf spezialisiert, die Entwicklung einer neuen Tr\u00fcffelanlage bis ins kleinste Detail zu begleiten und Sie von der ersten Idee bis zum fertigen Projekt bestm\u00f6glich zu beraten.<br \/>Unsere Arbeit endet hier jedoch nicht: Wir stehen Ihnen jederzeit zur Seite, um Sie bei der optimalen Bewirtschaftung Ihrer Tr\u00fcffelanlage zu unterst\u00fctzen und den maximalen Erfolg ihres Potenzials zu gew\u00e4hrleisten.<br \/>In den letzten Jahren sind wir zum unverzichtbaren Partner f\u00fcr viele Tr\u00fcffelz\u00fcchter geworden, die mit uns einen Weg gefunden haben, eine optimale Produktion auch auf alten oder nicht mehr produktiven Anlagen zu erzielen, sowie f\u00fcr diejenigen, die jahrelang vernachl\u00e4ssigte Kulturen ohne Rentabilit\u00e4t wiederherstellen mussten.<\/p>\n<p>[\/et_pb_text][\/et_pb_column][\/et_pb_row][\/et_pb_section][et_pb_section fb_built=&#8220;1&#8243; admin_label=&#8220;Look Inside Section&#8220; _builder_version=&#8220;4.23.1&#8243; background_image=&#8220;https:\/\/www.rotorscio37.it\/wp-content\/uploads\/2023\/12\/innovazione-e-ricerca-tartufi.jpg&#8220; parallax=&#8220;on&#8220; custom_padding=&#8220;0px||0px|&#8220; global_colors_info=&#8220;{}&#8220;][et_pb_row column_structure=&#8220;1_2,1_2&#8243; use_custom_gutter=&#8220;on&#8220; gutter_width=&#8220;1&#8243; make_equal=&#8220;on&#8220; module_class=&#8220; et_pb_row_fullwidth&#8220; _builder_version=&#8220;4.16&#8243; width=&#8220;100%&#8220; width_tablet=&#8220;100%&#8220; width_phone=&#8220;100%&#8220; width_last_edited=&#8220;on|desktop&#8220; max_width=&#8220;100%&#8220; max_width_tablet=&#8220;100%&#8220; max_width_phone=&#8220;100%&#8220; max_width_last_edited=&#8220;on|desktop&#8220; custom_padding=&#8220;0px||0px|&#8220; make_fullwidth=&#8220;on&#8220; global_colors_info=&#8220;{}&#8220;][et_pb_column type=&#8220;1_2&#8243; _builder_version=&#8220;4.16&#8243; parallax=&#8220;on&#8220; custom_padding=&#8220;|||&#8220; global_colors_info=&#8220;{}&#8220; custom_padding__hover=&#8220;|||&#8220;][et_pb_image align_tablet=&#8220;center&#8220; align_phone=&#8220;center&#8220; align_last_edited=&#8220;on|desktop&#8220; _builder_version=&#8220;4.16&#8243; animation_style=&#8220;slide&#8220; animation_direction=&#8220;left&#8220; animation_duration=&#8220;500ms&#8220; animation_intensity_slide=&#8220;10%&#8220; global_colors_info=&#8220;{}&#8220;][\/et_pb_image][\/et_pb_column][et_pb_column type=&#8220;1_2&#8243; _builder_version=&#8220;4.16&#8243; use_background_color_gradient=&#8220;on&#8220; background_color_gradient_stops=&#8220;#ffffff 0%|rgba(255,255,255,0.85) 50%&#8220; background_color_gradient_start=&#8220;#ffffff&#8220; background_color_gradient_end=&#8220;rgba(255,255,255,0.85)&#8220; background_color_gradient_end_position=&#8220;50%&#8220; custom_padding=&#8220;8%|6%|6%|6%&#8220; global_colors_info=&#8220;{}&#8220; custom_padding__hover=&#8220;|||&#8220;][et_pb_text admin_label=&#8220;Look Inside Title&#8220; _builder_version=&#8220;4.27.2&#8243; text_font=&#8220;||||&#8220; text_text_color=&#8220;#1a1a1a&#8220; header_font=&#8220;Oswald|on||on|&#8220; header_text_align=&#8220;left&#8220; header_font_size=&#8220;60px&#8220; header_line_height=&#8220;1.3em&#8220; max_width=&#8220;450px&#8220; custom_margin=&#8220;|||&#8220; custom_padding=&#8220;|||&#8220; animation_style=&#8220;slide&#8220; animation_direction=&#8220;top&#8220; animation_intensity_slide=&#8220;10%&#8220; locked=&#8220;off&#8220; global_colors_info=&#8220;{}&#8220;]<\/p>\n<h1>Fordern Sie unsere Unterst\u00fctzung an, wir begleiten Sie bei:<\/h1>\n<p>[\/et_pb_text][et_pb_text admin_label=&#8220;Look Inside Text&#8220; _builder_version=&#8220;4.27.2&#8243; text_font=&#8220;Roboto||||&#8220; text_font_size=&#8220;16px&#8220; text_line_height=&#8220;1.9em&#8220; max_width=&#8220;450px&#8220; custom_margin=&#8220;36px|||||&#8220; custom_padding=&#8220;||60px|&#8220; animation_style=&#8220;slide&#8220; animation_direction=&#8220;top&#8220; animation_delay=&#8220;400ms&#8220; animation_intensity_slide=&#8220;4%&#8220; locked=&#8220;off&#8220; global_colors_info=&#8220;{}&#8220;]<\/p>\n<p>&#8211; Besichtigungen vor Ort und Entnahme von Bodenproben<br \/>&#8211; Berichte \u00fcber Bodenanalysen<br \/>&#8211; Machbarkeitsstudien und Planung<br \/>&#8211; J\u00e4hrliche Bearbeitungen und Sporeninokulation<br \/>&#8211; Schnittkurse w\u00e4hrend des Pflanzenwachstums<br \/>&#8211; Korrekturschnitte an ausgewachsenen Pflanzen<br \/>&#8211; Bewertung und Wiederherstellung der Produktivit\u00e4t bei alten Tr\u00fcffelanlagen<br \/>&#8211; Entwicklung von Sanierungspl\u00e4nen f\u00fcr aufgegebene Tr\u00fcffelanlagen<br \/>Alle unsere Beratungsleistungen sind auf Ihre Bed\u00fcrfnisse zugeschnitten und erfolgen stets mit einem H\u00f6chstma\u00df an Transparenz und Professionalit\u00e4t.<br \/>Wir sind in erster Linie Tr\u00fcffelz\u00fcchter genau wie Sie!!<\/p>\n<p>[\/et_pb_text][\/et_pb_column][\/et_pb_row][\/et_pb_section]<\/p>\n","protected":false},"excerpt":{"rendered":"<p>Ihre Projekte, ob klein oder gro\u00df, liegen uns seit jeher am Herzen.Aus diesem Grund garantieren wir allen unseren Kunden oder zuk\u00fcnftigen Kunden ein H\u00f6chstma\u00df an Beratung.Wir sind darauf spezialisiert, die Entwicklung einer neuen Tr\u00fcffelanlage bis ins kleinste Detail zu begleiten und Sie von der ersten Idee bis zum fertigen Projekt bestm\u00f6glich zu beraten.Unsere Arbeit endet [&hellip;]<\/p>\n","protected":false},"author":1,"featured_media":0,"parent":0,"menu_order":0,"comment_status":"closed","ping_status":"closed","template":"","meta":{"_et_pb_use_builder":"on","_et_pb_old_content":"","_et_gb_content_width":"","_joinchat":[],"footnotes":""},"class_list":["post-1155","page","type-page","status-publish","hentry"],"yoast_head":"<!-- This site is optimized with the Yoast SEO plugin v27.2 - https:\/\/yoast.com\/product\/yoast-seo-wordpress\/ -->\n<title>BERATUNGSDIENSTE F\u00dcR IHRE PROJEKTE - Rotorscio 37<\/title>\n<meta name=\"robots\" content=\"index, follow, max-snippet:-1, max-image-preview:large, max-video-preview:-1\" \/>\n<link rel=\"canonical\" href=\"https:\/\/www.rotorscio37.it\/de\/beratungsdienste-fuer-ihre-projekte\/\" \/>\n<meta property=\"og:locale\" content=\"de_DE\" \/>\n<meta property=\"og:type\" content=\"article\" \/>\n<meta property=\"og:title\" content=\"BERATUNGSDIENSTE F\u00dcR IHRE PROJEKTE - Rotorscio 37\" \/>\n<meta property=\"og:description\" content=\"Ihre Projekte, ob klein oder gro\u00df, liegen uns seit jeher am Herzen.Aus diesem Grund garantieren wir allen unseren Kunden oder zuk\u00fcnftigen Kunden ein H\u00f6chstma\u00df an Beratung.Wir sind darauf spezialisiert, die Entwicklung einer neuen Tr\u00fcffelanlage bis ins kleinste Detail zu begleiten und Sie von der ersten Idee bis zum fertigen Projekt bestm\u00f6glich zu beraten.Unsere Arbeit endet [&hellip;]\" \/>\n<meta property=\"og:url\" content=\"https:\/\/www.rotorscio37.it\/de\/beratungsdienste-fuer-ihre-projekte\/\" \/>\n<meta property=\"og:site_name\" content=\"Rotorscio 37\" \/>\n<meta property=\"article:modified_time\" content=\"2026-02-16T15:54:04+00:00\" \/>\n<meta name=\"twitter:card\" content=\"summary_large_image\" \/>\n<meta name=\"twitter:label1\" content=\"Gesch\u00e4tzte Lesezeit\" \/>\n\t<meta name=\"twitter:data1\" content=\"8\u00a0Minuten\" \/>\n<script type=\"application\/ld+json\" class=\"yoast-schema-graph\">{\"@context\":\"https:\/\/schema.org\",\"@graph\":[{\"@type\":\"WebPage\",\"@id\":\"https:\/\/www.rotorscio37.it\/de\/beratungsdienste-fuer-ihre-projekte\/\",\"url\":\"https:\/\/www.rotorscio37.it\/de\/beratungsdienste-fuer-ihre-projekte\/\",\"name\":\"BERATUNGSDIENSTE F\u00dcR IHRE PROJEKTE - Rotorscio 37\",\"isPartOf\":{\"@id\":\"https:\/\/www.rotorscio37.it\/de\/#website\"},\"datePublished\":\"2024-10-04T07:12:25+00:00\",\"dateModified\":\"2026-02-16T15:54:04+00:00\",\"breadcrumb\":{\"@id\":\"https:\/\/www.rotorscio37.it\/de\/beratungsdienste-fuer-ihre-projekte\/#breadcrumb\"},\"inLanguage\":\"de\",\"potentialAction\":[{\"@type\":\"ReadAction\",\"target\":[\"https:\/\/www.rotorscio37.it\/de\/beratungsdienste-fuer-ihre-projekte\/\"]}]},{\"@type\":\"BreadcrumbList\",\"@id\":\"https:\/\/www.rotorscio37.it\/de\/beratungsdienste-fuer-ihre-projekte\/#breadcrumb\",\"itemListElement\":[{\"@type\":\"ListItem\",\"position\":1,\"name\":\"Home\",\"item\":\"https:\/\/www.rotorscio37.it\/de\/startseite\/\"},{\"@type\":\"ListItem\",\"position\":2,\"name\":\"BERATUNGSDIENSTE F\u00dcR IHRE PROJEKTE\"}]},{\"@type\":\"WebSite\",\"@id\":\"https:\/\/www.rotorscio37.it\/de\/#website\",\"url\":\"https:\/\/www.rotorscio37.it\/de\/\",\"name\":\"Rotorscio 37\",\"description\":\"Tartufaie-consulenza e progettazione\",\"potentialAction\":[{\"@type\":\"SearchAction\",\"target\":{\"@type\":\"EntryPoint\",\"urlTemplate\":\"https:\/\/www.rotorscio37.it\/de\/?s={search_term_string}\"},\"query-input\":{\"@type\":\"PropertyValueSpecification\",\"valueRequired\":true,\"valueName\":\"search_term_string\"}}],\"inLanguage\":\"de\"}]}<\/script>\n<!-- \/ Yoast SEO plugin. -->","yoast_head_json":{"title":"BERATUNGSDIENSTE F\u00dcR IHRE PROJEKTE - Rotorscio 37","robots":{"index":"index","follow":"follow","max-snippet":"max-snippet:-1","max-image-preview":"max-image-preview:large","max-video-preview":"max-video-preview:-1"},"canonical":"https:\/\/www.rotorscio37.it\/de\/beratungsdienste-fuer-ihre-projekte\/","og_locale":"de_DE","og_type":"article","og_title":"BERATUNGSDIENSTE F\u00dcR IHRE PROJEKTE - Rotorscio 37","og_description":"Ihre Projekte, ob klein oder gro\u00df, liegen uns seit jeher am Herzen.Aus diesem Grund garantieren wir allen unseren Kunden oder zuk\u00fcnftigen Kunden ein H\u00f6chstma\u00df an Beratung.Wir sind darauf spezialisiert, die Entwicklung einer neuen Tr\u00fcffelanlage bis ins kleinste Detail zu begleiten und Sie von der ersten Idee bis zum fertigen Projekt bestm\u00f6glich zu beraten.Unsere Arbeit endet [&hellip;]","og_url":"https:\/\/www.rotorscio37.it\/de\/beratungsdienste-fuer-ihre-projekte\/","og_site_name":"Rotorscio 37","article_modified_time":"2026-02-16T15:54:04+00:00","twitter_card":"summary_large_image","twitter_misc":{"Gesch\u00e4tzte Lesezeit":"8\u00a0Minuten"},"schema":{"@context":"https:\/\/schema.org","@graph":[{"@type":"WebPage","@id":"https:\/\/www.rotorscio37.it\/de\/beratungsdienste-fuer-ihre-projekte\/","url":"https:\/\/www.rotorscio37.it\/de\/beratungsdienste-fuer-ihre-projekte\/","name":"BERATUNGSDIENSTE F\u00dcR IHRE PROJEKTE - Rotorscio 37","isPartOf":{"@id":"https:\/\/www.rotorscio37.it\/de\/#website"},"datePublished":"2024-10-04T07:12:25+00:00","dateModified":"2026-02-16T15:54:04+00:00","breadcrumb":{"@id":"https:\/\/www.rotorscio37.it\/de\/beratungsdienste-fuer-ihre-projekte\/#breadcrumb"},"inLanguage":"de","potentialAction":[{"@type":"ReadAction","target":["https:\/\/www.rotorscio37.it\/de\/beratungsdienste-fuer-ihre-projekte\/"]}]},{"@type":"BreadcrumbList","@id":"https:\/\/www.rotorscio37.it\/de\/beratungsdienste-fuer-ihre-projekte\/#breadcrumb","itemListElement":[{"@type":"ListItem","position":1,"name":"Home","item":"https:\/\/www.rotorscio37.it\/de\/startseite\/"},{"@type":"ListItem","position":2,"name":"BERATUNGSDIENSTE F\u00dcR IHRE PROJEKTE"}]},{"@type":"WebSite","@id":"https:\/\/www.rotorscio37.it\/de\/#website","url":"https:\/\/www.rotorscio37.it\/de\/","name":"Rotorscio 37","description":"Tartufaie-consulenza e progettazione","potentialAction":[{"@type":"SearchAction","target":{"@type":"EntryPoint","urlTemplate":"https:\/\/www.rotorscio37.it\/de\/?s={search_term_string}"},"query-input":{"@type":"PropertyValueSpecification","valueRequired":true,"valueName":"search_term_string"}}],"inLanguage":"de"}]}},"_links":{"self":[{"href":"https:\/\/www.rotorscio37.it\/de\/wp-json\/wp\/v2\/pages\/1155","targetHints":{"allow":["GET"]}}],"collection":[{"href":"https:\/\/www.rotorscio37.it\/de\/wp-json\/wp\/v2\/pages"}],"about":[{"href":"https:\/\/www.rotorscio37.it\/de\/wp-json\/wp\/v2\/types\/page"}],"author":[{"embeddable":true,"href":"https:\/\/www.rotorscio37.it\/de\/wp-json\/wp\/v2\/users\/1"}],"replies":[{"embeddable":true,"href":"https:\/\/www.rotorscio37.it\/de\/wp-json\/wp\/v2\/comments?post=1155"}],"version-history":[{"count":2,"href":"https:\/\/www.rotorscio37.it\/de\/wp-json\/wp\/v2\/pages\/1155\/revisions"}],"predecessor-version":[{"id":1157,"href":"https:\/\/www.rotorscio37.it\/de\/wp-json\/wp\/v2\/pages\/1155\/revisions\/1157"}],"wp:attachment":[{"href":"https:\/\/www.rotorscio37.it\/de\/wp-json\/wp\/v2\/media?parent=1155"}],"curies":[{"name":"wp","href":"https:\/\/api.w.org\/{rel}","templated":true}]}}