{"id":1081,"date":"2023-12-05T22:20:39","date_gmt":"2023-12-05T22:20:39","guid":{"rendered":"https:\/\/www.rotorscio37.it\/por-que-cultivar-la-trufa\/"},"modified":"2026-02-16T15:31:49","modified_gmt":"2026-02-16T15:31:49","slug":"por-que-cultivar-la-trufa","status":"publish","type":"page","link":"https:\/\/www.rotorscio37.it\/es\/por-que-cultivar-la-trufa\/","title":{"rendered":"POR QU\u00c9 CULTIVAR LA TRUFA"},"content":{"rendered":"<p>[et_pb_section fb_built=\u00bb1&#8243; _builder_version=\u00bb4.23.1&#8243; _module_preset=\u00bbdefault\u00bb custom_padding=\u00bb0px||0px|||\u00bb locked=\u00bboff\u00bb global_colors_info=\u00bb{}\u00bb][et_pb_row column_structure=\u00bb1_5,1_5,1_5,1_5,1_5&#8243; use_custom_gutter=\u00bbon\u00bb gutter_width=\u00bb1&#8243; _builder_version=\u00bb4.23.1&#8243; _module_preset=\u00bbdefault\u00bb width=\u00bb90%\u00bb max_width=\u00bb2560px\u00bb custom_padding=\u00bb5px|||||\u00bb global_colors_info=\u00bb{}\u00bb][et_pb_column type=\u00bb1_5&#8243; _builder_version=\u00bb4.23.1&#8243; _module_preset=\u00bbdefault\u00bb global_colors_info=\u00bb{}\u00bb][et_pb_button button_url=\u00bb@ET-DC@eyJkeW5hbWljIjp0cnVlLCJjb250ZW50IjoicG9zdF9saW5rX3VybF9wYWdlIiwic2V0dGluZ3MiOnsicG9zdF9pZCI6IjE3IiwiZW5hYmxlX2h0bWwiOiJvZmYifX0=@\u00bb button_text=\u00bbplantas micorrizadas\u00bb button_alignment=\u00bbcenter\u00bb _builder_version=\u00bb4.27.5&#8243; _dynamic_attributes=\u00bbbutton_url\u00bb _module_preset=\u00bbdefault\u00bb custom_button=\u00bbon\u00bb button_text_size=\u00bb16px\u00bb button_text_color=\u00bb#000000&#8243; button_bg_color=\u00bb#FFFFFF\u00bb button_border_color=\u00bbRGBA(255,255,255,0)\u00bb button_font=\u00bbRoboto|700||on|||||\u00bb global_colors_info=\u00bb{}\u00bb][\/et_pb_button][\/et_pb_column][et_pb_column type=\u00bb1_5&#8243; _builder_version=\u00bb4.23.1&#8243; _module_preset=\u00bbdefault\u00bb global_colors_info=\u00bb{}\u00bb][et_pb_button button_url=\u00bb@ET-DC@eyJkeW5hbWljIjp0cnVlLCJjb250ZW50IjoicG9zdF9saW5rX3VybF9wYWdlIiwic2V0dGluZ3MiOnsicG9zdF9pZCI6IjMwMyIsImVuYWJsZV9odG1sIjoib2ZmIn19@\u00bb button_text=\u00bbplantas acompa\u00f1antes\u00bb button_alignment=\u00bbcenter\u00bb _builder_version=\u00bb4.23.1&#8243; _dynamic_attributes=\u00bbbutton_url\u00bb _module_preset=\u00bbdefault\u00bb custom_button=\u00bbon\u00bb button_text_size=\u00bb16px\u00bb button_text_color=\u00bb#000000&#8243; button_bg_color=\u00bb#FFFFFF\u00bb button_border_color=\u00bbRGBA(255,255,255,0)\u00bb button_font=\u00bbRoboto|700||on|||||\u00bb global_colors_info=\u00bb{}\u00bb][\/et_pb_button][\/et_pb_column][et_pb_column type=\u00bb1_5&#8243; _builder_version=\u00bb4.23.1&#8243; _module_preset=\u00bbdefault\u00bb global_colors_info=\u00bb{}\u00bb][et_pb_button button_url=\u00bb@ET-DC@eyJkeW5hbWljIjp0cnVlLCJjb250ZW50IjoicG9zdF9saW5rX3VybF9wYWdlIiwic2V0dGluZ3MiOnsicG9zdF9pZCI6IjE5IiwiZW5hYmxlX2h0bWwiOiJvZmYifX0=@\u00bb button_text=\u00bbin\u00f3culo esporal\u00bb button_alignment=\u00bbcenter\u00bb _builder_version=\u00bb4.23.1&#8243; _dynamic_attributes=\u00bbbutton_url\u00bb _module_preset=\u00bbdefault\u00bb custom_button=\u00bbon\u00bb button_text_size=\u00bb16px\u00bb button_text_color=\u00bb#000000&#8243; button_bg_color=\u00bb#FFFFFF\u00bb button_border_color=\u00bbRGBA(255,255,255,0)\u00bb button_font=\u00bbRoboto|700||on|||||\u00bb global_colors_info=\u00bb{}\u00bb][\/et_pb_button][\/et_pb_column][et_pb_column type=\u00bb1_5&#8243; _builder_version=\u00bb4.23.1&#8243; _module_preset=\u00bbdefault\u00bb global_colors_info=\u00bb{}\u00bb][et_pb_button button_url=\u00bb@ET-DC@eyJkeW5hbWljIjp0cnVlLCJjb250ZW50IjoicG9zdF9saW5rX3VybF9wYWdlIiwic2V0dGluZ3MiOnsicG9zdF9pZCI6IjMxMCIsImVuYWJsZV9odG1sIjoib2ZmIn19@\u00bb button_text=\u00bbTRAMPAS LEIODES\u00bb button_alignment=\u00bbcenter\u00bb _builder_version=\u00bb4.23.1&#8243; _dynamic_attributes=\u00bbbutton_url\u00bb _module_preset=\u00bbdefault\u00bb custom_button=\u00bbon\u00bb button_text_size=\u00bb16px\u00bb button_text_color=\u00bb#000000&#8243; button_bg_color=\u00bb#FFFFFF\u00bb button_border_color=\u00bbRGBA(255,255,255,0)\u00bb button_font=\u00bbRoboto|700||on|||||\u00bb global_colors_info=\u00bb{}\u00bb][\/et_pb_button][\/et_pb_column][et_pb_column type=\u00bb1_5&#8243; _builder_version=\u00bb4.23.1&#8243; _module_preset=\u00bbdefault\u00bb global_colors_info=\u00bb{}\u00bb][et_pb_button button_url=\u00bb@ET-DC@eyJkeW5hbWljIjp0cnVlLCJjb250ZW50IjoicG9zdF9saW5rX3VybF9wYWdlIiwic2V0dGluZ3MiOnsicG9zdF9pZCI6IjE1IiwiZW5hYmxlX2h0bWwiOiJvZmYifX0=@\u00bb button_text=\u00bbpor qu\u00e9 cultivar la trufa\u00bb button_alignment=\u00bbcenter\u00bb _builder_version=\u00bb4.23.1&#8243; _dynamic_attributes=\u00bbbutton_url\u00bb _module_preset=\u00bbdefault\u00bb custom_button=\u00bbon\u00bb button_text_size=\u00bb16px\u00bb button_text_color=\u00bb#000000&#8243; button_bg_color=\u00bb#FFFFFF\u00bb button_border_color=\u00bbRGBA(255,255,255,0)\u00bb button_font=\u00bbRoboto|700||on|||||\u00bb global_colors_info=\u00bb{}\u00bb][\/et_pb_button][\/et_pb_column][\/et_pb_row][\/et_pb_section][et_pb_section fb_built=\u00bb1&#8243; fullwidth=\u00bbon\u00bb admin_label=\u00bbHero Section\u00bb _builder_version=\u00bb4.16&#8243; background_color=\u00bb#233b4e\u00bb parallax=\u00bbon\u00bb custom_padding=\u00bb0px|0px|0px|0px\u00bb global_colors_info=\u00bb{}\u00bb][et_pb_fullwidth_header title=\u00bbpor qu\u00e9 cultivar la trufa\u00bb header_fullscreen=\u00bbon\u00bb button_one_text=\u00bbApoyo para convocatorias y financiaci\u00f3n\u00bb button_one_url=\u00bbhttps:\/\/www.rotorscio37.it\/bandi-per-tartufaia\/\u00bb background_overlay_color=\u00bbrgba(29,38,51,0.86)\u00bb content_max_width=\u00bb700px\u00bb admin_label=\u00bbHero\u00bb _builder_version=\u00bb4.27.5&#8243; title_font=\u00bbOswald|on||on|\u00bb title_font_size=\u00bb80px\u00bb title_line_height=\u00bb1.3em\u00bb content_font=\u00bbRoboto||||\u00bb content_font_size=\u00bb20px\u00bb background_color=\u00bbrgba(255, 255, 255, 0)\u00bb background_image=\u00bbhttps:\/\/www.rotorscio37.it\/wp-content\/uploads\/2023\/12\/coltivare_tartufo.jpg\u00bb parallax=\u00bbon\u00bb parallax_method=\u00bbon\u00bb custom_button_one=\u00bbon\u00bb button_one_border_radius=\u00bb0px\u00bb button_one_letter_spacing=\u00bb4px\u00bb button_one_font=\u00bbOswald|on||on|\u00bb button_one_icon=\u00bb&#x24;||divi||400&#8243; button_one_icon_color=\u00bb#ffffff\u00bb animation_style=\u00bbzoom\u00bb animation_direction=\u00bbbottom\u00bb animation_intensity_zoom=\u00bb4%\u00bb button_one_text_color_hover=\u00bb#ffffff\u00bb button_one_border_color_hover=\u00bb#ffffff\u00bb button_one_border_radius_hover=\u00bb0px\u00bb button_one_letter_spacing_hover=\u00bb4px\u00bb button_one_bg_color_hover=\u00bbrgba(0,0,0,0)\u00bb global_colors_info=\u00bb{}\u00bb button_one_text_size__hover_enabled=\u00bboff\u00bb button_two_text_size__hover_enabled=\u00bboff\u00bb button_one_text_color__hover_enabled=\u00bbon\u00bb button_one_text_color__hover=\u00bb#ffffff\u00bb button_two_text_color__hover_enabled=\u00bboff\u00bb button_one_border_width__hover_enabled=\u00bboff\u00bb button_two_border_width__hover_enabled=\u00bboff\u00bb button_one_border_color__hover_enabled=\u00bbon\u00bb button_one_border_color__hover=\u00bb#ffffff\u00bb button_two_border_color__hover_enabled=\u00bboff\u00bb button_one_border_radius__hover_enabled=\u00bbon\u00bb button_one_border_radius__hover=\u00bb0px\u00bb button_two_border_radius__hover_enabled=\u00bboff\u00bb button_one_letter_spacing__hover_enabled=\u00bbon\u00bb button_one_letter_spacing__hover=\u00bb4px\u00bb button_two_letter_spacing__hover_enabled=\u00bboff\u00bb button_one_bg_color__hover_enabled=\u00bbon\u00bb button_one_bg_color__hover=\u00bbrgba(0,0,0,0)\u00bb button_two_bg_color__hover_enabled=\u00bboff\u00bb][\/et_pb_fullwidth_header][\/et_pb_section][et_pb_section fb_built=\u00bb1&#8243; _builder_version=\u00bb4.16&#8243; custom_padding=\u00bb110px||110px|\u00bb global_colors_info=\u00bb{}\u00bb][et_pb_row column_structure=\u00bb1_2,1_2&#8243; _builder_version=\u00bb4.16&#8243; global_colors_info=\u00bb{}\u00bb][et_pb_column type=\u00bb1_2&#8243; _builder_version=\u00bb4.16&#8243; custom_padding=\u00bb|||\u00bb global_colors_info=\u00bb{}\u00bb custom_padding__hover=\u00bb|||\u00bb][et_pb_text content_tablet=\u00bb<\/p>\n<h1 style=%22text-align: left;%22><strong><span style=%22text-decoration: underline;%22>TRUFICULTURA<\/span>:  <\/strong><\/h1>\n<h1 style=%22text-align: left;%22><em><strong>Ventajas ambientales y oportunidades de inversi\u00f3n.<\/strong><\/em><\/h1>\n<\/p>\n<p style=%22text-align: justify;%22>La truficultura es una forma avanzada de agricultura que une oportunidades de ingresos estables con beneficios ambientales y paisaj\u00edsticos. Hoy m\u00e1s que nunca, gracias a las tecnolog\u00edas modernas, a la disponibilidad de plantas micorrizadas de alta calidad y a un contexto de incentivos y ayudas, cultivar trufas representa un proyecto sostenible y rentable a medio-largo plazo.   <\/p>\n<\/p>\n<p>\u00bb content_phone=\u00bb<\/p>\n<h1 style=%22text-align: left;%22><strong><span style=%22text-decoration: underline;%22>TRUFICULTURA<\/span>:  <\/strong><\/h1>\n<h1 style=%22text-align: left;%22><strong>Ventajas ambientales y oportunidades de inversi\u00f3n.<\/strong><\/h1>\n<\/p>\n<p>El cultivo de la trufa es un verdadero tipo de agricultura que puede convertirse en una inversi\u00f3n muy lucrativa<\/p>\n<p>\u00bb content_last_edited=\u00bbon|phone\u00bb admin_label=\u00bbDiscover Beatuty Sub Title\u00bb _builder_version=\u00bb4.27.5&#8243; text_font=\u00bbRoboto||||\u00bb text_text_color=\u00bb#1a1a1a\u00bb text_font_size=\u00bb24px\u00bb text_line_height=\u00bb1.4em\u00bb animation_style=\u00bbslide\u00bb animation_direction=\u00bbtop\u00bb animation_intensity_slide=\u00bb10%\u00bb global_colors_info=\u00bb{}\u00bb]<\/p>\n<h1 style=\"text-align: left;\"><strong><span style=\"text-decoration: underline;\">TRUFICULTURA<\/span>:  <\/strong><\/h1>\n<h1 style=\"text-align: left;\"><em><strong>Ventajas ambientales y oportunidades de inversi\u00f3n.<\/strong><\/em><\/h1>\n<p>&nbsp;<\/p>\n<p style=\"text-align: justify;\">La truficultura es una forma avanzada de agricultura que une oportunidades de ingresos estables con beneficios ambientales y paisaj\u00edsticos. Hoy m\u00e1s que nunca, gracias a las tecnolog\u00edas modernas, a la disponibilidad de <a href=\"https:\/\/www.rotorscio37.it\/piante-micorrizate\/\">plantas micorrizadas de alta calidad<\/a> y a un contexto de incentivos y ayudas, cultivar trufas representa un proyecto sostenible y rentable a medio-largo plazo. <\/p>\n<p>&nbsp;<\/p>\n<p>[\/et_pb_text][et_pb_divider color=\u00bb#ed4441&#8243; divider_position=\u00bbcenter\u00bb divider_weight=\u00bb3px\u00bb disabled_on=\u00bboff|off|off\u00bb _builder_version=\u00bb4.16&#8243; max_width=\u00bb150px\u00bb height=\u00bbfalse\u00bb animation_style=\u00bbslide\u00bb animation_direction=\u00bbtop\u00bb animation_delay=\u00bb100ms\u00bb animation_intensity_slide=\u00bb10%\u00bb global_colors_info=\u00bb{}\u00bb][\/et_pb_divider][et_pb_text admin_label=\u00bbDiscover Beatuty Text\u00bb _builder_version=\u00bb4.27.5&#8243; text_font=\u00bbRoboto||||\u00bb text_font_size=\u00bb16px\u00bb text_line_height=\u00bb1.9em\u00bb custom_padding=\u00bb30px|||\u00bb animation_style=\u00bbslide\u00bb animation_direction=\u00bbtop\u00bb animation_delay=\u00bb200ms\u00bb animation_intensity_slide=\u00bb10%\u00bb global_colors_info=\u00bb{}\u00bb]<\/p>\n<p data-start=\"2587\" data-end=\"2735\" style=\"text-align: justify;\">Adem\u00e1s de los aspectos econ\u00f3micos, la truficultura ofrece <strong data-start=\"2641\" data-end=\"2695\">importantes ventajas para el territorio y el medio ambiente,<\/strong> si se gestiona con criterios sostenibles.<\/p>\n<p data-start=\"2737\" data-end=\"2772\" style=\"text-align: justify;\"><strong data-start=\"2737\" data-end=\"2772\"><span style=\"text-decoration: underline;\">Principales ventajas ambientales<\/span>:<\/strong><\/p>\n<ul data-start=\"2773\" data-end=\"3555\">\n<li data-start=\"2773\" data-end=\"2970\" style=\"text-align: justify;\">\n<p data-start=\"2775\" data-end=\"2970\"><strong data-start=\"2775\" data-end=\"2809\">Recuperaci\u00f3n de terrenos marginales:<\/strong> las zonas agr\u00edcolas poco productivas o incultas pueden transformarse en truferas productivas, mejorando el uso del suelo.  <span class=\"\" data-state=\"closed\"><\/span><\/p>\n<\/li>\n<li data-start=\"2971\" data-end=\"3146\" style=\"text-align: justify;\">\n<p data-start=\"2973\" data-end=\"3146\"><strong data-start=\"2973\" data-end=\"3002\">Restauraci\u00f3n de ecosistemas:<\/strong> la plantaci\u00f3n de plantas simbiontes (p. ej. encinas, avellanos) favorece la biodiversidad y crea h\u00e1bitats estables.  <span class=\"\" data-state=\"closed\"><\/span><\/p>\n<\/li>\n<li data-start=\"3147\" data-end=\"3357\" style=\"text-align: justify;\">\n<p data-start=\"3149\" data-end=\"3357\"><strong data-start=\"3149\" data-end=\"3203\">Mitigaci\u00f3n de la erosi\u00f3n y secuestro de carbono:<\/strong> las plantas de la trufera contribuyen a estabilizar el suelo y a capturar CO\u2082 durante su ciclo de vida.  <span class=\"\" data-state=\"closed\"><\/span><\/p>\n<\/li>\n<li data-start=\"3358\" data-end=\"3555\">\n<p data-start=\"3360\" data-end=\"3555\" style=\"text-align: justify;\"><strong data-start=\"3360\" data-end=\"3388\">Agricultura sostenible:<\/strong> cultivos con insumos limitados, sin uso intensivo de fertilizantes o pesticidas, en l\u00ednea con las pr\u00e1cticas de agricultura regenerativa.<\/p>\n<\/li>\n<\/ul>\n<p>[\/et_pb_text][et_pb_image src=\u00bbhttps:\/\/www.rotorscio37.it\/wp-content\/uploads\/2023\/12\/coltivare_tartufo_italia.jpg\u00bb title_text=\u00bbcultivar_trufa_italia\u00bb force_fullwidth=\u00bbon\u00bb align_tablet=\u00bbcenter\u00bb align_phone=\u00bbcenter\u00bb align_last_edited=\u00bbon|desktop\u00bb _builder_version=\u00bb4.23.1&#8243; custom_margin=\u00bb90px|||\u00bb animation_style=\u00bbfold\u00bb animation_direction=\u00bbleft\u00bb animation_intensity_fold=\u00bb20%\u00bb animation=\u00bbfade_in\u00bb global_colors_info=\u00bb{}\u00bb][\/et_pb_image][\/et_pb_column][et_pb_column type=\u00bb1_2&#8243; _builder_version=\u00bb4.16&#8243; custom_padding=\u00bb|||\u00bb global_colors_info=\u00bb{}\u00bb custom_padding__hover=\u00bb|||\u00bb][et_pb_image src=\u00bbhttps:\/\/www.rotorscio37.it\/wp-content\/uploads\/2023\/12\/coltivare_tartufo_italia_02.jpg\u00bb title_text=\u00bbcultivar_trufa_italia_02&#8243; force_fullwidth=\u00bbon\u00bb align_tablet=\u00bbcenter\u00bb align_phone=\u00bbcenter\u00bb align_last_edited=\u00bbon|desktop\u00bb _builder_version=\u00bb4.23.1&#8243; custom_margin=\u00bb5px|||||\u00bb animation_style=\u00bbfold\u00bb animation_direction=\u00bbright\u00bb animation_intensity_fold=\u00bb20%\u00bb animation=\u00bbfade_in\u00bb global_colors_info=\u00bb{}\u00bb][\/et_pb_image][\/et_pb_column][\/et_pb_row][\/et_pb_section][et_pb_section fb_built=\u00bb1&#8243; _builder_version=\u00bb4.16&#8243; background_color=\u00bb#f4f4f4&#8243; custom_padding=\u00bb110px||110px|\u00bb global_colors_info=\u00bb{}\u00bb][et_pb_row column_structure=\u00bb1_2,1_2&#8243; _builder_version=\u00bb4.16&#8243; global_colors_info=\u00bb{}\u00bb][et_pb_column type=\u00bb1_2&#8243; _builder_version=\u00bb4.16&#8243; custom_padding=\u00bb|||\u00bb global_colors_info=\u00bb{}\u00bb custom_padding__hover=\u00bb|||\u00bb][et_pb_text admin_label=\u00bbTop Destination Title\u00bb _builder_version=\u00bb4.27.5&#8243; text_font=\u00bb||||\u00bb text_text_color=\u00bb#1a1a1a\u00bb header_font=\u00bbOswald|on||on|\u00bb header_text_align=\u00bbleft\u00bb header_font_size=\u00bb55px\u00bb header_line_height=\u00bb1.3em\u00bb custom_margin=\u00bb|||\u00bb custom_padding=\u00bb|||\u00bb animation_style=\u00bbslide\u00bb animation_direction=\u00bbtop\u00bb animation_intensity_slide=\u00bb10%\u00bb hover_enabled=\u00bb0&#8243; locked=\u00bboff\u00bb global_colors_info=\u00bb{}\u00bb sticky_enabled=\u00bb0&#8243;]<\/p>\n<h1>Rotorscio37 apoya a quienes quieren cultivar la trufa<\/h1>\n<p>[\/et_pb_text][et_pb_divider color=\u00bb#ed4441&#8243; divider_position=\u00bbcenter\u00bb divider_weight=\u00bb3px\u00bb disabled_on=\u00bboff|off|off\u00bb _builder_version=\u00bb4.16&#8243; max_width=\u00bb150px\u00bb height=\u00bbfalse\u00bb animation_style=\u00bbslide\u00bb animation_direction=\u00bbtop\u00bb animation_delay=\u00bb100ms\u00bb animation_intensity_slide=\u00bb10%\u00bb locked=\u00bboff\u00bb global_colors_info=\u00bb{}\u00bb][\/et_pb_divider][\/et_pb_column][et_pb_column type=\u00bb1_2&#8243; _builder_version=\u00bb4.16&#8243; custom_padding=\u00bb|||\u00bb global_colors_info=\u00bb{}\u00bb custom_padding__hover=\u00bb|||\u00bb][et_pb_text admin_label=\u00bbTop Destination Sub Title\u00bb _builder_version=\u00bb4.27.5&#8243; text_font=\u00bbRoboto||||\u00bb text_text_color=\u00bb#1a1a1a\u00bb text_font_size=\u00bb24px\u00bb text_line_height=\u00bb1.4em\u00bb custom_padding=\u00bb30px|||\u00bb animation_style=\u00bbslide\u00bb animation_direction=\u00bbtop\u00bb animation_delay=\u00bb200ms\u00bb animation_intensity_slide=\u00bb10%\u00bb locked=\u00bboff\u00bb global_colors_info=\u00bb{}\u00bb]<\/p>\n<p style=\"text-align: justify;\">De la idea a la trufera, con una asesor\u00eda completa y \u00aba medida\u00bb.<\/p>\n<p>[\/et_pb_text][et_pb_text admin_label=\u00bbTop Destination Text\u00bb _builder_version=\u00bb4.27.5&#8243; text_font=\u00bbRoboto||||\u00bb text_font_size=\u00bb16px\u00bb text_line_height=\u00bb1.9em\u00bb custom_padding=\u00bb||60px|\u00bb animation_style=\u00bbslide\u00bb animation_direction=\u00bbtop\u00bb animation_intensity_slide=\u00bb4%\u00bb locked=\u00bboff\u00bb global_colors_info=\u00bb{}\u00bb]<\/p>\n<p data-start=\"4309\" data-end=\"4493\" style=\"text-align: justify;\">La <strong>correcta planificaci\u00f3n t\u00e9cnica<\/strong> es fundamental para aumentar las posibilidades de \u00e9xito de una trufera. Rotorscio37 ofrece <a href=\"https:\/\/www.rotorscio37.it\/es\/como-trabajamos\/\">servicios espec\u00edficos<\/a> para acompa\u00f1arte en cada fase: <\/p>\n<ul data-start=\"4531\" data-end=\"4839\" style=\"text-align: justify;\">\n<li data-start=\"4531\" data-end=\"4619\">\n<p data-start=\"4533\" data-end=\"4619\">an\u00e1lisis agron\u00f3mico y evaluaci\u00f3n de la <strong data-start=\"4572\" data-end=\"4596\">idoneidad del terreno<\/strong> antes de la plantaci\u00f3n;<\/p>\n<\/li>\n<li data-start=\"4620\" data-end=\"4698\">\n<p data-start=\"4622\" data-end=\"4698\">dise\u00f1o t\u00e9cnico de truferas con plantas micorrizadas de alta calidad;<\/p>\n<\/li>\n<li data-start=\"4699\" data-end=\"4763\">\n<p data-start=\"4701\" data-end=\"4763\">apoyo en la gesti\u00f3n de convocatorias e incentivos fiscales;<\/p>\n<\/li>\n<li data-start=\"4764\" data-end=\"4839\">\n<p data-start=\"4766\" data-end=\"4839\">seguimiento y asistencia t\u00e9cnica continua para optimizar la producci\u00f3n.<\/p>\n<\/li>\n<\/ul>\n<p data-start=\"4841\" data-end=\"5008\" style=\"text-align: justify;\">Esta combinaci\u00f3n de <strong data-start=\"4864\" data-end=\"4911\">competencia t\u00e9cnica y servicios personalizados<\/strong> permite afrontar la truficultura con mayor seguridad y resultados m\u00e1s s\u00f3lidos.<\/p>\n<h2 data-start=\"4841\" data-end=\"5008\" style=\"text-align: justify;\"><strong data-start=\"302\" data-end=\"368\">\u00bfQuieres saber si cultivar la trufa es la elecci\u00f3n adecuada para ti?<\/strong><\/h2>\n<p data-start=\"4841\" data-end=\"5008\" style=\"text-align: justify;\"><br data-start=\"368\" data-end=\"371\"><a href=\"https:\/\/www.rotorscio37.it\/es\/contacto\/\">Hablemos<\/a>: analizamos tu terreno, tus objetivos y las oportunidades reales para construir un proyecto sostenible y rentable.<\/p>\n<p>[\/et_pb_text][\/et_pb_column][\/et_pb_row][\/et_pb_section]<\/p>\n","protected":false},"excerpt":{"rendered":"<p>TRUFICULTURA: Ventajas ambientales y oportunidades de inversi\u00f3n. &nbsp; La truficultura es una forma avanzada de agricultura que une oportunidades de ingresos estables con beneficios ambientales y paisaj\u00edsticos. Hoy m\u00e1s que nunca, gracias a las tecnolog\u00edas modernas, a la disponibilidad de plantas micorrizadas de alta calidad y a un contexto de incentivos y ayudas, cultivar trufas [&hellip;]<\/p>\n","protected":false},"author":1,"featured_media":0,"parent":0,"menu_order":0,"comment_status":"closed","ping_status":"closed","template":"","meta":{"_et_pb_use_builder":"on","_et_pb_old_content":"","_et_gb_content_width":"","_joinchat":[],"footnotes":""},"class_list":["post-1081","page","type-page","status-publish","hentry"],"yoast_head":"<!-- This site is optimized with the Yoast SEO plugin v27.2 - https:\/\/yoast.com\/product\/yoast-seo-wordpress\/ -->\n<title>POR QU\u00c9 CULTIVAR LA TRUFA - Rotorscio 37<\/title>\n<meta name=\"description\" content=\"Descubre por qu\u00e9 cultivar la trufa: ventajas econ\u00f3micas, ambientales y oportunidades de desarrollo territorial. Con Rotorscio37, un proyecto a tu medida.\" \/>\n<meta name=\"robots\" content=\"index, follow, max-snippet:-1, max-image-preview:large, max-video-preview:-1\" \/>\n<link rel=\"canonical\" href=\"https:\/\/www.rotorscio37.it\/es\/por-que-cultivar-la-trufa\/\" \/>\n<meta property=\"og:locale\" content=\"es_ES\" \/>\n<meta property=\"og:type\" content=\"article\" \/>\n<meta property=\"og:title\" content=\"POR QU\u00c9 CULTIVAR LA TRUFA - Rotorscio 37\" \/>\n<meta property=\"og:description\" content=\"Descubre por qu\u00e9 cultivar la trufa: ventajas econ\u00f3micas, ambientales y oportunidades de desarrollo territorial. Con Rotorscio37, un proyecto a tu medida.\" \/>\n<meta property=\"og:url\" content=\"https:\/\/www.rotorscio37.it\/es\/por-que-cultivar-la-trufa\/\" \/>\n<meta property=\"og:site_name\" content=\"Rotorscio 37\" \/>\n<meta property=\"article:modified_time\" content=\"2026-02-16T15:31:49+00:00\" \/>\n<meta name=\"twitter:card\" content=\"summary_large_image\" \/>\n<meta name=\"twitter:label1\" content=\"Tiempo de lectura\" \/>\n\t<meta name=\"twitter:data1\" content=\"9 minutos\" \/>\n<script type=\"application\/ld+json\" class=\"yoast-schema-graph\">{\"@context\":\"https:\/\/schema.org\",\"@graph\":[{\"@type\":\"WebPage\",\"@id\":\"https:\/\/www.rotorscio37.it\/es\/por-que-cultivar-la-trufa\/\",\"url\":\"https:\/\/www.rotorscio37.it\/es\/por-que-cultivar-la-trufa\/\",\"name\":\"POR QU\u00c9 CULTIVAR LA TRUFA - Rotorscio 37\",\"isPartOf\":{\"@id\":\"https:\/\/www.rotorscio37.it\/es\/#website\"},\"datePublished\":\"2023-12-05T22:20:39+00:00\",\"dateModified\":\"2026-02-16T15:31:49+00:00\",\"description\":\"Descubre por qu\u00e9 cultivar la trufa: ventajas econ\u00f3micas, ambientales y oportunidades de desarrollo territorial. Con Rotorscio37, un proyecto a tu medida.\",\"breadcrumb\":{\"@id\":\"https:\/\/www.rotorscio37.it\/es\/por-que-cultivar-la-trufa\/#breadcrumb\"},\"inLanguage\":\"es\",\"potentialAction\":[{\"@type\":\"ReadAction\",\"target\":[\"https:\/\/www.rotorscio37.it\/es\/por-que-cultivar-la-trufa\/\"]}]},{\"@type\":\"BreadcrumbList\",\"@id\":\"https:\/\/www.rotorscio37.it\/es\/por-que-cultivar-la-trufa\/#breadcrumb\",\"itemListElement\":[{\"@type\":\"ListItem\",\"position\":1,\"name\":\"Home\",\"item\":\"https:\/\/www.rotorscio37.it\/es\/inicio\/\"},{\"@type\":\"ListItem\",\"position\":2,\"name\":\"POR QU\u00c9 CULTIVAR LA TRUFA\"}]},{\"@type\":\"WebSite\",\"@id\":\"https:\/\/www.rotorscio37.it\/es\/#website\",\"url\":\"https:\/\/www.rotorscio37.it\/es\/\",\"name\":\"Rotorscio 37\",\"description\":\"Tartufaie-consulenza e progettazione\",\"potentialAction\":[{\"@type\":\"SearchAction\",\"target\":{\"@type\":\"EntryPoint\",\"urlTemplate\":\"https:\/\/www.rotorscio37.it\/es\/?s={search_term_string}\"},\"query-input\":{\"@type\":\"PropertyValueSpecification\",\"valueRequired\":true,\"valueName\":\"search_term_string\"}}],\"inLanguage\":\"es\"}]}<\/script>\n<!-- \/ Yoast SEO plugin. -->","yoast_head_json":{"title":"POR QU\u00c9 CULTIVAR LA TRUFA - Rotorscio 37","description":"Descubre por qu\u00e9 cultivar la trufa: ventajas econ\u00f3micas, ambientales y oportunidades de desarrollo territorial. Con Rotorscio37, un proyecto a tu medida.","robots":{"index":"index","follow":"follow","max-snippet":"max-snippet:-1","max-image-preview":"max-image-preview:large","max-video-preview":"max-video-preview:-1"},"canonical":"https:\/\/www.rotorscio37.it\/es\/por-que-cultivar-la-trufa\/","og_locale":"es_ES","og_type":"article","og_title":"POR QU\u00c9 CULTIVAR LA TRUFA - Rotorscio 37","og_description":"Descubre por qu\u00e9 cultivar la trufa: ventajas econ\u00f3micas, ambientales y oportunidades de desarrollo territorial. Con Rotorscio37, un proyecto a tu medida.","og_url":"https:\/\/www.rotorscio37.it\/es\/por-que-cultivar-la-trufa\/","og_site_name":"Rotorscio 37","article_modified_time":"2026-02-16T15:31:49+00:00","twitter_card":"summary_large_image","twitter_misc":{"Tiempo de lectura":"9 minutos"},"schema":{"@context":"https:\/\/schema.org","@graph":[{"@type":"WebPage","@id":"https:\/\/www.rotorscio37.it\/es\/por-que-cultivar-la-trufa\/","url":"https:\/\/www.rotorscio37.it\/es\/por-que-cultivar-la-trufa\/","name":"POR QU\u00c9 CULTIVAR LA TRUFA - Rotorscio 37","isPartOf":{"@id":"https:\/\/www.rotorscio37.it\/es\/#website"},"datePublished":"2023-12-05T22:20:39+00:00","dateModified":"2026-02-16T15:31:49+00:00","description":"Descubre por qu\u00e9 cultivar la trufa: ventajas econ\u00f3micas, ambientales y oportunidades de desarrollo territorial. Con Rotorscio37, un proyecto a tu medida.","breadcrumb":{"@id":"https:\/\/www.rotorscio37.it\/es\/por-que-cultivar-la-trufa\/#breadcrumb"},"inLanguage":"es","potentialAction":[{"@type":"ReadAction","target":["https:\/\/www.rotorscio37.it\/es\/por-que-cultivar-la-trufa\/"]}]},{"@type":"BreadcrumbList","@id":"https:\/\/www.rotorscio37.it\/es\/por-que-cultivar-la-trufa\/#breadcrumb","itemListElement":[{"@type":"ListItem","position":1,"name":"Home","item":"https:\/\/www.rotorscio37.it\/es\/inicio\/"},{"@type":"ListItem","position":2,"name":"POR QU\u00c9 CULTIVAR LA TRUFA"}]},{"@type":"WebSite","@id":"https:\/\/www.rotorscio37.it\/es\/#website","url":"https:\/\/www.rotorscio37.it\/es\/","name":"Rotorscio 37","description":"Tartufaie-consulenza e progettazione","potentialAction":[{"@type":"SearchAction","target":{"@type":"EntryPoint","urlTemplate":"https:\/\/www.rotorscio37.it\/es\/?s={search_term_string}"},"query-input":{"@type":"PropertyValueSpecification","valueRequired":true,"valueName":"search_term_string"}}],"inLanguage":"es"}]}},"_links":{"self":[{"href":"https:\/\/www.rotorscio37.it\/es\/wp-json\/wp\/v2\/pages\/1081","targetHints":{"allow":["GET"]}}],"collection":[{"href":"https:\/\/www.rotorscio37.it\/es\/wp-json\/wp\/v2\/pages"}],"about":[{"href":"https:\/\/www.rotorscio37.it\/es\/wp-json\/wp\/v2\/types\/page"}],"author":[{"embeddable":true,"href":"https:\/\/www.rotorscio37.it\/es\/wp-json\/wp\/v2\/users\/1"}],"replies":[{"embeddable":true,"href":"https:\/\/www.rotorscio37.it\/es\/wp-json\/wp\/v2\/comments?post=1081"}],"version-history":[{"count":2,"href":"https:\/\/www.rotorscio37.it\/es\/wp-json\/wp\/v2\/pages\/1081\/revisions"}],"predecessor-version":[{"id":1083,"href":"https:\/\/www.rotorscio37.it\/es\/wp-json\/wp\/v2\/pages\/1081\/revisions\/1083"}],"wp:attachment":[{"href":"https:\/\/www.rotorscio37.it\/es\/wp-json\/wp\/v2\/media?parent=1081"}],"curies":[{"name":"wp","href":"https:\/\/api.w.org\/{rel}","templated":true}]}}