{"id":1117,"date":"2023-12-18T17:14:25","date_gmt":"2023-12-18T17:14:25","guid":{"rendered":"https:\/\/www.rotorscio37.it\/plantas-acompanantes\/"},"modified":"2026-02-16T15:43:15","modified_gmt":"2026-02-16T15:43:15","slug":"plantas-acompanantes","status":"publish","type":"page","link":"https:\/\/www.rotorscio37.it\/es\/plantas-acompanantes\/","title":{"rendered":"plantas acompa\u00f1antes"},"content":{"rendered":"<p>[et_pb_section fb_built=\u00bb1&#8243; _builder_version=\u00bb4.23.1&#8243; _module_preset=\u00bbdefault\u00bb custom_padding=\u00bb0px||0px|||\u00bb locked=\u00bboff\u00bb global_colors_info=\u00bb{}\u00bb][et_pb_row column_structure=\u00bb1_5,1_5,1_5,1_5,1_5&#8243; use_custom_gutter=\u00bbon\u00bb gutter_width=\u00bb1&#8243; _builder_version=\u00bb4.23.1&#8243; _module_preset=\u00bbdefault\u00bb width=\u00bb90%\u00bb max_width=\u00bb2560px\u00bb custom_padding=\u00bb5px|||||\u00bb global_colors_info=\u00bb{}\u00bb][et_pb_column type=\u00bb1_5&#8243; _builder_version=\u00bb4.23.1&#8243; _module_preset=\u00bbdefault\u00bb global_colors_info=\u00bb{}\u00bb][et_pb_button button_url=\u00bb@ET-DC@eyJkeW5hbWljIjp0cnVlLCJjb250ZW50IjoicG9zdF9saW5rX3VybF9wYWdlIiwic2V0dGluZ3MiOnsicG9zdF9pZCI6IjE3IiwiZW5hYmxlX2h0bWwiOiJvZmYifX0=@\u00bb button_text=\u00bbplantas micorrizadas\u00bb button_alignment=\u00bbcenter\u00bb _builder_version=\u00bb4.27.5&#8243; _dynamic_attributes=\u00bbbutton_url\u00bb _module_preset=\u00bbdefault\u00bb custom_button=\u00bbon\u00bb button_text_size=\u00bb16px\u00bb button_text_color=\u00bb#000000&#8243; button_bg_color=\u00bb#FFFFFF\u00bb button_border_color=\u00bbRGBA(255,255,255,0)\u00bb button_font=\u00bbRoboto|700||on|||||\u00bb global_colors_info=\u00bb{}\u00bb][\/et_pb_button][\/et_pb_column][et_pb_column type=\u00bb1_5&#8243; _builder_version=\u00bb4.23.1&#8243; _module_preset=\u00bbdefault\u00bb global_colors_info=\u00bb{}\u00bb][et_pb_button button_url=\u00bb@ET-DC@eyJkeW5hbWljIjp0cnVlLCJjb250ZW50IjoicG9zdF9saW5rX3VybF9wYWdlIiwic2V0dGluZ3MiOnsicG9zdF9pZCI6IjMwMyIsImVuYWJsZV9odG1sIjoib2ZmIn19@\u00bb button_text=\u00bbplantas acompa\u00f1antes\u00bb button_alignment=\u00bbcenter\u00bb _builder_version=\u00bb4.23.1&#8243; _dynamic_attributes=\u00bbbutton_url\u00bb _module_preset=\u00bbdefault\u00bb custom_button=\u00bbon\u00bb button_text_size=\u00bb16px\u00bb button_text_color=\u00bb#000000&#8243; button_bg_color=\u00bb#FFFFFF\u00bb button_border_color=\u00bbRGBA(255,255,255,0)\u00bb button_font=\u00bbRoboto|700||on|||||\u00bb global_colors_info=\u00bb{}\u00bb][\/et_pb_button][\/et_pb_column][et_pb_column type=\u00bb1_5&#8243; _builder_version=\u00bb4.23.1&#8243; _module_preset=\u00bbdefault\u00bb global_colors_info=\u00bb{}\u00bb][et_pb_button button_url=\u00bb@ET-DC@eyJkeW5hbWljIjp0cnVlLCJjb250ZW50IjoicG9zdF9saW5rX3VybF9wYWdlIiwic2V0dGluZ3MiOnsicG9zdF9pZCI6IjE5IiwiZW5hYmxlX2h0bWwiOiJvZmYifX0=@\u00bb button_text=\u00bbin\u00f3culo esporal\u00bb button_alignment=\u00bbcenter\u00bb _builder_version=\u00bb4.23.1&#8243; _dynamic_attributes=\u00bbbutton_url\u00bb _module_preset=\u00bbdefault\u00bb custom_button=\u00bbon\u00bb button_text_size=\u00bb16px\u00bb button_text_color=\u00bb#000000&#8243; button_bg_color=\u00bb#FFFFFF\u00bb button_border_color=\u00bbRGBA(255,255,255,0)\u00bb button_font=\u00bbRoboto|700||on|||||\u00bb global_colors_info=\u00bb{}\u00bb][\/et_pb_button][\/et_pb_column][et_pb_column type=\u00bb1_5&#8243; _builder_version=\u00bb4.23.1&#8243; _module_preset=\u00bbdefault\u00bb global_colors_info=\u00bb{}\u00bb][et_pb_button button_url=\u00bb@ET-DC@eyJkeW5hbWljIjp0cnVlLCJjb250ZW50IjoicG9zdF9saW5rX3VybF9wYWdlIiwic2V0dGluZ3MiOnsicG9zdF9pZCI6IjMxMCIsImVuYWJsZV9odG1sIjoib2ZmIn19@\u00bb button_text=\u00bbTRAMPAS LEIODES\u00bb button_alignment=\u00bbcenter\u00bb _builder_version=\u00bb4.23.1&#8243; _dynamic_attributes=\u00bbbutton_url\u00bb _module_preset=\u00bbdefault\u00bb custom_button=\u00bbon\u00bb button_text_size=\u00bb16px\u00bb button_text_color=\u00bb#000000&#8243; button_bg_color=\u00bb#FFFFFF\u00bb button_border_color=\u00bbRGBA(255,255,255,0)\u00bb button_font=\u00bbRoboto|700||on|||||\u00bb global_colors_info=\u00bb{}\u00bb][\/et_pb_button][\/et_pb_column][et_pb_column type=\u00bb1_5&#8243; _builder_version=\u00bb4.23.1&#8243; _module_preset=\u00bbdefault\u00bb global_colors_info=\u00bb{}\u00bb][et_pb_button button_url=\u00bb@ET-DC@eyJkeW5hbWljIjp0cnVlLCJjb250ZW50IjoicG9zdF9saW5rX3VybF9wYWdlIiwic2V0dGluZ3MiOnsicG9zdF9pZCI6IjE1IiwiZW5hYmxlX2h0bWwiOiJvZmYifX0=@\u00bb button_text=\u00bbpor qu\u00e9 cultivar la trufa\u00bb button_alignment=\u00bbcenter\u00bb _builder_version=\u00bb4.23.1&#8243; _dynamic_attributes=\u00bbbutton_url\u00bb _module_preset=\u00bbdefault\u00bb custom_button=\u00bbon\u00bb button_text_size=\u00bb16px\u00bb button_text_color=\u00bb#000000&#8243; button_bg_color=\u00bb#FFFFFF\u00bb button_border_color=\u00bbRGBA(255,255,255,0)\u00bb button_font=\u00bbRoboto|700||on|||||\u00bb global_colors_info=\u00bb{}\u00bb][\/et_pb_button][\/et_pb_column][\/et_pb_row][\/et_pb_section][et_pb_section fb_built=\u00bb1&#8243; fullwidth=\u00bbon\u00bb admin_label=\u00bbHero Section\u00bb _builder_version=\u00bb4.23.1&#8243; background_color=\u00bb#233b4e\u00bb parallax=\u00bbon\u00bb custom_padding=\u00bb0px|0px|0px|0px\u00bb global_colors_info=\u00bb{}\u00bb][et_pb_fullwidth_header title=\u00bbplantas acompa\u00f1antes\u00bb header_fullscreen=\u00bbon\u00bb button_one_text=\u00bbdescubre el proyecto truffle garden\u00bb button_one_url=\u00bbhttps:\/\/www.rotorscio37.it\/wp-content\/uploads\/2023\/12\/Truffle-Garden-Catalogo-2023_compressed.pdf\u00bb background_overlay_color=\u00bbrgba(29,38,51,0.86)\u00bb content_max_width=\u00bb700px\u00bb admin_label=\u00bbHero\u00bb _builder_version=\u00bb4.27.5&#8243; title_font=\u00bbOswald|on||on|\u00bb title_font_size=\u00bb80px\u00bb title_line_height=\u00bb1.3em\u00bb content_font=\u00bbRoboto||||\u00bb content_font_size=\u00bb20px\u00bb background_color=\u00bbrgba(255, 255, 255, 0)\u00bb background_image=\u00bbhttps:\/\/www.rotorscio37.it\/wp-content\/uploads\/2023\/12\/piante_tartufigine.jpg\u00bb parallax=\u00bbon\u00bb parallax_method=\u00bbon\u00bb custom_button_one=\u00bbon\u00bb button_one_border_radius=\u00bb0px\u00bb button_one_letter_spacing=\u00bb4px\u00bb button_one_font=\u00bbOswald|on||on|\u00bb button_one_icon=\u00bb&#x24;||divi||400&#8243; button_one_icon_color=\u00bb#ffffff\u00bb animation_style=\u00bbzoom\u00bb animation_direction=\u00bbbottom\u00bb animation_intensity_zoom=\u00bb4%\u00bb button_one_text_color_hover=\u00bb#ffffff\u00bb button_one_border_color_hover=\u00bb#ffffff\u00bb button_one_border_radius_hover=\u00bb0px\u00bb button_one_letter_spacing_hover=\u00bb4px\u00bb button_one_bg_color_hover=\u00bbrgba(0,0,0,0)\u00bb global_colors_info=\u00bb{}\u00bb button_one_text_size__hover_enabled=\u00bboff\u00bb button_two_text_size__hover_enabled=\u00bboff\u00bb button_one_text_color__hover_enabled=\u00bbon\u00bb button_one_text_color__hover=\u00bb#ffffff\u00bb button_two_text_color__hover_enabled=\u00bboff\u00bb button_one_border_width__hover_enabled=\u00bboff\u00bb button_two_border_width__hover_enabled=\u00bboff\u00bb button_one_border_color__hover_enabled=\u00bbon\u00bb button_one_border_color__hover=\u00bb#ffffff\u00bb button_two_border_color__hover_enabled=\u00bboff\u00bb button_one_border_radius__hover_enabled=\u00bbon\u00bb button_one_border_radius__hover=\u00bb0px\u00bb button_two_border_radius__hover_enabled=\u00bboff\u00bb button_one_letter_spacing__hover_enabled=\u00bbon\u00bb button_one_letter_spacing__hover=\u00bb4px\u00bb button_two_letter_spacing__hover_enabled=\u00bboff\u00bb button_one_bg_color__hover_enabled=\u00bbon\u00bb button_one_bg_color__hover=\u00bbrgba(0,0,0,0)\u00bb button_two_bg_color__hover_enabled=\u00bboff\u00bb][\/et_pb_fullwidth_header][\/et_pb_section][et_pb_section fb_built=\u00bb1&#8243; _builder_version=\u00bb4.16&#8243; custom_padding=\u00bb110px||110px|\u00bb global_colors_info=\u00bb{}\u00bb][et_pb_row column_structure=\u00bb1_2,1_2&#8243; _builder_version=\u00bb4.16&#8243; global_colors_info=\u00bb{}\u00bb][et_pb_column type=\u00bb1_2&#8243; _builder_version=\u00bb4.16&#8243; custom_padding=\u00bb|||\u00bb global_colors_info=\u00bb{}\u00bb custom_padding__hover=\u00bb|||\u00bb][et_pb_text admin_label=\u00bbDiscover Beatuty Title\u00bb _builder_version=\u00bb4.27.5&#8243; text_font=\u00bb||||\u00bb text_text_color=\u00bb#1a1a1a\u00bb header_font=\u00bbOswald|on||on|\u00bb header_text_align=\u00bbleft\u00bb header_font_size=\u00bb60px\u00bb header_line_height=\u00bb1.3em\u00bb animation_style=\u00bbslide\u00bb animation_direction=\u00bbtop\u00bb animation_intensity_slide=\u00bb10%\u00bb global_colors_info=\u00bb{}\u00bb]<\/p>\n<h1>Plantas acompa\u00f1antes para truferas: beneficios agron\u00f3micos y ventajas productivas<\/h1>\n<p>[\/et_pb_text][et_pb_divider color=\u00bb#ed4441&#8243; divider_position=\u00bbcenter\u00bb divider_weight=\u00bb3px\u00bb disabled_on=\u00bboff|off|off\u00bb _builder_version=\u00bb4.16&#8243; max_width=\u00bb150px\u00bb height=\u00bbfalse\u00bb animation_style=\u00bbslide\u00bb animation_direction=\u00bbtop\u00bb animation_delay=\u00bb100ms\u00bb animation_intensity_slide=\u00bb10%\u00bb global_colors_info=\u00bb{}\u00bb][\/et_pb_divider][\/et_pb_column][et_pb_column type=\u00bb1_2&#8243; _builder_version=\u00bb4.16&#8243; custom_padding=\u00bb|||\u00bb global_colors_info=\u00bb{}\u00bb custom_padding__hover=\u00bb|||\u00bb][et_pb_text admin_label=\u00bbDiscover Beatuty Text\u00bb _builder_version=\u00bb4.27.5&#8243; text_font=\u00bbRoboto||||\u00bb text_font_size=\u00bb16px\u00bb text_line_height=\u00bb1.9em\u00bb custom_padding=\u00bb30px|||\u00bb animation_style=\u00bbslide\u00bb animation_direction=\u00bbtop\u00bb animation_delay=\u00bb200ms\u00bb animation_intensity_slide=\u00bb10%\u00bb global_colors_info=\u00bb{}\u00bb]<\/p>\n<p style=\"text-align: justify;\">Las <strong data-start=\"1241\" data-end=\"1258\">plantas acompa\u00f1antes<\/strong> juegan un papel fundamental en las <strong data-start=\"1295\" data-end=\"1329\">truferas naturales y cultivadas<\/strong>, creando microambientes favorables para el desarrollo de las plantas simbiontes y del micelio de la trufa.<\/p>\n<p style=\"text-align: justify;\">Rotorscio37 integra el conocimiento de las plantas acompa\u00f1antes en el <strong data-start=\"1488\" data-end=\"1527\">proyecto agron\u00f3mico de la trufera<\/strong> para favorecer el equilibrio biol\u00f3gico del suelo, mejorar el ecosistema y ayudar a las plantas micorrizadas a alcanzar su m\u00e1ximo potencial productivo.<\/p>\n<p style=\"text-align: justify;\">Con nuestra <a href=\"https:\/\/www.rotorscio37.it\/es\/como-trabajamos\/\"><strong data-start=\"1698\" data-end=\"1734\">asesor\u00eda t\u00e9cnica especializada<\/strong><\/a>, analizamos las caracter\u00edsticas de tu terreno y sugerimos la <strong data-start=\"1799\" data-end=\"1837\">estrategia de asociaci\u00f3n vegetal<\/strong> m\u00e1s adecuada, realizando un aut\u00e9ntico <strong>proyecto \u201ca medida\u201d.<\/strong><\/p>\n<p>[\/et_pb_text][et_pb_code _builder_version=\u00bb4.23.1&#8243; _module_preset=\u00bbdefault\u00bb locked=\u00bboff\u00bb global_colors_info=\u00bb{}\u00bb]<video autoplay=\"autoplay\" loop=\"loop\" playsinline=\"\" muted=\"\" defaultmuted=\"\" oncontextmenu=\"return false;\" preload=\"auto\" id=\"myVideo\"><!-- [et_pb_line_break_holder] --><source src=\"https:\/\/www.rotorscio37.it\/wp-content\/uploads\/2023\/12\/video_comari_sito.mp4\" type=\"video\/mp4\"><!-- [et_pb_line_break_holder] --><\/source><\/video>[\/et_pb_code][\/et_pb_column][\/et_pb_row][\/et_pb_section][et_pb_section fb_built=\u00bb1&#8243; _builder_version=\u00bb4.16&#8243; background_color=\u00bb#f4f4f4&#8243; custom_padding=\u00bb110px||110px|\u00bb global_colors_info=\u00bb{}\u00bb][et_pb_row column_structure=\u00bb1_2,1_2&#8243; _builder_version=\u00bb4.16&#8243; global_colors_info=\u00bb{}\u00bb][et_pb_column type=\u00bb1_2&#8243; _builder_version=\u00bb4.16&#8243; custom_padding=\u00bb|||\u00bb global_colors_info=\u00bb{}\u00bb custom_padding__hover=\u00bb|||\u00bb][et_pb_text admin_label=\u00bbTop Destination Title\u00bb _builder_version=\u00bb4.27.5&#8243; text_font=\u00bb||||\u00bb text_text_color=\u00bb#1a1a1a\u00bb header_font=\u00bbOswald|on||on|\u00bb header_text_align=\u00bbleft\u00bb header_font_size=\u00bb60px\u00bb header_line_height=\u00bb1.3em\u00bb custom_margin=\u00bb|||\u00bb custom_padding=\u00bb|||\u00bb animation_style=\u00bbslide\u00bb animation_direction=\u00bbtop\u00bb animation_intensity_slide=\u00bb10%\u00bb locked=\u00bboff\u00bb global_colors_info=\u00bb{}\u00bb]<\/p>\n<h1><strong>\u00bfQu\u00e9 son las plantas acompa\u00f1antes?<\/strong><\/h1>\n<p>[\/et_pb_text][et_pb_divider color=\u00bb#ed4441&#8243; divider_position=\u00bbcenter\u00bb divider_weight=\u00bb3px\u00bb disabled_on=\u00bboff|off|off\u00bb _builder_version=\u00bb4.16&#8243; max_width=\u00bb150px\u00bb height=\u00bbfalse\u00bb animation_style=\u00bbslide\u00bb animation_direction=\u00bbtop\u00bb animation_delay=\u00bb100ms\u00bb animation_intensity_slide=\u00bb10%\u00bb locked=\u00bboff\u00bb global_colors_info=\u00bb{}\u00bb][\/et_pb_divider][\/et_pb_column][et_pb_column type=\u00bb1_2&#8243; _builder_version=\u00bb4.16&#8243; custom_padding=\u00bb|||\u00bb global_colors_info=\u00bb{}\u00bb custom_padding__hover=\u00bb|||\u00bb][et_pb_text admin_label=\u00bbTop Destination Text\u00bb _builder_version=\u00bb4.27.5&#8243; text_font=\u00bbRoboto||||\u00bb text_font_size=\u00bb16px\u00bb text_line_height=\u00bb1.9em\u00bb custom_padding=\u00bb||60px|\u00bb animation_style=\u00bbslide\u00bb animation_direction=\u00bbtop\u00bb animation_intensity_slide=\u00bb4%\u00bb locked=\u00bboff\u00bb global_colors_info=\u00bb{}\u00bb]<\/p>\n<p style=\"text-align: justify;\">Las <strong>plantas acompa\u00f1antes<\/strong> son especies arb\u00f3reas o arbustivas que no entran en simbiosis micorr\u00edcica con los hongos del g\u00e9nero <em>Tuber<\/em>, pero <strong>favorecen las condiciones del suelo y del ecosistema<\/strong> que sustentan el crecimiento de las plantas simbiontes y del propio micelio trufero.<\/p>\n<p><strong>Papel agron\u00f3mico de las plantas acompa\u00f1antes:<\/strong><\/p>\n<ul>\n<li>favorecen el <strong>desarrollo del sistema radicular<\/strong> de las plantas simbiontes;<\/li>\n<li>mantienen niveles de <strong>humedad ideales<\/strong> en las capas superficiales del suelo;<\/li>\n<li>mitigan los <strong>desequilibrios t\u00e9rmicos<\/strong> en la zona radicular;<\/li>\n<li>favorecen la <strong>coexistencia de biodiversidad vegetal<\/strong> \u00fatil en la trufera.<\/li>\n<\/ul>\n<h2 data-start=\"2846\" data-end=\"2905\"><strong data-start=\"2849\" data-end=\"2905\">\u00bfPor qu\u00e9 introducir plantas acompa\u00f1antes en la trufera?<\/strong><\/h2>\n<p data-start=\"2907\" data-end=\"3243\" style=\"text-align: justify;\">La <strong data-start=\"2909\" data-end=\"2934\">asociaci\u00f3n vegetal<\/strong> con plantas acompa\u00f1antes puede ser \u00fatil para crear un <strong data-start=\"3006\" data-end=\"3044\">microambiente estable y favorable<\/strong> para las plantas simbiontes. Rotorscio37 eval\u00faa caso por caso si conviene introducir plantas acompa\u00f1antes y d\u00f3nde hacerlo, seg\u00fan las caracter\u00edsticas del terreno, las especies de trufa elegidas y la gesti\u00f3n agron\u00f3mica prevista. <\/p>\n<p data-start=\"3245\" data-end=\"3269\" style=\"text-align: justify;\"><strong data-start=\"3245\" data-end=\"3269\">Beneficios potenciales:<\/strong><\/p>\n<ul data-start=\"3270\" data-end=\"3564\">\n<li data-start=\"3270\" data-end=\"3342\" style=\"text-align: justify;\">\n<p data-start=\"3272\" data-end=\"3342\">mejor equilibrio h\u00eddrico y microclim\u00e1tico en los primeros a\u00f1os de plantaci\u00f3n;<\/p>\n<\/li>\n<li data-start=\"3343\" data-end=\"3402\" style=\"text-align: justify;\">\n<p data-start=\"3345\" data-end=\"3402\">protecci\u00f3n natural para el micelio y las ra\u00edces simbiontes;<\/p>\n<\/li>\n<li data-start=\"3403\" data-end=\"3466\" style=\"text-align: justify;\">\n<p data-start=\"3405\" data-end=\"3466\">incremento de la <strong data-start=\"3422\" data-end=\"3449\">biodiversidad funcional<\/strong> de la trufera;<\/p>\n<\/li>\n<li data-start=\"3403\" data-end=\"3466\" style=\"text-align: justify;\">\n<p data-start=\"3405\" data-end=\"3466\">creaci\u00f3n de un h\u00e1bitat de cultivo m\u00e1s rico y resiliente.<\/p>\n<\/li>\n<\/ul>\n<p>[\/et_pb_text][et_pb_button button_url=\u00bbhttps:\/\/www.rotorscio37.it\/wp-content\/uploads\/2023\/12\/Truffle-Garden-Catalogo-2023_compressed.pdf\u00bb url_new_window=\u00bbon\u00bb button_text=\u00bbdescubre nuestras plantas acompa\u00f1antes\u00bb button_alignment=\u00bbleft\u00bb admin_label=\u00bbGallery Button\u00bb _builder_version=\u00bb4.23.1&#8243; custom_button=\u00bbon\u00bb button_text_color=\u00bb#1a1a1a\u00bb button_border_radius=\u00bb0px\u00bb button_letter_spacing=\u00bb4px\u00bb button_font=\u00bbOswald|on||on|\u00bb button_icon=\u00bb&#x24;||divi||400&#8243; button_icon_color=\u00bb#1a1a1a\u00bb button_border_color_hover=\u00bb#1a1a1a\u00bb button_border_radius_hover=\u00bb0px\u00bb button_letter_spacing_hover=\u00bb4px\u00bb button_bg_color_hover=\u00bbrgba(0,0,0,0)\u00bb locked=\u00bboff\u00bb global_colors_info=\u00bb{}\u00bb button_text_size__hover_enabled=\u00bboff\u00bb button_one_text_size__hover_enabled=\u00bboff\u00bb button_two_text_size__hover_enabled=\u00bboff\u00bb button_text_color__hover_enabled=\u00bboff\u00bb button_one_text_color__hover_enabled=\u00bboff\u00bb button_two_text_color__hover_enabled=\u00bboff\u00bb button_border_width__hover_enabled=\u00bboff\u00bb button_one_border_width__hover_enabled=\u00bboff\u00bb button_two_border_width__hover_enabled=\u00bboff\u00bb button_border_color__hover_enabled=\u00bbon\u00bb button_border_color__hover=\u00bb#1a1a1a\u00bb button_one_border_color__hover_enabled=\u00bboff\u00bb button_two_border_color__hover_enabled=\u00bboff\u00bb button_border_radius__hover_enabled=\u00bbon\u00bb button_border_radius__hover=\u00bb0px\u00bb button_one_border_radius__hover_enabled=\u00bboff\u00bb button_two_border_radius__hover_enabled=\u00bboff\u00bb button_letter_spacing__hover_enabled=\u00bbon\u00bb button_letter_spacing__hover=\u00bb4px\u00bb button_one_letter_spacing__hover_enabled=\u00bboff\u00bb button_two_letter_spacing__hover_enabled=\u00bboff\u00bb button_bg_color__hover_enabled=\u00bbon\u00bb button_bg_color__hover=\u00bbrgba(0,0,0,0)\u00bb button_one_bg_color__hover_enabled=\u00bboff\u00bb button_two_bg_color__hover_enabled=\u00bboff\u00bb][\/et_pb_button][\/et_pb_column][\/et_pb_row][\/et_pb_section]<\/p>\n","protected":false},"excerpt":{"rendered":"<p>Plantas acompa\u00f1antes para truferas: beneficios agron\u00f3micos y ventajas productivasLas plantas acompa\u00f1antes juegan un papel fundamental en las truferas naturales y cultivadas, creando microambientes favorables para el desarrollo de las plantas simbiontes y del micelio de la trufa. Rotorscio37 integra el conocimiento de las plantas acompa\u00f1antes en el proyecto agron\u00f3mico de la trufera para favorecer el [&hellip;]<\/p>\n","protected":false},"author":1,"featured_media":0,"parent":0,"menu_order":0,"comment_status":"closed","ping_status":"closed","template":"","meta":{"_et_pb_use_builder":"on","_et_pb_old_content":"","_et_gb_content_width":"","_joinchat":[],"footnotes":""},"class_list":["post-1117","page","type-page","status-publish","hentry"],"yoast_head":"<!-- This site is optimized with the Yoast SEO plugin v27.2 - https:\/\/yoast.com\/product\/yoast-seo-wordpress\/ -->\n<title>plantas acompa\u00f1antes - Rotorscio 37<\/title>\n<meta name=\"description\" content=\"Plantas acompa\u00f1antes para truferas: descubre su papel agron\u00f3mico, las especies ideales y c\u00f3mo integrarlas para lograr truferas de \u00e9xito.\" \/>\n<meta name=\"robots\" content=\"index, follow, max-snippet:-1, max-image-preview:large, max-video-preview:-1\" \/>\n<link rel=\"canonical\" href=\"https:\/\/www.rotorscio37.it\/es\/plantas-acompanantes\/\" \/>\n<meta property=\"og:locale\" content=\"es_ES\" \/>\n<meta property=\"og:type\" content=\"article\" \/>\n<meta property=\"og:title\" content=\"plantas acompa\u00f1antes - Rotorscio 37\" \/>\n<meta property=\"og:description\" content=\"Plantas acompa\u00f1antes para truferas: descubre su papel agron\u00f3mico, las especies ideales y c\u00f3mo integrarlas para lograr truferas de \u00e9xito.\" \/>\n<meta property=\"og:url\" content=\"https:\/\/www.rotorscio37.it\/es\/plantas-acompanantes\/\" \/>\n<meta property=\"og:site_name\" content=\"Rotorscio 37\" \/>\n<meta property=\"article:modified_time\" content=\"2026-02-16T15:43:15+00:00\" \/>\n<meta name=\"twitter:card\" content=\"summary_large_image\" \/>\n<meta name=\"twitter:label1\" content=\"Tiempo de lectura\" \/>\n\t<meta name=\"twitter:data1\" content=\"9 minutos\" \/>\n<script type=\"application\/ld+json\" class=\"yoast-schema-graph\">{\"@context\":\"https:\/\/schema.org\",\"@graph\":[{\"@type\":\"WebPage\",\"@id\":\"https:\/\/www.rotorscio37.it\/es\/plantas-acompanantes\/\",\"url\":\"https:\/\/www.rotorscio37.it\/es\/plantas-acompanantes\/\",\"name\":\"plantas acompa\u00f1antes - Rotorscio 37\",\"isPartOf\":{\"@id\":\"https:\/\/www.rotorscio37.it\/es\/#website\"},\"datePublished\":\"2023-12-18T17:14:25+00:00\",\"dateModified\":\"2026-02-16T15:43:15+00:00\",\"description\":\"Plantas acompa\u00f1antes para truferas: descubre su papel agron\u00f3mico, las especies ideales y c\u00f3mo integrarlas para lograr truferas de \u00e9xito.\",\"breadcrumb\":{\"@id\":\"https:\/\/www.rotorscio37.it\/es\/plantas-acompanantes\/#breadcrumb\"},\"inLanguage\":\"es\",\"potentialAction\":[{\"@type\":\"ReadAction\",\"target\":[\"https:\/\/www.rotorscio37.it\/es\/plantas-acompanantes\/\"]}]},{\"@type\":\"BreadcrumbList\",\"@id\":\"https:\/\/www.rotorscio37.it\/es\/plantas-acompanantes\/#breadcrumb\",\"itemListElement\":[{\"@type\":\"ListItem\",\"position\":1,\"name\":\"Home\",\"item\":\"https:\/\/www.rotorscio37.it\/es\/inicio\/\"},{\"@type\":\"ListItem\",\"position\":2,\"name\":\"plantas acompa\u00f1antes\"}]},{\"@type\":\"WebSite\",\"@id\":\"https:\/\/www.rotorscio37.it\/es\/#website\",\"url\":\"https:\/\/www.rotorscio37.it\/es\/\",\"name\":\"Rotorscio 37\",\"description\":\"Tartufaie-consulenza e progettazione\",\"potentialAction\":[{\"@type\":\"SearchAction\",\"target\":{\"@type\":\"EntryPoint\",\"urlTemplate\":\"https:\/\/www.rotorscio37.it\/es\/?s={search_term_string}\"},\"query-input\":{\"@type\":\"PropertyValueSpecification\",\"valueRequired\":true,\"valueName\":\"search_term_string\"}}],\"inLanguage\":\"es\"}]}<\/script>\n<!-- \/ Yoast SEO plugin. -->","yoast_head_json":{"title":"plantas acompa\u00f1antes - Rotorscio 37","description":"Plantas acompa\u00f1antes para truferas: descubre su papel agron\u00f3mico, las especies ideales y c\u00f3mo integrarlas para lograr truferas de \u00e9xito.","robots":{"index":"index","follow":"follow","max-snippet":"max-snippet:-1","max-image-preview":"max-image-preview:large","max-video-preview":"max-video-preview:-1"},"canonical":"https:\/\/www.rotorscio37.it\/es\/plantas-acompanantes\/","og_locale":"es_ES","og_type":"article","og_title":"plantas acompa\u00f1antes - Rotorscio 37","og_description":"Plantas acompa\u00f1antes para truferas: descubre su papel agron\u00f3mico, las especies ideales y c\u00f3mo integrarlas para lograr truferas de \u00e9xito.","og_url":"https:\/\/www.rotorscio37.it\/es\/plantas-acompanantes\/","og_site_name":"Rotorscio 37","article_modified_time":"2026-02-16T15:43:15+00:00","twitter_card":"summary_large_image","twitter_misc":{"Tiempo de lectura":"9 minutos"},"schema":{"@context":"https:\/\/schema.org","@graph":[{"@type":"WebPage","@id":"https:\/\/www.rotorscio37.it\/es\/plantas-acompanantes\/","url":"https:\/\/www.rotorscio37.it\/es\/plantas-acompanantes\/","name":"plantas acompa\u00f1antes - Rotorscio 37","isPartOf":{"@id":"https:\/\/www.rotorscio37.it\/es\/#website"},"datePublished":"2023-12-18T17:14:25+00:00","dateModified":"2026-02-16T15:43:15+00:00","description":"Plantas acompa\u00f1antes para truferas: descubre su papel agron\u00f3mico, las especies ideales y c\u00f3mo integrarlas para lograr truferas de \u00e9xito.","breadcrumb":{"@id":"https:\/\/www.rotorscio37.it\/es\/plantas-acompanantes\/#breadcrumb"},"inLanguage":"es","potentialAction":[{"@type":"ReadAction","target":["https:\/\/www.rotorscio37.it\/es\/plantas-acompanantes\/"]}]},{"@type":"BreadcrumbList","@id":"https:\/\/www.rotorscio37.it\/es\/plantas-acompanantes\/#breadcrumb","itemListElement":[{"@type":"ListItem","position":1,"name":"Home","item":"https:\/\/www.rotorscio37.it\/es\/inicio\/"},{"@type":"ListItem","position":2,"name":"plantas acompa\u00f1antes"}]},{"@type":"WebSite","@id":"https:\/\/www.rotorscio37.it\/es\/#website","url":"https:\/\/www.rotorscio37.it\/es\/","name":"Rotorscio 37","description":"Tartufaie-consulenza e progettazione","potentialAction":[{"@type":"SearchAction","target":{"@type":"EntryPoint","urlTemplate":"https:\/\/www.rotorscio37.it\/es\/?s={search_term_string}"},"query-input":{"@type":"PropertyValueSpecification","valueRequired":true,"valueName":"search_term_string"}}],"inLanguage":"es"}]}},"_links":{"self":[{"href":"https:\/\/www.rotorscio37.it\/es\/wp-json\/wp\/v2\/pages\/1117","targetHints":{"allow":["GET"]}}],"collection":[{"href":"https:\/\/www.rotorscio37.it\/es\/wp-json\/wp\/v2\/pages"}],"about":[{"href":"https:\/\/www.rotorscio37.it\/es\/wp-json\/wp\/v2\/types\/page"}],"author":[{"embeddable":true,"href":"https:\/\/www.rotorscio37.it\/es\/wp-json\/wp\/v2\/users\/1"}],"replies":[{"embeddable":true,"href":"https:\/\/www.rotorscio37.it\/es\/wp-json\/wp\/v2\/comments?post=1117"}],"version-history":[{"count":2,"href":"https:\/\/www.rotorscio37.it\/es\/wp-json\/wp\/v2\/pages\/1117\/revisions"}],"predecessor-version":[{"id":1119,"href":"https:\/\/www.rotorscio37.it\/es\/wp-json\/wp\/v2\/pages\/1117\/revisions\/1119"}],"wp:attachment":[{"href":"https:\/\/www.rotorscio37.it\/es\/wp-json\/wp\/v2\/media?parent=1117"}],"curies":[{"name":"wp","href":"https:\/\/api.w.org\/{rel}","templated":true}]}}