{"id":1135,"date":"2025-12-29T14:51:38","date_gmt":"2025-12-29T14:51:38","guid":{"rendered":"https:\/\/www.rotorscio37.it\/plantas-truferas-co\/"},"modified":"2026-02-16T15:48:16","modified_gmt":"2026-02-16T15:48:16","slug":"plantas-truferas-co","status":"publish","type":"page","link":"https:\/\/www.rotorscio37.it\/es\/plantas-truferas-co\/","title":{"rendered":"Plantas truferas &amp; co."},"content":{"rendered":"<p>[et_pb_section fb_built=\u00bb1&#8243; _builder_version=\u00bb4.23.1&#8243; _module_preset=\u00bbdefault\u00bb custom_padding=\u00bb0px||0px|||\u00bb locked=\u00bboff\u00bb global_colors_info=\u00bb{}\u00bb][et_pb_row column_structure=\u00bb1_5,1_5,1_5,1_5,1_5&#8243; use_custom_gutter=\u00bbon\u00bb gutter_width=\u00bb1&#8243; _builder_version=\u00bb4.23.1&#8243; _module_preset=\u00bbdefault\u00bb width=\u00bb90%\u00bb max_width=\u00bb2560px\u00bb custom_padding=\u00bb5px|||||\u00bb global_colors_info=\u00bb{}\u00bb][et_pb_column type=\u00bb1_5&#8243; _builder_version=\u00bb4.23.1&#8243; _module_preset=\u00bbdefault\u00bb global_colors_info=\u00bb{}\u00bb][et_pb_button button_url=\u00bb@ET-DC@eyJkeW5hbWljIjp0cnVlLCJjb250ZW50IjoicG9zdF9saW5rX3VybF9wYWdlIiwic2V0dGluZ3MiOnsicG9zdF9pZCI6IjE3IiwiZW5hYmxlX2h0bWwiOiJvZmYifX0=@\u00bb button_text=\u00bbplantas micorrizadas\u00bb button_alignment=\u00bbcenter\u00bb _builder_version=\u00bb4.27.5&#8243; _dynamic_attributes=\u00bbbutton_url\u00bb _module_preset=\u00bbdefault\u00bb custom_button=\u00bbon\u00bb button_text_size=\u00bb16px\u00bb button_text_color=\u00bb#000000&#8243; button_bg_color=\u00bb#FFFFFF\u00bb button_border_color=\u00bbRGBA(255,255,255,0)\u00bb button_font=\u00bbRoboto|700||on|||||\u00bb global_colors_info=\u00bb{}\u00bb][\/et_pb_button][\/et_pb_column][et_pb_column type=\u00bb1_5&#8243; _builder_version=\u00bb4.23.1&#8243; _module_preset=\u00bbdefault\u00bb global_colors_info=\u00bb{}\u00bb][et_pb_button button_url=\u00bb@ET-DC@eyJkeW5hbWljIjp0cnVlLCJjb250ZW50IjoicG9zdF9saW5rX3VybF9wYWdlIiwic2V0dGluZ3MiOnsicG9zdF9pZCI6IjMwMyIsImVuYWJsZV9odG1sIjoib2ZmIn19@\u00bb button_text=\u00bbplantas acompa\u00f1antes\u00bb button_alignment=\u00bbcenter\u00bb _builder_version=\u00bb4.23.1&#8243; _dynamic_attributes=\u00bbbutton_url\u00bb _module_preset=\u00bbdefault\u00bb custom_button=\u00bbon\u00bb button_text_size=\u00bb16px\u00bb button_text_color=\u00bb#000000&#8243; button_bg_color=\u00bb#FFFFFF\u00bb button_border_color=\u00bbRGBA(255,255,255,0)\u00bb button_font=\u00bbRoboto|700||on|||||\u00bb global_colors_info=\u00bb{}\u00bb][\/et_pb_button][\/et_pb_column][et_pb_column type=\u00bb1_5&#8243; _builder_version=\u00bb4.23.1&#8243; _module_preset=\u00bbdefault\u00bb global_colors_info=\u00bb{}\u00bb][et_pb_button button_url=\u00bb@ET-DC@eyJkeW5hbWljIjp0cnVlLCJjb250ZW50IjoicG9zdF9saW5rX3VybF9wYWdlIiwic2V0dGluZ3MiOnsicG9zdF9pZCI6IjE5IiwiZW5hYmxlX2h0bWwiOiJvZmYifX0=@\u00bb button_text=\u00bbin\u00f3culo esporal\u00bb button_alignment=\u00bbcenter\u00bb _builder_version=\u00bb4.23.1&#8243; _dynamic_attributes=\u00bbbutton_url\u00bb _module_preset=\u00bbdefault\u00bb custom_button=\u00bbon\u00bb button_text_size=\u00bb16px\u00bb button_text_color=\u00bb#000000&#8243; button_bg_color=\u00bb#FFFFFF\u00bb button_border_color=\u00bbRGBA(255,255,255,0)\u00bb button_font=\u00bbRoboto|700||on|||||\u00bb global_colors_info=\u00bb{}\u00bb][\/et_pb_button][\/et_pb_column][et_pb_column type=\u00bb1_5&#8243; _builder_version=\u00bb4.23.1&#8243; _module_preset=\u00bbdefault\u00bb global_colors_info=\u00bb{}\u00bb][et_pb_button button_url=\u00bb@ET-DC@eyJkeW5hbWljIjp0cnVlLCJjb250ZW50IjoicG9zdF9saW5rX3VybF9wYWdlIiwic2V0dGluZ3MiOnsicG9zdF9pZCI6IjMxMCIsImVuYWJsZV9odG1sIjoib2ZmIn19@\u00bb button_text=\u00bbTRAMPAS LEIODES\u00bb button_alignment=\u00bbcenter\u00bb _builder_version=\u00bb4.23.1&#8243; _dynamic_attributes=\u00bbbutton_url\u00bb _module_preset=\u00bbdefault\u00bb custom_button=\u00bbon\u00bb button_text_size=\u00bb16px\u00bb button_text_color=\u00bb#000000&#8243; button_bg_color=\u00bb#FFFFFF\u00bb button_border_color=\u00bbRGBA(255,255,255,0)\u00bb button_font=\u00bbRoboto|700||on|||||\u00bb global_colors_info=\u00bb{}\u00bb][\/et_pb_button][\/et_pb_column][et_pb_column type=\u00bb1_5&#8243; _builder_version=\u00bb4.23.1&#8243; _module_preset=\u00bbdefault\u00bb global_colors_info=\u00bb{}\u00bb][et_pb_button button_url=\u00bb@ET-DC@eyJkeW5hbWljIjp0cnVlLCJjb250ZW50IjoicG9zdF9saW5rX3VybF9wYWdlIiwic2V0dGluZ3MiOnsicG9zdF9pZCI6IjE1IiwiZW5hYmxlX2h0bWwiOiJvZmYifX0=@\u00bb button_text=\u00bbpor qu\u00e9 cultivar la trufa\u00bb button_alignment=\u00bbcenter\u00bb _builder_version=\u00bb4.23.1&#8243; _dynamic_attributes=\u00bbbutton_url\u00bb _module_preset=\u00bbdefault\u00bb custom_button=\u00bbon\u00bb button_text_size=\u00bb16px\u00bb button_text_color=\u00bb#000000&#8243; button_bg_color=\u00bb#FFFFFF\u00bb button_border_color=\u00bbRGBA(255,255,255,0)\u00bb button_font=\u00bbRoboto|700||on|||||\u00bb global_colors_info=\u00bb{}\u00bb][\/et_pb_button][\/et_pb_column][\/et_pb_row][\/et_pb_section][et_pb_section fb_built=\u00bb1&#8243; fullwidth=\u00bbon\u00bb admin_label=\u00bbHero Section\u00bb _builder_version=\u00bb4.23.1&#8243; background_color=\u00bb#233b4e\u00bb parallax=\u00bbon\u00bb custom_padding=\u00bb0px|0px|0px|0px\u00bb global_colors_info=\u00bb{}\u00bb][et_pb_fullwidth_header title=\u00bbplantas truferas &amp; co.\u00bb header_fullscreen=\u00bbon\u00bb button_one_text=\u00bbdescubre nuestras propuestas\u00bb button_one_url=\u00bbhttps:\/\/www.rotorscio37.it\/es\/plantas-micorrizadas\/\u00bb background_overlay_color=\u00bbrgba(29,38,51,0.86)\u00bb content_max_width=\u00bb700px\u00bb admin_label=\u00bbHero\u00bb _builder_version=\u00bb4.27.5&#8243; title_font=\u00bbOswald|on||on|\u00bb title_font_size=\u00bb63px\u00bb title_line_height=\u00bb1.3em\u00bb content_font=\u00bbRoboto||||\u00bb content_font_size=\u00bb20px\u00bb background_color=\u00bbrgba(255, 255, 255, 0)\u00bb background_image=\u00bbhttps:\/\/www.rotorscio37.it\/wp-content\/uploads\/2023\/12\/piante_tartufigine.jpg\u00bb parallax=\u00bbon\u00bb parallax_method=\u00bbon\u00bb custom_button_one=\u00bbon\u00bb button_one_text_size=\u00bb12px\u00bb button_one_border_radius=\u00bb0px\u00bb button_one_letter_spacing=\u00bb4px\u00bb button_one_font=\u00bbOswald|on||on|\u00bb button_one_icon=\u00bb&#x24;||divi||400&#8243; button_one_icon_color=\u00bb#ffffff\u00bb animation_style=\u00bbzoom\u00bb animation_direction=\u00bbbottom\u00bb animation_intensity_zoom=\u00bb4%\u00bb button_one_text_color_hover=\u00bb#ffffff\u00bb button_one_border_color_hover=\u00bb#ffffff\u00bb button_one_border_radius_hover=\u00bb0px\u00bb button_one_letter_spacing_hover=\u00bb4px\u00bb button_one_bg_color_hover=\u00bbrgba(0,0,0,0)\u00bb global_colors_info=\u00bb{}\u00bb button_one_text_size__hover_enabled=\u00bboff\u00bb button_two_text_size__hover_enabled=\u00bboff\u00bb button_one_text_color__hover_enabled=\u00bbon\u00bb button_one_text_color__hover=\u00bb#ffffff\u00bb button_two_text_color__hover_enabled=\u00bboff\u00bb button_one_border_width__hover_enabled=\u00bboff\u00bb button_two_border_width__hover_enabled=\u00bboff\u00bb button_one_border_color__hover_enabled=\u00bbon\u00bb button_one_border_color__hover=\u00bb#ffffff\u00bb button_two_border_color__hover_enabled=\u00bboff\u00bb button_one_border_radius__hover_enabled=\u00bbon\u00bb button_one_border_radius__hover=\u00bb0px\u00bb button_two_border_radius__hover_enabled=\u00bboff\u00bb button_one_letter_spacing__hover_enabled=\u00bbon\u00bb button_one_letter_spacing__hover=\u00bb4px\u00bb button_two_letter_spacing__hover_enabled=\u00bboff\u00bb button_one_bg_color__hover_enabled=\u00bbon\u00bb button_one_bg_color__hover=\u00bbrgba(0,0,0,0)\u00bb button_two_bg_color__hover_enabled=\u00bboff\u00bb]<\/p>\n<h2>Soluciones innovadoras para la truficultura.<\/h2>\n<p>[\/et_pb_fullwidth_header][\/et_pb_section][et_pb_section fb_built=\u00bb1&#8243; _builder_version=\u00bb4.16&#8243; custom_padding=\u00bb110px||110px|\u00bb global_colors_info=\u00bb{}\u00bb][et_pb_row column_structure=\u00bb1_2,1_2&#8243; _builder_version=\u00bb4.16&#8243; global_colors_info=\u00bb{}\u00bb][et_pb_column type=\u00bb1_2&#8243; _builder_version=\u00bb4.16&#8243; custom_padding=\u00bb|||\u00bb global_colors_info=\u00bb{}\u00bb custom_padding__hover=\u00bb|||\u00bb][et_pb_text admin_label=\u00bbDiscover Beatuty Title\u00bb _builder_version=\u00bb4.27.5&#8243; text_font=\u00bb||||\u00bb text_text_color=\u00bb#1a1a1a\u00bb text_font_size=\u00bb10px\u00bb header_font=\u00bbOswald|on||on|\u00bb header_text_align=\u00bbleft\u00bb header_font_size=\u00bb49px\u00bb header_line_height=\u00bb1.3em\u00bb animation_style=\u00bbslide\u00bb animation_direction=\u00bbtop\u00bb animation_intensity_slide=\u00bb10%\u00bb global_colors_info=\u00bb{}\u00bb]<\/p>\n<h1>Truferas \u00aba medida\u00bb, plantas micorrizadas certificadas y respeto por el medio ambiente<\/h1>\n<p>[\/et_pb_text][et_pb_divider color=\u00bb#ed4441&#8243; divider_position=\u00bbcenter\u00bb divider_weight=\u00bb3px\u00bb disabled_on=\u00bboff|off|off\u00bb _builder_version=\u00bb4.16&#8243; max_width=\u00bb150px\u00bb height=\u00bbfalse\u00bb animation_style=\u00bbslide\u00bb animation_direction=\u00bbtop\u00bb animation_delay=\u00bb100ms\u00bb animation_intensity_slide=\u00bb10%\u00bb global_colors_info=\u00bb{}\u00bb][\/et_pb_divider][\/et_pb_column][et_pb_column type=\u00bb1_2&#8243; _builder_version=\u00bb4.16&#8243; custom_padding=\u00bb|||\u00bb global_colors_info=\u00bb{}\u00bb custom_padding__hover=\u00bb|||\u00bb][et_pb_text admin_label=\u00bbDiscover Beatuty Text\u00bb _builder_version=\u00bb4.27.5&#8243; text_font=\u00bbRoboto||||\u00bb text_font_size=\u00bb16px\u00bb text_line_height=\u00bb1.9em\u00bb custom_padding=\u00bb30px|||\u00bb animation_style=\u00bbslide\u00bb animation_direction=\u00bbtop\u00bb animation_delay=\u00bb200ms\u00bb animation_intensity_slide=\u00bb10%\u00bb hover_enabled=\u00bb0&#8243; global_colors_info=\u00bb{}\u00bb sticky_enabled=\u00bb0&#8243;]<\/p>\n<p style=\"text-align: justify;\">Nuestro proyecto <a href=\"https:\/\/www.rotorscio37.it\/wp-content\/uploads\/2023\/12\/Truffle-Garden-Catalogo-2023_compressed.pdf\"><strong>Truffle Garden<\/strong><\/a>, sencillo y eficaz, permite crear truferas productivas, caracterizadas por una incre\u00edble biodiversidad que enriquece el terreno, reduce el consumo de agua y favorece un crecimiento exponencial del micelio de la trufa.<\/p>\n<p style=\"text-align: justify;\">Las <b>plantas truferas y micorrizadas<\/b> son el coraz\u00f3n de cualquier proyecto de <i>truficultura de \u00e9xito<\/i>; por este motivo, desde hace muchos a\u00f1os estudiamos y experimentamos el uso de <a href=\"https:\/\/www.rotorscio37.it\/es\/plantas-acompanantes\/\">plantas acompa\u00f1antes<\/a> adecuadas para la mejora productiva de las truferas. La creaci\u00f3n de biodiversidad, que favorece el desarrollo del micelio, ofrece soluciones sostenibles y un uso agron\u00f3mico equilibrado de los terrenos. <o:p><\/o:p><\/p>\n<p>&nbsp;<\/p>\n<h3 style=\"text-align: justify;\"><strong>NUESTROS PUNTOS CLAVE<\/strong><\/h3>\n<h3 style=\"text-align: justify;\"><em><strong>Biodiversidad<\/strong><\/em>: crear biodiversidad en la trufera mejora la producci\u00f3n y enriquece el terreno.<\/h3>\n<h3 style=\"text-align: justify;\"><em><strong>Fauna<\/strong><\/em>: las soluciones \u00abTruffle Garden\u00bb son perfectas para atraer a la trufera a peque\u00f1os animales, muy \u00fatiles para las plantas y la trufa.<\/h3>\n<h3 style=\"text-align: justify;\"><em><strong>Medio ambiente<\/strong><\/em>: un enfoque natural y eficaz para cultivar trufas de forma respetuosa con el medio ambiente.<\/h3>\n<h3 style=\"text-align: justify;\"><em><strong>Productividad<\/strong><\/em>: nuestros estudios han demostrado que la inclusi\u00f3n equilibrada de diferentes especies favorece el desarrollo y la propagaci\u00f3n del micelio de la trufa, aumentando y mejorando la productividad tanto en nuevas plantaciones como en las ya existentes.<\/h3>\n<p>[\/et_pb_text][\/et_pb_column][\/et_pb_row][\/et_pb_section][et_pb_section fb_built=\u00bb1&#8243; _builder_version=\u00bb4.16&#8243; background_color=\u00bb#f4f4f4&#8243; custom_padding=\u00bb110px||110px|\u00bb global_colors_info=\u00bb{}\u00bb][et_pb_row column_structure=\u00bb1_2,1_2&#8243; _builder_version=\u00bb4.16&#8243; global_colors_info=\u00bb{}\u00bb][et_pb_column type=\u00bb1_2&#8243; _builder_version=\u00bb4.16&#8243; custom_padding=\u00bb|||\u00bb global_colors_info=\u00bb{}\u00bb custom_padding__hover=\u00bb|||\u00bb][et_pb_text admin_label=\u00bbTop Destination Title\u00bb _builder_version=\u00bb4.27.5&#8243; text_font=\u00bb||||\u00bb text_text_color=\u00bb#1a1a1a\u00bb header_font=\u00bbOswald|on||on|\u00bb header_text_align=\u00bbleft\u00bb header_font_size=\u00bb58px\u00bb header_line_height=\u00bb1.3em\u00bb custom_margin=\u00bb|||\u00bb custom_padding=\u00bb|||\u00bb animation_style=\u00bbslide\u00bb animation_direction=\u00bbtop\u00bb animation_intensity_slide=\u00bb10%\u00bb locked=\u00bboff\u00bb global_colors_info=\u00bb{}\u00bb]<\/p>\n<h1>innovaci\u00f3n y calidad para truferas de \u00e9xito<\/h1>\n<p>[\/et_pb_text][et_pb_divider color=\u00bb#ed4441&#8243; divider_position=\u00bbcenter\u00bb divider_weight=\u00bb3px\u00bb disabled_on=\u00bboff|off|off\u00bb _builder_version=\u00bb4.16&#8243; max_width=\u00bb150px\u00bb height=\u00bbfalse\u00bb animation_style=\u00bbslide\u00bb animation_direction=\u00bbtop\u00bb animation_delay=\u00bb100ms\u00bb animation_intensity_slide=\u00bb10%\u00bb locked=\u00bboff\u00bb global_colors_info=\u00bb{}\u00bb][\/et_pb_divider][\/et_pb_column][et_pb_column type=\u00bb1_2&#8243; _builder_version=\u00bb4.16&#8243; custom_padding=\u00bb|||\u00bb global_colors_info=\u00bb{}\u00bb custom_padding__hover=\u00bb|||\u00bb][et_pb_text admin_label=\u00bbTop Destination Text\u00bb _builder_version=\u00bb4.27.5&#8243; text_font=\u00bbRoboto||||\u00bb text_font_size=\u00bb16px\u00bb text_line_height=\u00bb1.9em\u00bb custom_padding=\u00bb||60px|\u00bb animation_style=\u00bbslide\u00bb animation_direction=\u00bbtop\u00bb animation_intensity_slide=\u00bb4%\u00bb locked=\u00bboff\u00bb global_colors_info=\u00bb{}\u00bb]<\/p>\n<p style=\"text-align: justify;\">Rotorscio37 ofrece una <strong>gama completa de plantas micorrizadas y truferas<\/strong>, junto con productos y soluciones de cultivo dise\u00f1ados para mejorar el rendimiento de las truferas.<\/p>\n<p style=\"text-align: justify;\"><strong>Tipos de productos disponibles:<\/strong><\/p>\n<ul style=\"text-align: justify;\">\n<li><a href=\"https:\/\/www.rotorscio37.it\/es\/plantas-micorrizadas\/\"><strong>Plantas truferas micorrizadas<\/strong><\/a> con in\u00f3culo de trufa negra y trufa de verano.<\/li>\n<li><a href=\"https:\/\/www.rotorscio37.it\/es\/inoculo-esporal\/\"><strong>In\u00f3culos y materiales micorrizantes<\/strong><\/a> para proyectos espec\u00edficos.<\/li>\n<li><a href=\"https:\/\/www.rotorscio37.it\/shop-prodotti-tartufaie\/\"><strong>Tratamientos intensivos<\/strong><\/a> y de mejora.<\/li>\n<li><a href=\"https:\/\/www.rotorscio37.it\/es\/trampas-leiodes\/\"><strong>Accesorios y materiales<\/strong><\/a> para la gesti\u00f3n de las plantaciones.<\/li>\n<\/ul>\n<p style=\"text-align: justify;\">Nuestras plantas se seleccionan cuidadosamente para garantizar la<strong> compatibilidad con diferentes entornos y, gracias a nuestra experiencia, podemos guiarte en la mejor elecci\u00f3n para tu terreno.<\/strong><\/p>\n<h2><\/h2>\n<h2><\/h2>\n<h2 style=\"text-align: justify;\"><em>\u00bfTienes preguntas sobre las plantas micorrizadas o est\u00e1s pensando en poner en marcha una trufera?<\/em><\/h2>\n<p style=\"text-align: justify;\"><a href=\"https:\/\/www.rotorscio37.it\/es\/contacto\/\">Cont\u00e1ctanos<\/a>, podemos ofrecerte <strong>asesoramiento experto para elegir, comprar y utilizar las mejores plantas truferas<\/strong>, apoy\u00e1ndote en cada fase, desde la selecci\u00f3n hasta la gesti\u00f3n t\u00e9cnica.<\/p>\n<p>[\/et_pb_text][\/et_pb_column][\/et_pb_row][\/et_pb_section]<\/p>\n","protected":false},"excerpt":{"rendered":"<p>Soluciones innovadoras para la truficultura.Truferas \u00aba medida\u00bb, plantas micorrizadas certificadas y respeto por el medio ambienteNuestro proyecto Truffle Garden, sencillo y eficaz, permite crear truferas productivas, caracterizadas por una incre\u00edble biodiversidad que enriquece el terreno, reduce el consumo de agua y favorece un crecimiento exponencial del micelio de la trufa. Las plantas truferas y micorrizadas [&hellip;]<\/p>\n","protected":false},"author":1,"featured_media":0,"parent":0,"menu_order":0,"comment_status":"closed","ping_status":"closed","template":"","meta":{"_et_pb_use_builder":"on","_et_pb_old_content":"","_et_gb_content_width":"","_joinchat":[],"footnotes":""},"class_list":["post-1135","page","type-page","status-publish","hentry"],"yoast_head":"<!-- This site is optimized with the Yoast SEO plugin v27.2 - https:\/\/yoast.com\/product\/yoast-seo-wordpress\/ -->\n<title>Plantas truferas &amp; co. - Rotorscio 37<\/title>\n<meta name=\"description\" content=\"Plantas truferas y micorrizadas de calidad, soluciones innovadoras, asesoramiento t\u00e9cnico y apoyo completo para tu trufera.\" \/>\n<meta name=\"robots\" content=\"index, follow, max-snippet:-1, max-image-preview:large, max-video-preview:-1\" \/>\n<link rel=\"canonical\" href=\"https:\/\/www.rotorscio37.it\/es\/plantas-truferas-co\/\" \/>\n<meta property=\"og:locale\" content=\"es_ES\" \/>\n<meta property=\"og:type\" content=\"article\" \/>\n<meta property=\"og:title\" content=\"Plantas truferas &amp; co. - Rotorscio 37\" \/>\n<meta property=\"og:description\" content=\"Plantas truferas y micorrizadas de calidad, soluciones innovadoras, asesoramiento t\u00e9cnico y apoyo completo para tu trufera.\" \/>\n<meta property=\"og:url\" content=\"https:\/\/www.rotorscio37.it\/es\/plantas-truferas-co\/\" \/>\n<meta property=\"og:site_name\" content=\"Rotorscio 37\" \/>\n<meta property=\"article:modified_time\" content=\"2026-02-16T15:48:16+00:00\" \/>\n<meta name=\"twitter:card\" content=\"summary_large_image\" \/>\n<meta name=\"twitter:label1\" content=\"Tiempo de lectura\" \/>\n\t<meta name=\"twitter:data1\" content=\"8 minutos\" \/>\n<script type=\"application\/ld+json\" class=\"yoast-schema-graph\">{\"@context\":\"https:\/\/schema.org\",\"@graph\":[{\"@type\":\"WebPage\",\"@id\":\"https:\/\/www.rotorscio37.it\/es\/plantas-truferas-co\/\",\"url\":\"https:\/\/www.rotorscio37.it\/es\/plantas-truferas-co\/\",\"name\":\"Plantas truferas &amp; co. - Rotorscio 37\",\"isPartOf\":{\"@id\":\"https:\/\/www.rotorscio37.it\/es\/#website\"},\"datePublished\":\"2025-12-29T14:51:38+00:00\",\"dateModified\":\"2026-02-16T15:48:16+00:00\",\"description\":\"Plantas truferas y micorrizadas de calidad, soluciones innovadoras, asesoramiento t\u00e9cnico y apoyo completo para tu trufera.\",\"breadcrumb\":{\"@id\":\"https:\/\/www.rotorscio37.it\/es\/plantas-truferas-co\/#breadcrumb\"},\"inLanguage\":\"es\",\"potentialAction\":[{\"@type\":\"ReadAction\",\"target\":[\"https:\/\/www.rotorscio37.it\/es\/plantas-truferas-co\/\"]}]},{\"@type\":\"BreadcrumbList\",\"@id\":\"https:\/\/www.rotorscio37.it\/es\/plantas-truferas-co\/#breadcrumb\",\"itemListElement\":[{\"@type\":\"ListItem\",\"position\":1,\"name\":\"Home\",\"item\":\"https:\/\/www.rotorscio37.it\/es\/inicio\/\"},{\"@type\":\"ListItem\",\"position\":2,\"name\":\"Plantas truferas &amp; co.\"}]},{\"@type\":\"WebSite\",\"@id\":\"https:\/\/www.rotorscio37.it\/es\/#website\",\"url\":\"https:\/\/www.rotorscio37.it\/es\/\",\"name\":\"Rotorscio 37\",\"description\":\"Tartufaie-consulenza e progettazione\",\"potentialAction\":[{\"@type\":\"SearchAction\",\"target\":{\"@type\":\"EntryPoint\",\"urlTemplate\":\"https:\/\/www.rotorscio37.it\/es\/?s={search_term_string}\"},\"query-input\":{\"@type\":\"PropertyValueSpecification\",\"valueRequired\":true,\"valueName\":\"search_term_string\"}}],\"inLanguage\":\"es\"}]}<\/script>\n<!-- \/ Yoast SEO plugin. -->","yoast_head_json":{"title":"Plantas truferas &amp; co. - Rotorscio 37","description":"Plantas truferas y micorrizadas de calidad, soluciones innovadoras, asesoramiento t\u00e9cnico y apoyo completo para tu trufera.","robots":{"index":"index","follow":"follow","max-snippet":"max-snippet:-1","max-image-preview":"max-image-preview:large","max-video-preview":"max-video-preview:-1"},"canonical":"https:\/\/www.rotorscio37.it\/es\/plantas-truferas-co\/","og_locale":"es_ES","og_type":"article","og_title":"Plantas truferas &amp; co. - Rotorscio 37","og_description":"Plantas truferas y micorrizadas de calidad, soluciones innovadoras, asesoramiento t\u00e9cnico y apoyo completo para tu trufera.","og_url":"https:\/\/www.rotorscio37.it\/es\/plantas-truferas-co\/","og_site_name":"Rotorscio 37","article_modified_time":"2026-02-16T15:48:16+00:00","twitter_card":"summary_large_image","twitter_misc":{"Tiempo de lectura":"8 minutos"},"schema":{"@context":"https:\/\/schema.org","@graph":[{"@type":"WebPage","@id":"https:\/\/www.rotorscio37.it\/es\/plantas-truferas-co\/","url":"https:\/\/www.rotorscio37.it\/es\/plantas-truferas-co\/","name":"Plantas truferas &amp; co. - Rotorscio 37","isPartOf":{"@id":"https:\/\/www.rotorscio37.it\/es\/#website"},"datePublished":"2025-12-29T14:51:38+00:00","dateModified":"2026-02-16T15:48:16+00:00","description":"Plantas truferas y micorrizadas de calidad, soluciones innovadoras, asesoramiento t\u00e9cnico y apoyo completo para tu trufera.","breadcrumb":{"@id":"https:\/\/www.rotorscio37.it\/es\/plantas-truferas-co\/#breadcrumb"},"inLanguage":"es","potentialAction":[{"@type":"ReadAction","target":["https:\/\/www.rotorscio37.it\/es\/plantas-truferas-co\/"]}]},{"@type":"BreadcrumbList","@id":"https:\/\/www.rotorscio37.it\/es\/plantas-truferas-co\/#breadcrumb","itemListElement":[{"@type":"ListItem","position":1,"name":"Home","item":"https:\/\/www.rotorscio37.it\/es\/inicio\/"},{"@type":"ListItem","position":2,"name":"Plantas truferas &amp; co."}]},{"@type":"WebSite","@id":"https:\/\/www.rotorscio37.it\/es\/#website","url":"https:\/\/www.rotorscio37.it\/es\/","name":"Rotorscio 37","description":"Tartufaie-consulenza e progettazione","potentialAction":[{"@type":"SearchAction","target":{"@type":"EntryPoint","urlTemplate":"https:\/\/www.rotorscio37.it\/es\/?s={search_term_string}"},"query-input":{"@type":"PropertyValueSpecification","valueRequired":true,"valueName":"search_term_string"}}],"inLanguage":"es"}]}},"_links":{"self":[{"href":"https:\/\/www.rotorscio37.it\/es\/wp-json\/wp\/v2\/pages\/1135","targetHints":{"allow":["GET"]}}],"collection":[{"href":"https:\/\/www.rotorscio37.it\/es\/wp-json\/wp\/v2\/pages"}],"about":[{"href":"https:\/\/www.rotorscio37.it\/es\/wp-json\/wp\/v2\/types\/page"}],"author":[{"embeddable":true,"href":"https:\/\/www.rotorscio37.it\/es\/wp-json\/wp\/v2\/users\/1"}],"replies":[{"embeddable":true,"href":"https:\/\/www.rotorscio37.it\/es\/wp-json\/wp\/v2\/comments?post=1135"}],"version-history":[{"count":2,"href":"https:\/\/www.rotorscio37.it\/es\/wp-json\/wp\/v2\/pages\/1135\/revisions"}],"predecessor-version":[{"id":1137,"href":"https:\/\/www.rotorscio37.it\/es\/wp-json\/wp\/v2\/pages\/1135\/revisions\/1137"}],"wp:attachment":[{"href":"https:\/\/www.rotorscio37.it\/es\/wp-json\/wp\/v2\/media?parent=1135"}],"curies":[{"name":"wp","href":"https:\/\/api.w.org\/{rel}","templated":true}]}}