{"id":1148,"date":"2023-12-01T11:14:36","date_gmt":"2023-12-01T11:14:36","guid":{"rendered":"https:\/\/www.rotorscio37.it\/politica-de-privacidad\/"},"modified":"2023-12-01T11:14:36","modified_gmt":"2023-12-01T11:14:36","slug":"politica-de-privacidad","status":"publish","type":"page","link":"https:\/\/www.rotorscio37.it\/es\/politica-de-privacidad\/","title":{"rendered":"Pol\u00edtica de privacidad"},"content":{"rendered":"<h2 class=\"wp-block-heading\">Qui\u00e9nes somos<\/h2>\n<p>La direcci\u00f3n de nuestro sitio web es: https:\/\/rotorscio37.it<\/p>\n<div id=\"footer-info\">Sette2 srls Serra San Quirico (AN) IT02869890422<\/div>\n<p>&nbsp;<\/p>\n<h2 class=\"wp-block-heading\">Comentarios<\/h2>\n<p>Cuando los visitantes dejan comentarios en la web, recopilamos los datos que se muestran en el formulario de comentarios, as\u00ed como la direcci\u00f3n IP del visitante y la cadena de agentes de usuario del navegador para ayudar a la detecci\u00f3n de spam.<\/p>\n<p>Una cadena an\u00f3nima creada a partir de tu direcci\u00f3n de correo electr\u00f3nico (tambi\u00e9n llamada hash) puede ser proporcionada al servicio Gravatar para ver si lo est\u00e1s usando. La pol\u00edtica de privacidad del servicio Gravatar est\u00e1 disponible aqu\u00ed: https:\/\/automattic.com\/privacy\/. Despu\u00e9s de la aprobaci\u00f3n de tu comentario, la imagen de tu perfil es visible para el p\u00fablico en el contexto de tu comentario. <\/p>\n<p>&nbsp;<\/p>\n<h2 class=\"wp-block-heading\">Medios<\/h2>\n<p>Si subes im\u00e1genes a la web, deber\u00edas evitar subir im\u00e1genes que incluyan datos de ubicaci\u00f3n incorporados (GPS EXIF). Los visitantes de la web pueden descargar y extraer cualquier dato de ubicaci\u00f3n de las im\u00e1genes de la web. <\/p>\n<p>&nbsp;<\/p>\n<h2 class=\"wp-block-heading\">Cookies<\/h2>\n<p>Si dejas un comentario en nuestro sitio, puedes elegir guardar tu nombre, direcci\u00f3n de correo electr\u00f3nico y web en las cookies. Esto es para tu comodidad, para que no tengas que volver a rellenar tus datos cuando dejes otro comentario. Estas cookies durar\u00e1n un a\u00f1o.  <\/p>\n<p>Si visitas la p\u00e1gina de inicio de sesi\u00f3n, se instalar\u00e1 una cookie temporal para determinar si tu navegador acepta cookies. Esta cookie no contiene datos personales y se elimina al cerrar el navegador. <\/p>\n<p>Cuando inicias sesi\u00f3n, se instalar\u00e1n varias cookies para guardar tu informaci\u00f3n de acceso y tus opciones de visualizaci\u00f3n de pantalla. Las cookies de inicio de sesi\u00f3n duran dos d\u00edas y las cookies de opciones de pantalla duran un a\u00f1o. Si seleccionas \u201cRecordarme\u201d, tu acceso perdurar\u00e1 durante dos semanas. Si cierras sesi\u00f3n en tu cuenta, las cookies de inicio de sesi\u00f3n se eliminar\u00e1n.   <\/p>\n<p>Si editas o publicas un art\u00edculo, se guardar\u00e1 una cookie adicional en tu navegador. Esta cookie no incluye datos personales, simplemente indica el ID del art\u00edculo que acabas de editar. Caduca despu\u00e9s de 1 d\u00eda.  <\/p>\n<p>&nbsp;<\/p>\n<h2 class=\"wp-block-heading\">Contenido incrustado de otros sitios web<\/h2>\n<p>Los art\u00edculos de este sitio pueden incluir contenido incrustado (por ejemplo, v\u00eddeos, im\u00e1genes, art\u00edculos, etc.). El contenido incrustado de otras webs se comporta exactamente de la misma manera que si el visitante hubiera visitado la otra web. <\/p>\n<p>Estos sitios web pueden recopilar datos sobre ti, utilizar cookies, incrustar un seguimiento adicional de terceros y supervisar tu interacci\u00f3n con ese contenido incrustado, incluido el seguimiento de tu interacci\u00f3n con el contenido incrustado si tienes una cuenta y est\u00e1s conectado a esa web.<\/p>\n<p>&nbsp;<\/p>\n<h2 class=\"wp-block-heading\">Con qui\u00e9n compartimos tus datos<\/h2>\n<p>Si solicitas un restablecimiento de contrase\u00f1a, tu direcci\u00f3n IP se incluir\u00e1 en el correo electr\u00f3nico de restablecimiento.<\/p>\n<p>&nbsp;<\/p>\n<h2 class=\"wp-block-heading\">Cu\u00e1nto tiempo conservamos tus datos<\/h2>\n<p>Si dejas un comentario, el comentario y sus metadatos se conservan indefinidamente. Esto es para que podamos reconocer y aprobar autom\u00e1ticamente cualquier comentario posterior en lugar de mantenerlos en una cola de moderaci\u00f3n. <\/p>\n<p>Para los usuarios que se registran en nuestra web (si los hay), tambi\u00e9n almacenamos la informaci\u00f3n personal que proporcionan en su perfil de usuario. Todos los usuarios pueden ver, editar o eliminar su informaci\u00f3n personal en cualquier momento (excepto su nombre de usuario, que no pueden cambiar). Los administradores de la web tambi\u00e9n pueden ver y editar esa informaci\u00f3n.  <\/p>\n<p>&nbsp;<\/p>\n<h2 class=\"wp-block-heading\">Qu\u00e9 derechos tienes sobre tus datos<\/h2>\n<p>Si tienes una cuenta en esta web o has dejado comentarios, puedes solicitar recibir un archivo de exportaci\u00f3n de los datos personales que tenemos sobre ti, incluyendo cualquier dato que nos hayas proporcionado. Tambi\u00e9n puedes solicitar que eliminemos cualquier dato personal que tengamos sobre ti. Esto no incluye ning\u00fan dato que estemos obligados a conservar con fines administrativos, legales o de seguridad.  <\/p>\n<p>&nbsp;<\/p>\n<h2 class=\"wp-block-heading\">D\u00f3nde se env\u00edan tus datos<\/h2>\n<p>Los comentarios de los visitantes puede que los revise un servicio de detecci\u00f3n autom\u00e1tica de spam.<\/p>\n","protected":false},"excerpt":{"rendered":"<p>Qui\u00e9nes somos La direcci\u00f3n de nuestro sitio web es: https:\/\/rotorscio37.it Sette2 srls Serra San Quirico (AN) IT02869890422 &nbsp; Comentarios Cuando los visitantes dejan comentarios en la web, recopilamos los datos que se muestran en el formulario de comentarios, as\u00ed como la direcci\u00f3n IP del visitante y la cadena de agentes de usuario del navegador para [&hellip;]<\/p>\n","protected":false},"author":1,"featured_media":0,"parent":0,"menu_order":0,"comment_status":"closed","ping_status":"open","template":"","meta":{"_et_pb_use_builder":"","_et_pb_old_content":"","_et_gb_content_width":"","_joinchat":[],"footnotes":""},"class_list":["post-1148","page","type-page","status-publish","hentry"],"yoast_head":"<!-- This site is optimized with the Yoast SEO plugin v27.2 - https:\/\/yoast.com\/product\/yoast-seo-wordpress\/ -->\n<title>Pol\u00edtica de privacidad - Rotorscio 37<\/title>\n<meta name=\"robots\" content=\"index, follow, max-snippet:-1, max-image-preview:large, max-video-preview:-1\" \/>\n<link rel=\"canonical\" href=\"https:\/\/www.rotorscio37.it\/es\/politica-de-privacidad\/\" \/>\n<meta property=\"og:locale\" content=\"es_ES\" \/>\n<meta property=\"og:type\" content=\"article\" \/>\n<meta property=\"og:title\" content=\"Pol\u00edtica de privacidad - Rotorscio 37\" \/>\n<meta property=\"og:description\" content=\"Qui\u00e9nes somos La direcci\u00f3n de nuestro sitio web es: https:\/\/rotorscio37.it Sette2 srls Serra San Quirico (AN) IT02869890422 &nbsp; Comentarios Cuando los visitantes dejan comentarios en la web, recopilamos los datos que se muestran en el formulario de comentarios, as\u00ed como la direcci\u00f3n IP del visitante y la cadena de agentes de usuario del navegador para [&hellip;]\" \/>\n<meta property=\"og:url\" content=\"https:\/\/www.rotorscio37.it\/es\/politica-de-privacidad\/\" \/>\n<meta property=\"og:site_name\" content=\"Rotorscio 37\" \/>\n<meta name=\"twitter:card\" content=\"summary_large_image\" \/>\n<meta name=\"twitter:label1\" content=\"Tiempo de lectura\" \/>\n\t<meta name=\"twitter:data1\" content=\"4 minutos\" \/>\n<script type=\"application\/ld+json\" class=\"yoast-schema-graph\">{\"@context\":\"https:\/\/schema.org\",\"@graph\":[{\"@type\":\"WebPage\",\"@id\":\"https:\/\/www.rotorscio37.it\/es\/politica-de-privacidad\/\",\"url\":\"https:\/\/www.rotorscio37.it\/es\/politica-de-privacidad\/\",\"name\":\"Pol\u00edtica de privacidad - Rotorscio 37\",\"isPartOf\":{\"@id\":\"https:\/\/www.rotorscio37.it\/es\/#website\"},\"datePublished\":\"2023-12-01T11:14:36+00:00\",\"breadcrumb\":{\"@id\":\"https:\/\/www.rotorscio37.it\/es\/politica-de-privacidad\/#breadcrumb\"},\"inLanguage\":\"es\",\"potentialAction\":[{\"@type\":\"ReadAction\",\"target\":[\"https:\/\/www.rotorscio37.it\/es\/politica-de-privacidad\/\"]}]},{\"@type\":\"BreadcrumbList\",\"@id\":\"https:\/\/www.rotorscio37.it\/es\/politica-de-privacidad\/#breadcrumb\",\"itemListElement\":[{\"@type\":\"ListItem\",\"position\":1,\"name\":\"Home\",\"item\":\"https:\/\/www.rotorscio37.it\/es\/inicio\/\"},{\"@type\":\"ListItem\",\"position\":2,\"name\":\"Pol\u00edtica de privacidad\"}]},{\"@type\":\"WebSite\",\"@id\":\"https:\/\/www.rotorscio37.it\/es\/#website\",\"url\":\"https:\/\/www.rotorscio37.it\/es\/\",\"name\":\"Rotorscio 37\",\"description\":\"Tartufaie-consulenza e progettazione\",\"potentialAction\":[{\"@type\":\"SearchAction\",\"target\":{\"@type\":\"EntryPoint\",\"urlTemplate\":\"https:\/\/www.rotorscio37.it\/es\/?s={search_term_string}\"},\"query-input\":{\"@type\":\"PropertyValueSpecification\",\"valueRequired\":true,\"valueName\":\"search_term_string\"}}],\"inLanguage\":\"es\"}]}<\/script>\n<!-- \/ Yoast SEO plugin. -->","yoast_head_json":{"title":"Pol\u00edtica de privacidad - Rotorscio 37","robots":{"index":"index","follow":"follow","max-snippet":"max-snippet:-1","max-image-preview":"max-image-preview:large","max-video-preview":"max-video-preview:-1"},"canonical":"https:\/\/www.rotorscio37.it\/es\/politica-de-privacidad\/","og_locale":"es_ES","og_type":"article","og_title":"Pol\u00edtica de privacidad - Rotorscio 37","og_description":"Qui\u00e9nes somos La direcci\u00f3n de nuestro sitio web es: https:\/\/rotorscio37.it Sette2 srls Serra San Quirico (AN) IT02869890422 &nbsp; Comentarios Cuando los visitantes dejan comentarios en la web, recopilamos los datos que se muestran en el formulario de comentarios, as\u00ed como la direcci\u00f3n IP del visitante y la cadena de agentes de usuario del navegador para [&hellip;]","og_url":"https:\/\/www.rotorscio37.it\/es\/politica-de-privacidad\/","og_site_name":"Rotorscio 37","twitter_card":"summary_large_image","twitter_misc":{"Tiempo de lectura":"4 minutos"},"schema":{"@context":"https:\/\/schema.org","@graph":[{"@type":"WebPage","@id":"https:\/\/www.rotorscio37.it\/es\/politica-de-privacidad\/","url":"https:\/\/www.rotorscio37.it\/es\/politica-de-privacidad\/","name":"Pol\u00edtica de privacidad - Rotorscio 37","isPartOf":{"@id":"https:\/\/www.rotorscio37.it\/es\/#website"},"datePublished":"2023-12-01T11:14:36+00:00","breadcrumb":{"@id":"https:\/\/www.rotorscio37.it\/es\/politica-de-privacidad\/#breadcrumb"},"inLanguage":"es","potentialAction":[{"@type":"ReadAction","target":["https:\/\/www.rotorscio37.it\/es\/politica-de-privacidad\/"]}]},{"@type":"BreadcrumbList","@id":"https:\/\/www.rotorscio37.it\/es\/politica-de-privacidad\/#breadcrumb","itemListElement":[{"@type":"ListItem","position":1,"name":"Home","item":"https:\/\/www.rotorscio37.it\/es\/inicio\/"},{"@type":"ListItem","position":2,"name":"Pol\u00edtica de privacidad"}]},{"@type":"WebSite","@id":"https:\/\/www.rotorscio37.it\/es\/#website","url":"https:\/\/www.rotorscio37.it\/es\/","name":"Rotorscio 37","description":"Tartufaie-consulenza e progettazione","potentialAction":[{"@type":"SearchAction","target":{"@type":"EntryPoint","urlTemplate":"https:\/\/www.rotorscio37.it\/es\/?s={search_term_string}"},"query-input":{"@type":"PropertyValueSpecification","valueRequired":true,"valueName":"search_term_string"}}],"inLanguage":"es"}]}},"_links":{"self":[{"href":"https:\/\/www.rotorscio37.it\/es\/wp-json\/wp\/v2\/pages\/1148","targetHints":{"allow":["GET"]}}],"collection":[{"href":"https:\/\/www.rotorscio37.it\/es\/wp-json\/wp\/v2\/pages"}],"about":[{"href":"https:\/\/www.rotorscio37.it\/es\/wp-json\/wp\/v2\/types\/page"}],"author":[{"embeddable":true,"href":"https:\/\/www.rotorscio37.it\/es\/wp-json\/wp\/v2\/users\/1"}],"replies":[{"embeddable":true,"href":"https:\/\/www.rotorscio37.it\/es\/wp-json\/wp\/v2\/comments?post=1148"}],"version-history":[{"count":0,"href":"https:\/\/www.rotorscio37.it\/es\/wp-json\/wp\/v2\/pages\/1148\/revisions"}],"wp:attachment":[{"href":"https:\/\/www.rotorscio37.it\/es\/wp-json\/wp\/v2\/media?parent=1148"}],"curies":[{"name":"wp","href":"https:\/\/api.w.org\/{rel}","templated":true}]}}